{"id":480,"date":"2024-10-24T06:04:51","date_gmt":"2024-10-24T06:04:51","guid":{"rendered":"https:\/\/klatix.com\/?page_id=480"},"modified":"2024-10-24T06:04:52","modified_gmt":"2024-10-24T06:04:52","slug":"%e6%b3%95%e5%be%8b%e5%a3%b0%e6%98%8e","status":"publish","type":"page","link":"https:\/\/klatix.com\/zh_ms\/aviso-legal\/","title":{"rendered":"\u6cd5\u5f8b\u58f0\u660e"},"content":{"rendered":"<p>\u7f51\u7ad9\u4e0a\u63d0\u4f9b\u7684\u5185\u5bb9 <strong>\u514b\u62c9\u8482\u514b\u65af<\/strong> (<a href=\"https:\/\/klatix.com\/zh_ms\/\">www.klatix.com<\/a>) \u672c\u8d28\u4e0a\u5177\u6709\u4fe1\u606f\u6027\u548c\u6559\u80b2\u6027\uff0c\u4e0d\u5e94\u66ff\u4ee3\u4e13\u4e1a\u5efa\u8bae\u3002\u901a\u8fc7\u8bbf\u95ee\u6216\u4f7f\u7528\u6211\u4eec\u7684\u7f51\u7ad9\uff0c\u60a8\u540c\u610f\u4ee5\u4e0b\u6761\u6b3e\u3002<\/p>\n\n\n\n<h3 class=\"wp-block-heading\">1. <strong>\u514d\u8d23\u58f0\u660e<\/strong><\/h3>\n\n\n\n<p>\u8fd9 <strong>\u514b\u62c9\u8482\u514b\u65af<\/strong> \u529b\u6c42\u63d0\u4f9b\u51c6\u786e\u548c\u6700\u65b0\u7684\u4fe1\u606f\uff0c\u4f46\u4e0d\u4fdd\u8bc1\u5185\u5bb9\u6ca1\u6709\u9519\u8bef\u6216\u5b8c\u6574\u3002\u60a8\u4f7f\u7528\u7f51\u7ad9\u4e0a\u5305\u542b\u7684\u4fe1\u606f\u7684\u98ce\u9669\u7531\u60a8\u81ea\u884c\u627f\u62c5\u3002\u5bf9\u4e8e\u56e0\u4f7f\u7528\u6216\u89e3\u91ca\u6240\u63d0\u4f9b\u7684\u4fe1\u606f\u800c\u9020\u6210\u7684\u4efb\u4f55\u635f\u5bb3\u6216\u635f\u5931\uff0c\u6211\u4eec\u4e0d\u627f\u62c5\u4efb\u4f55\u8d23\u4efb\u3002<\/p>\n\n\n\n<h3 class=\"wp-block-heading\">2. <strong>\u77e5\u8bc6\u4ea7\u6743<\/strong><\/h3>\n\n\n\n<p>\u6240\u6709\u5185\u5bb9\u5747\u5b58\u5728\u4e8e <strong>\u514b\u62c9\u8482\u514b\u65af<\/strong>\uff0c\u5305\u62ec\u6587\u672c\u3001\u56fe\u50cf\u3001\u56fe\u5f62\u3001\u5fbd\u6807\u548c\u5176\u4ed6\u6750\u6599\uff0c\u53d7\u7248\u6743\u4fdd\u62a4\uff0c\u5c5e\u4e8e\u7f51\u7ad9\u6216\u5176\u8bb8\u53ef\u65b9\u3002\u672a\u7ecf\u4e8b\u5148\u4e66\u9762\u6388\u6743\uff0c\u4e25\u7981\u6ee5\u7528\u672c\u5185\u5bb9\u3002<\/p>\n\n\n\n<h3 class=\"wp-block-heading\">3. <strong>\u5916\u90e8\u94fe\u63a5<\/strong><\/h3>\n\n\n\n<p>\u6211\u4eec\u7684\u7f51\u7ad9\u53ef\u80fd\u5305\u542b\u7b2c\u4e09\u65b9\u7f51\u7ad9\u7684\u94fe\u63a5\u3002\u8fd9 <strong>\u514b\u62c9\u8482\u514b\u65af<\/strong> \u5bf9\u8fd9\u4e9b\u7f51\u7ad9\u7684\u5185\u5bb9\u6216\u9690\u79c1\u653f\u7b56\u4e0d\u627f\u62c5\u4efb\u4f55\u8d23\u4efb\u3002\u6211\u4eec\u5efa\u8bae\u60a8\u5728\u8bbf\u95ee\u5916\u90e8\u7f51\u7ad9\u65f6\uff0c\u67e5\u770b\u6bcf\u4e2a\u7f51\u7ad9\u7684\u6761\u6b3e\u548c\u653f\u7b56\u3002<\/p>\n\n\n\n<h3 class=\"wp-block-heading\">4. <strong>\u5185\u5bb9\u53d8\u66f4<\/strong><\/h3>\n\n\n\n<p>\u8fd9 <strong>\u514b\u62c9\u8482\u514b\u65af<\/strong> \u4fdd\u7559\u4fee\u6539\u3001\u5220\u9664\u6216\u6dfb\u52a0\u7f51\u7ad9\u5185\u5bb9\u4fe1\u606f\u7684\u6743\u5229\uff0c\u6055\u4e0d\u53e6\u884c\u901a\u77e5\u3002\u6211\u4eec\u9f13\u52b1\u7528\u6237\u5b9a\u671f\u91cd\u65b0\u8bbf\u95ee\u6b64\u901a\u77e5\uff0c\u4ee5\u4e86\u89e3\u4efb\u4f55\u66f4\u65b0\u3002<\/p>\n\n\n\n<h3 class=\"wp-block-heading\">5. <strong>\u6ee5\u7528<\/strong><\/h3>\n\n\n\n<p>\u4efb\u4f55\u8bd5\u56fe\u64cd\u7eb5\u3001\u7834\u574f\u5b89\u5168\u6216\u6ee5\u7528\u7f51\u7ad9\u7684\u884c\u4e3a <strong>\u514b\u62c9\u8482\u514b\u65af<\/strong> \u5c06\u6839\u636e\u9002\u7528\u6cd5\u5f8b\u8fdb\u884c\u5904\u7406\uff0c\u8fd9\u53ef\u80fd\u4f1a\u5bfc\u81f4\u6c11\u4e8b\u6216\u5211\u4e8b\u5236\u88c1\u3002<\/p>\n\n\n\n<h3 class=\"wp-block-heading\">6. <strong>\u8054\u7cfb\u6211\u4eec<\/strong><\/h3>\n\n\n\n<p>\u5982\u679c\u60a8\u5bf9\u672c\u6cd5\u5f8b\u58f0\u660e\u6709\u7591\u95ee\u6216\u7591\u8651\uff0c\u8bf7\u901a\u8fc7\u7535\u5b50\u90ae\u4ef6\u8054\u7cfb\u6211\u4eec\uff1a <a>suporte@klatix.com<\/a>.<\/p>\n\n\n\n<p>\u672c\u6cd5\u5f8b\u58f0\u660e\u7684\u6700\u65b0\u66f4\u65b0\u65e5\u671f\u4e3a 2024 \u5e74 10 \u6708 23 \u65e5\u3002\u7ee7\u7eed\u4f7f\u7528\u8be5\u7f51\u7ad9\u5373\u8868\u793a\u60a8\u540c\u610f\u4e0a\u8ff0\u6761\u6b3e\u3002<\/p>","protected":false},"excerpt":{"rendered":"<p>O conte\u00fado disponibilizado no site Klatix (www.klatix.com) \u00e9 de car\u00e1ter informativo e educativo, n\u00e3o devendo ser utilizado como substituto para aconselhamento profissional. Ao acessar ou utilizar nosso site, voc\u00ea concorda com os termos abaixo. 1. Isen\u00e7\u00e3o de Responsabilidade A Klatix se esfor\u00e7a para fornecer informa\u00e7\u00f5es precisas e atualizadas, mas n\u00e3o garante que os conte\u00fados sejam [&hellip;]<\/p>\n","protected":false},"author":1,"featured_media":0,"parent":0,"menu_order":0,"comment_status":"closed","ping_status":"closed","template":"","meta":{"footnotes":""},"class_list":["post-480","page","type-page","status-publish"],"_links":{"self":[{"href":"https:\/\/klatix.com\/zh_ms\/wp-json\/wp\/v2\/pages\/480","targetHints":{"allow":["GET"]}}],"collection":[{"href":"https:\/\/klatix.com\/zh_ms\/wp-json\/wp\/v2\/pages"}],"about":[{"href":"https:\/\/klatix.com\/zh_ms\/wp-json\/wp\/v2\/types\/page"}],"author":[{"embeddable":true,"href":"https:\/\/klatix.com\/zh_ms\/wp-json\/wp\/v2\/users\/1"}],"replies":[{"embeddable":true,"href":"https:\/\/klatix.com\/zh_ms\/wp-json\/wp\/v2\/comments?post=480"}],"version-history":[{"count":1,"href":"https:\/\/klatix.com\/zh_ms\/wp-json\/wp\/v2\/pages\/480\/revisions"}],"predecessor-version":[{"id":481,"href":"https:\/\/klatix.com\/zh_ms\/wp-json\/wp\/v2\/pages\/480\/revisions\/481"}],"wp:attachment":[{"href":"https:\/\/klatix.com\/zh_ms\/wp-json\/wp\/v2\/media?parent=480"}],"curies":[{"name":"wp","href":"https:\/\/api.w.org\/{rel}","templated":true}]}}