{"id":480,"date":"2024-10-24T06:04:51","date_gmt":"2024-10-24T06:04:51","guid":{"rendered":"https:\/\/klatix.com\/?page_id=480"},"modified":"2024-10-24T06:04:52","modified_gmt":"2024-10-24T06:04:52","slug":"%e6%b3%95%e5%be%8b%e8%81%b2%e6%98%8e","status":"publish","type":"page","link":"https:\/\/klatix.com\/zh_hk\/aviso-legal\/","title":{"rendered":"\u6cd5\u5f8b\u8072\u660e"},"content":{"rendered":"<p>\u7db2\u7ad9\u4e0a\u63d0\u4f9b\u7684\u5167\u5bb9 <strong>\u514b\u62c9\u8482\u514b\u65af<\/strong> (<a href=\"https:\/\/klatix.com\/zh_hk\/\">www.klatix.com<\/a>) \u50c5\u4f9b\u53c3\u8003\u53ca\u6559\u80b2\u76ee\u7684\uff0c\u4e0d\u80fd\u53d6\u4ee3\u5c08\u696d\u5efa\u8b70\u3002\u900f\u904e\u9020\u8a2a\u6216\u4f7f\u7528\u6211\u5011\u7684\u7db2\u7ad9\uff0c\u60a8\u540c\u610f\u4ee5\u4e0b\u689d\u6b3e\u3002<\/p>\n\n\n\n<h3 class=\"wp-block-heading\">1. <strong>\u514d\u8cac\u8072\u660e<\/strong><\/h3>\n\n\n\n<p>\u9019 <strong>\u514b\u62c9\u8482\u514b\u65af<\/strong> \u81f4\u529b\u65bc\u63d0\u4f9b\u6e96\u78ba\u548c\u6700\u65b0\u7684\u8a0a\u606f\uff0c\u4f46\u4e0d\u4fdd\u8b49\u5167\u5bb9\u7121\u932f\u8aa4\u6216\u5b8c\u6574\u3002\u5c0d\u7db2\u7ad9\u4e0a\u5305\u542b\u7684\u8cc7\u8a0a\u7684\u4f7f\u7528\u7531\u60a8\u8ca0\u8cac\u3002\u5c0d\u65bc\u56e0\u4f7f\u7528\u6216\u89e3\u91cb\u6240\u63d0\u4f9b\u7684\u8cc7\u8a0a\u800c\u7522\u751f\u7684\u4efb\u4f55\u640d\u5bb3\u6216\u640d\u5931\uff0c\u6211\u5011\u6982\u4e0d\u8ca0\u8cac\u3002<\/p>\n\n\n\n<h3 class=\"wp-block-heading\">2. <strong>\u667a\u6167\u8ca1\u7522<\/strong><\/h3>\n\n\n\n<p>\u6240\u6709\u5167\u5bb9\u5747\u5b58\u5728\u65bc <strong>\u514b\u62c9\u8482\u514b\u65af<\/strong>\uff0c\u5305\u62ec\u6587\u5b57\u3001\u5716\u50cf\u3001\u5716\u5f62\u3001\u6a19\u8a8c\u548c\u5176\u4ed6\u8cc7\u6599\uff0c\u53d7\u7248\u6b0a\u4fdd\u8b77\uff0c\u5c6c\u65bc\u8a72\u7db2\u7ad9\u6216\u5176\u6388\u6b0a\u4eba\u3002\u672a\u7d93\u4e8b\u5148\u66f8\u9762\u6388\u6b0a\uff0c\u56b4\u7981\u6feb\u7528\u672c\u5167\u5bb9\u3002<\/p>\n\n\n\n<h3 class=\"wp-block-heading\">3. <strong>\u5916\u90e8\u9023\u7d50<\/strong><\/h3>\n\n\n\n<p>\u6211\u5011\u7684\u7db2\u7ad9\u53ef\u80fd\u5305\u542b\u7b2c\u4e09\u65b9\u7db2\u7ad9\u7684\u9023\u7d50\u3002\u9019 <strong>\u514b\u62c9\u8482\u514b\u65af<\/strong> \u4e0d\u5c0d\u9019\u4e9b\u7db2\u7ad9\u7684\u5167\u5bb9\u6216\u96b1\u79c1\u6b0a\u653f\u7b56\u8ca0\u8cac\u3002\u6211\u5011\u5efa\u8b70\u60a8\u5728\u9020\u8a2a\u5916\u90e8\u7db2\u7ad9\u6642\u67e5\u770b\u6bcf\u500b\u7db2\u7ad9\u7684\u689d\u6b3e\u548c\u653f\u7b56\u3002<\/p>\n\n\n\n<h3 class=\"wp-block-heading\">4. <strong>\u5167\u5bb9\u8b8a\u66f4<\/strong><\/h3>\n\n\n\n<p>\u9019 <strong>\u514b\u62c9\u8482\u514b\u65af<\/strong> \u4fdd\u7559\u4fee\u6539\u3001\u522a\u9664\u6216\u65b0\u589e\u7db2\u7ad9\u5167\u5bb9\u8cc7\u8a0a\u7684\u6b0a\u5229\uff0c\u7121\u9700\u4e8b\u5148\u901a\u77e5\u3002\u6211\u5011\u9f13\u52f5\u7528\u6236\u5b9a\u671f\u67e5\u770b\u6b64\u901a\u77e5\u4ee5\u4e86\u89e3\u4efb\u4f55\u66f4\u65b0\u3002<\/p>\n\n\n\n<h3 class=\"wp-block-heading\">5. <strong>\u6feb\u7528<\/strong><\/h3>\n\n\n\n<p>\u4efb\u4f55\u8a66\u5716\u64cd\u7e31\u3001\u7834\u58de\u5b89\u5168\u6216\u6feb\u7528\u7db2\u7ad9\u7684\u884c\u70ba <strong>\u514b\u62c9\u8482\u514b\u65af<\/strong> \u5c07\u6839\u64da\u9069\u7528\u6cd5\u5f8b\u9032\u884c\u8655\u7406\uff0c\u4e26\u53ef\u80fd\u5c0e\u81f4\u6c11\u4e8b\u6216\u5211\u4e8b\u8655\u7f70\u3002<\/p>\n\n\n\n<h3 class=\"wp-block-heading\">6. <strong>\u806f\u7d61\u6211\u5011<\/strong><\/h3>\n\n\n\n<p>\u5982\u679c\u60a8\u5c0d\u672c\u6cd5\u5f8b\u8072\u660e\u6709\u4efb\u4f55\u554f\u984c\u6216\u7591\u616e\uff0c\u8acb\u900f\u904e\u4ee5\u4e0b\u65b9\u5f0f\u8207\u6211\u5011\u806f\u7d61\uff1a <a>suporte@klatix.com<\/a>.<\/p>\n\n\n\n<p>\u672c\u6cd5\u5f8b\u8072\u660e\u6700\u5f8c\u66f4\u65b0\u65bc 2024 \u5e74 10 \u6708 23 \u65e5\u3002\u7e7c\u7e8c\u4f7f\u7528\u672c\u7db2\u7ad9\uff0c\u5373\u8868\u793a\u60a8\u540c\u610f\u4e0a\u8ff0\u689d\u6b3e\u3002<\/p>","protected":false},"excerpt":{"rendered":"<p>O conte\u00fado disponibilizado no site Klatix (www.klatix.com) \u00e9 de car\u00e1ter informativo e educativo, n\u00e3o devendo ser utilizado como substituto para aconselhamento profissional. Ao acessar ou utilizar nosso site, voc\u00ea concorda com os termos abaixo. 1. Isen\u00e7\u00e3o de Responsabilidade A Klatix se esfor\u00e7a para fornecer informa\u00e7\u00f5es precisas e atualizadas, mas n\u00e3o garante que os conte\u00fados sejam [&hellip;]<\/p>\n","protected":false},"author":1,"featured_media":0,"parent":0,"menu_order":0,"comment_status":"closed","ping_status":"closed","template":"","meta":{"footnotes":""},"class_list":["post-480","page","type-page","status-publish"],"_links":{"self":[{"href":"https:\/\/klatix.com\/zh_hk\/wp-json\/wp\/v2\/pages\/480","targetHints":{"allow":["GET"]}}],"collection":[{"href":"https:\/\/klatix.com\/zh_hk\/wp-json\/wp\/v2\/pages"}],"about":[{"href":"https:\/\/klatix.com\/zh_hk\/wp-json\/wp\/v2\/types\/page"}],"author":[{"embeddable":true,"href":"https:\/\/klatix.com\/zh_hk\/wp-json\/wp\/v2\/users\/1"}],"replies":[{"embeddable":true,"href":"https:\/\/klatix.com\/zh_hk\/wp-json\/wp\/v2\/comments?post=480"}],"version-history":[{"count":1,"href":"https:\/\/klatix.com\/zh_hk\/wp-json\/wp\/v2\/pages\/480\/revisions"}],"predecessor-version":[{"id":481,"href":"https:\/\/klatix.com\/zh_hk\/wp-json\/wp\/v2\/pages\/480\/revisions\/481"}],"wp:attachment":[{"href":"https:\/\/klatix.com\/zh_hk\/wp-json\/wp\/v2\/media?parent=480"}],"curies":[{"name":"wp","href":"https:\/\/api.w.org\/{rel}","templated":true}]}}