{"id":456,"date":"2024-10-21T04:56:27","date_gmt":"2024-10-21T04:56:27","guid":{"rendered":"https:\/\/klatix.com\/?page_id=456"},"modified":"2024-10-21T04:56:28","modified_gmt":"2024-10-21T04:56:28","slug":"%e9%86%ab%e7%99%82%e5%85%8d%e8%b2%ac%e8%81%b2%e6%98%8e","status":"publish","type":"page","link":"https:\/\/klatix.com\/zh\/declaracao-de-isencao-de-responsabilidade-medica\/","title":{"rendered":"\u91ab\u7642\u514d\u8cac\u8072\u660e"},"content":{"rendered":"<p>\u6b64\u5167\u5bb9\u50c5\u4f9b\u53c3\u8003\u3002\u5b83\u4e0d\u61c9\u7528\u4f5c\u5c08\u696d\u91ab\u7642\u5efa\u8b70\u3001\u8a3a\u65b7\u6216\u6cbb\u7642\u7684\u66ff\u4ee3\u54c1\u3002\u5982\u679c\u60a8\u5c0d\u60a8\u7684\u5065\u5eb7\u72c0\u6cc1\u6216\u91ab\u7642\u8a2d\u5099\u6216\u61c9\u7528\u7a0b\u5f0f\u7684\u4f7f\u7528\u6709\u4efb\u4f55\u7591\u554f\uff0c\u8acb\u8aee\u8a62\u91ab\u751f\u6216\u5176\u4ed6\u5408\u683c\u7684\u91ab\u7642\u4fdd\u5065\u5c08\u696d\u4eba\u54e1\u3002<\/p>\n\n\n\n<p><strong>\u8cac\u4efb\u9650\u5236<\/strong><\/p>\n\n\n\n<p>\u8840\u7cd6\u76e3\u6e2c\u61c9\u7528\u7a0b\u5f0f\u63d0\u4f9b\u7684\u7d50\u679c\u53ef\u80fd\u6703\u6709\u6240\u4e0d\u540c\u3002\u5c0d\u65bc\u56e0\u8aa4\u7528\u6216\u4e0d\u6b63\u78ba\u89e3\u91cb\u4e0a\u8ff0\u61c9\u7528\u7a0b\u5f0f\u6240\u63d0\u4f9b\u7684\u8cc7\u8a0a\u800c\u9020\u6210\u7684\u4efb\u4f55\u640d\u5bb3\u6216\u5f8c\u679c\uff0c\u672c\u516c\u53f8\u4e0d\u627f\u64d4\u4efb\u4f55\u8cac\u4efb\u3002<\/p>\n\n\n\n<p><strong>\u5065\u5eb7\u8207\u5b89\u5168\u8072\u660e<\/strong><\/p>\n\n\n\n<p>\u8acb\u52d9\u5fc5\u9075\u5faa\u61c9\u7528\u7a0b\u5f0f\u88fd\u9020\u5546\u63d0\u4f9b\u7684\u6240\u6709\u8aaa\u660e\uff0c\u4e26\u5728\u6839\u64da\u900f\u904e\u61c9\u7528\u7a0b\u5f0f\u7372\u5f97\u7684\u7d50\u679c\u5c0d\u60a8\u7684\u6cbb\u7642\u6216\u98f2\u98df\u9032\u884c\u4efb\u4f55\u8abf\u6574\u4e4b\u524d\u8aee\u8a62\u60a8\u7684\u91ab\u751f\u3002<\/p>\n\n\n\n<p><strong>\u5e74\u9f61\u9650\u5236<\/strong><\/p>\n\n\n\n<p>\u4e00\u4e9b\u8840\u7cd6\u76e3\u6e2c\u61c9\u7528\u7a0b\u5f0f\u53ef\u80fd\u53ea\u9069\u5408 18 \u6b72\u4ee5\u4e0a\u7684\u4eba\u3002\u6aa2\u67e5\u6bcf\u500b\u61c9\u7528\u7a0b\u5f0f\u7684\u4f7f\u7528\u689d\u6b3e\u3002<\/p>\n\n\n\n<p><\/p>","protected":false},"excerpt":{"rendered":"<p>Este conte\u00fado \u00e9 apenas para fins informativos. N\u00e3o deve ser utilizado como substituto de aconselhamento m\u00e9dico profissional, diagn\u00f3stico ou tratamento. Consulte um m\u00e9dico ou outro profissional de sa\u00fade qualificado para qualquer d\u00favida sobre sua condi\u00e7\u00e3o de sa\u00fade ou sobre o uso de dispositivos ou aplicativos m\u00e9dicos. Limita\u00e7\u00e3o de Responsabilidade Os resultados fornecidos pelos aplicativos de [&hellip;]<\/p>\n","protected":false},"author":1,"featured_media":0,"parent":0,"menu_order":0,"comment_status":"closed","ping_status":"closed","template":"","meta":{"footnotes":""},"class_list":["post-456","page","type-page","status-publish"],"_links":{"self":[{"href":"https:\/\/klatix.com\/zh\/wp-json\/wp\/v2\/pages\/456","targetHints":{"allow":["GET"]}}],"collection":[{"href":"https:\/\/klatix.com\/zh\/wp-json\/wp\/v2\/pages"}],"about":[{"href":"https:\/\/klatix.com\/zh\/wp-json\/wp\/v2\/types\/page"}],"author":[{"embeddable":true,"href":"https:\/\/klatix.com\/zh\/wp-json\/wp\/v2\/users\/1"}],"replies":[{"embeddable":true,"href":"https:\/\/klatix.com\/zh\/wp-json\/wp\/v2\/comments?post=456"}],"version-history":[{"count":1,"href":"https:\/\/klatix.com\/zh\/wp-json\/wp\/v2\/pages\/456\/revisions"}],"predecessor-version":[{"id":457,"href":"https:\/\/klatix.com\/zh\/wp-json\/wp\/v2\/pages\/456\/revisions\/457"}],"wp:attachment":[{"href":"https:\/\/klatix.com\/zh\/wp-json\/wp\/v2\/media?parent=456"}],"curies":[{"name":"wp","href":"https:\/\/api.w.org\/{rel}","templated":true}]}}