{"id":480,"date":"2024-10-24T06:04:51","date_gmt":"2024-10-24T06:04:51","guid":{"rendered":"https:\/\/klatix.com\/?page_id=480"},"modified":"2024-10-24T06:04:52","modified_gmt":"2024-10-24T06:04:52","slug":"thong-bao-phap-ly","status":"publish","type":"page","link":"https:\/\/klatix.com\/vi\/aviso-legal\/","title":{"rendered":"Th\u00f4ng b\u00e1o ph\u00e1p l\u00fd"},"content":{"rendered":"<p>N\u1ed9i dung c\u00f3 s\u1eb5n tr\u00ean trang web <strong>Klatix<\/strong> (<a href=\"https:\/\/klatix.com\/vi\/\">www.klatix.com<\/a>) c\u00f3 t\u00ednh ch\u1ea5t th\u00f4ng tin v\u00e0 gi\u00e1o d\u1ee5c v\u00e0 kh\u00f4ng n\u00ean \u0111\u01b0\u1ee3c s\u1eed d\u1ee5ng \u0111\u1ec3 thay th\u1ebf cho l\u1eddi khuy\u00ean chuy\u00ean m\u00f4n. B\u1eb1ng c\u00e1ch truy c\u1eadp ho\u1eb7c s\u1eed d\u1ee5ng trang web c\u1ee7a ch\u00fang t\u00f4i, b\u1ea1n \u0111\u1ed3ng \u00fd v\u1edbi c\u00e1c \u0111i\u1ec1u kho\u1ea3n b\u00ean d\u01b0\u1edbi.<\/p>\n\n\n\n<h3 class=\"wp-block-heading\">1. <strong>Tuy\u00ean b\u1ed1 t\u1eeb ch\u1ed1i tr\u00e1ch nhi\u1ec7m<\/strong><\/h3>\n\n\n\n<p>THE <strong>Klatix<\/strong> c\u1ed1 g\u1eafng cung c\u1ea5p th\u00f4ng tin ch\u00ednh x\u00e1c v\u00e0 c\u1eadp nh\u1eadt nh\u01b0ng kh\u00f4ng \u0111\u1ea3m b\u1ea3o r\u1eb1ng n\u1ed9i dung kh\u00f4ng c\u00f3 l\u1ed7i ho\u1eb7c \u0111\u1ea7y \u0111\u1ee7. Vi\u1ec7c s\u1eed d\u1ee5ng th\u00f4ng tin c\u00f3 tr\u00ean trang web l\u00e0 do b\u1ea1n t\u1ef1 ch\u1ecbu r\u1ee7i ro. Ch\u00fang t\u00f4i kh\u00f4ng ch\u1ecbu tr\u00e1ch nhi\u1ec7m v\u1ec1 b\u1ea5t k\u1ef3 thi\u1ec7t h\u1ea1i ho\u1eb7c t\u1ed5n th\u1ea5t n\u00e0o ph\u00e1t sinh t\u1eeb vi\u1ec7c s\u1eed d\u1ee5ng ho\u1eb7c gi\u1ea3i th\u00edch th\u00f4ng tin \u0111\u01b0\u1ee3c cung c\u1ea5p.<\/p>\n\n\n\n<h3 class=\"wp-block-heading\">2. <strong>S\u1edf h\u1eefu tr\u00ed tu\u1ec7<\/strong><\/h3>\n\n\n\n<p>T\u1ea5t c\u1ea3 n\u1ed9i dung c\u00f3 trong <strong>Klatix<\/strong>, bao g\u1ed3m v\u0103n b\u1ea3n, h\u00ecnh \u1ea3nh, \u0111\u1ed3 h\u1ecda, logo v\u00e0 c\u00e1c t\u00e0i li\u1ec7u kh\u00e1c, \u0111\u01b0\u1ee3c b\u1ea3o v\u1ec7 b\u1ea3n quy\u1ec1n v\u00e0 thu\u1ed9c v\u1ec1 trang web ho\u1eb7c ng\u01b0\u1eddi c\u1ea5p ph\u00e9p c\u1ee7a trang web. Vi\u1ec7c l\u1ea1m d\u1ee5ng n\u1ed9i dung n\u00e0y m\u00e0 kh\u00f4ng c\u00f3 s\u1ef1 cho ph\u00e9p tr\u01b0\u1edbc b\u1eb1ng v\u0103n b\u1ea3n \u0111\u1ec1u b\u1ecb nghi\u00eam c\u1ea5m.<\/p>\n\n\n\n<h3 class=\"wp-block-heading\">3. <strong>Li\u00ean k\u1ebft ngo\u00e0i<\/strong><\/h3>\n\n\n\n<p>Trang web c\u1ee7a ch\u00fang t\u00f4i c\u00f3 th\u1ec3 ch\u1ee9a c\u00e1c li\u00ean k\u1ebft \u0111\u1ebfn c\u00e1c trang web c\u1ee7a b\u00ean th\u1ee9 ba. THE <strong>Klatix<\/strong> kh\u00f4ng ch\u1ecbu tr\u00e1ch nhi\u1ec7m v\u1ec1 n\u1ed9i dung ho\u1eb7c ch\u00ednh s\u00e1ch quy\u1ec1n ri\u00eang t\u01b0 \u0111\u01b0\u1ee3c th\u1ef1c hi\u1ec7n b\u1edfi c\u00e1c trang web n\u00e0y. Ch\u00fang t\u00f4i khuy\u00ean b\u1ea1n khi truy c\u1eadp c\u00e1c trang web b\u00ean ngo\u00e0i, b\u1ea1n n\u00ean xem l\u1ea1i c\u00e1c \u0111i\u1ec1u kho\u1ea3n v\u00e0 ch\u00ednh s\u00e1ch c\u1ee7a t\u1eebng trang web.<\/p>\n\n\n\n<h3 class=\"wp-block-heading\">4. <strong>Thay \u0111\u1ed5i n\u1ed9i dung<\/strong><\/h3>\n\n\n\n<p>THE <strong>Klatix<\/strong> c\u00f3 quy\u1ec1n s\u1eeda \u0111\u1ed5i, x\u00f3a ho\u1eb7c th\u00eam th\u00f4ng tin v\u00e0o n\u1ed9i dung c\u1ee7a trang web m\u00e0 kh\u00f4ng c\u1ea7n th\u00f4ng b\u00e1o tr\u01b0\u1edbc. Ch\u00fang t\u00f4i khuy\u1ebfn kh\u00edch ng\u01b0\u1eddi d\u00f9ng xem l\u1ea1i th\u00f4ng b\u00e1o n\u00e0y th\u01b0\u1eddng xuy\u00ean \u0111\u1ec3 bi\u1ebft v\u1ec1 m\u1ecdi c\u1eadp nh\u1eadt.<\/p>\n\n\n\n<h3 class=\"wp-block-heading\">5. <strong>L\u1ea1m d\u1ee5ng<\/strong><\/h3>\n\n\n\n<p>B\u1ea5t k\u1ef3 n\u1ed7 l\u1ef1c thao t\u00fang, vi ph\u1ea1m b\u1ea3o m\u1eadt ho\u1eb7c l\u1ea1m d\u1ee5ng trang web <strong>Klatix<\/strong> s\u1ebd \u0111\u01b0\u1ee3c x\u1eed l\u00fd theo lu\u1eadt ph\u00e1p hi\u1ec7n h\u00e0nh, \u0111i\u1ec1u n\u00e0y c\u00f3 th\u1ec3 d\u1eabn \u0111\u1ebfn c\u00e1c bi\u1ec7n ph\u00e1p tr\u1eebng ph\u1ea1t d\u00e2n s\u1ef1 ho\u1eb7c h\u00ecnh s\u1ef1.<\/p>\n\n\n\n<h3 class=\"wp-block-heading\">6. <strong>Li\u00ean h\u1ec7 v\u1edbi ch\u00fang t\u00f4i<\/strong><\/h3>\n\n\n\n<p>N\u1ebfu b\u1ea1n c\u00f3 th\u1eafc m\u1eafc ho\u1eb7c quan ng\u1ea1i v\u1ec1 Th\u00f4ng b\u00e1o ph\u00e1p l\u00fd n\u00e0y, vui l\u00f2ng li\u00ean h\u1ec7 v\u1edbi ch\u00fang t\u00f4i qua email: <a>suporte@klatix.com<\/a>.<\/p>\n\n\n\n<p>Th\u00f4ng b\u00e1o ph\u00e1p l\u00fd n\u00e0y \u0111\u01b0\u1ee3c c\u1eadp nh\u1eadt l\u1ea7n cu\u1ed1i v\u00e0o ng\u00e0y 23\/10\/2024. B\u1eb1ng c\u00e1ch ti\u1ebfp t\u1ee5c s\u1eed d\u1ee5ng trang web, b\u1ea1n \u0111\u1ed3ng \u00fd v\u1edbi c\u00e1c \u0111i\u1ec1u kho\u1ea3n \u0111\u01b0\u1ee3c \u0111\u1ec1 c\u1eadp \u1edf tr\u00ean.<\/p>","protected":false},"excerpt":{"rendered":"<p>O conte\u00fado disponibilizado no site Klatix (www.klatix.com) \u00e9 de car\u00e1ter informativo e educativo, n\u00e3o devendo ser utilizado como substituto para aconselhamento profissional. Ao acessar ou utilizar nosso site, voc\u00ea concorda com os termos abaixo. 1. Isen\u00e7\u00e3o de Responsabilidade A Klatix se esfor\u00e7a para fornecer informa\u00e7\u00f5es precisas e atualizadas, mas n\u00e3o garante que os conte\u00fados sejam [&hellip;]<\/p>\n","protected":false},"author":1,"featured_media":0,"parent":0,"menu_order":0,"comment_status":"closed","ping_status":"closed","template":"","meta":{"footnotes":""},"class_list":["post-480","page","type-page","status-publish"],"_links":{"self":[{"href":"https:\/\/klatix.com\/vi\/wp-json\/wp\/v2\/pages\/480","targetHints":{"allow":["GET"]}}],"collection":[{"href":"https:\/\/klatix.com\/vi\/wp-json\/wp\/v2\/pages"}],"about":[{"href":"https:\/\/klatix.com\/vi\/wp-json\/wp\/v2\/types\/page"}],"author":[{"embeddable":true,"href":"https:\/\/klatix.com\/vi\/wp-json\/wp\/v2\/users\/1"}],"replies":[{"embeddable":true,"href":"https:\/\/klatix.com\/vi\/wp-json\/wp\/v2\/comments?post=480"}],"version-history":[{"count":1,"href":"https:\/\/klatix.com\/vi\/wp-json\/wp\/v2\/pages\/480\/revisions"}],"predecessor-version":[{"id":481,"href":"https:\/\/klatix.com\/vi\/wp-json\/wp\/v2\/pages\/480\/revisions\/481"}],"wp:attachment":[{"href":"https:\/\/klatix.com\/vi\/wp-json\/wp\/v2\/media?parent=480"}],"curies":[{"name":"wp","href":"https:\/\/api.w.org\/{rel}","templated":true}]}}