{"id":456,"date":"2024-10-21T04:56:27","date_gmt":"2024-10-21T04:56:27","guid":{"rendered":"https:\/\/klatix.com\/?page_id=456"},"modified":"2024-10-21T04:56:28","modified_gmt":"2024-10-21T04:56:28","slug":"tuyen-bo-tu-choi-trach-nhiem-y-te","status":"publish","type":"page","link":"https:\/\/klatix.com\/vi\/declaracao-de-isencao-de-responsabilidade-medica\/","title":{"rendered":"Tuy\u00ean b\u1ed1 mi\u1ec5n tr\u1eeb tr\u00e1ch nhi\u1ec7m y t\u1ebf"},"content":{"rendered":"<p>N\u1ed9i dung n\u00e0y ch\u1ec9 d\u00e0nh cho m\u1ee5c \u0111\u00edch th\u00f4ng tin. N\u00f3 kh\u00f4ng n\u00ean \u0111\u01b0\u1ee3c s\u1eed d\u1ee5ng \u0111\u1ec3 thay th\u1ebf cho l\u1eddi khuy\u00ean, ch\u1ea9n \u0111o\u00e1n ho\u1eb7c \u0111i\u1ec1u tr\u1ecb y t\u1ebf chuy\u00ean nghi\u1ec7p. H\u00e3y tham kh\u1ea3o \u00fd ki\u1ebfn b\u00e1c s\u0129 ho\u1eb7c chuy\u00ean gia ch\u0103m s\u00f3c s\u1ee9c kh\u1ecfe c\u00f3 tr\u00ecnh \u0111\u1ed9 kh\u00e1c n\u1ebfu b\u1ea1n c\u00f3 b\u1ea5t k\u1ef3 c\u00e2u h\u1ecfi n\u00e0o li\u00ean quan \u0111\u1ebfn t\u00ecnh tr\u1ea1ng s\u1ee9c kh\u1ecfe ho\u1eb7c vi\u1ec7c s\u1eed d\u1ee5ng c\u00e1c thi\u1ebft b\u1ecb ho\u1eb7c \u1ee9ng d\u1ee5ng y t\u1ebf.<\/p>\n\n\n\n<p><strong>Gi\u1edbi h\u1ea1n tr\u00e1ch nhi\u1ec7m ph\u00e1p l\u00fd<\/strong><\/p>\n\n\n\n<p>K\u1ebft qu\u1ea3 do \u1ee9ng d\u1ee5ng theo d\u00f5i l\u01b0\u1ee3ng \u0111\u01b0\u1eddng cung c\u1ea5p c\u00f3 th\u1ec3 kh\u00e1c nhau. C\u00f4ng ty kh\u00f4ng ch\u1ecbu tr\u00e1ch nhi\u1ec7m v\u1ec1 b\u1ea5t k\u1ef3 thi\u1ec7t h\u1ea1i ho\u1eb7c h\u1eadu qu\u1ea3 n\u00e0o ph\u00e1t sinh t\u1eeb vi\u1ec7c s\u1eed d\u1ee5ng sai ho\u1eb7c gi\u1ea3i th\u00edch kh\u00f4ng ch\u00ednh x\u00e1c th\u00f4ng tin \u0111\u01b0\u1ee3c cung c\u1ea5p b\u1edfi c\u00e1c \u1ee9ng d\u1ee5ng \u0111\u01b0\u1ee3c \u0111\u1ec1 c\u1eadp.<\/p>\n\n\n\n<p><strong>Tuy\u00ean b\u1ed1 v\u1ec1 s\u1ee9c kh\u1ecfe v\u00e0 an to\u00e0n<\/strong><\/p>\n\n\n\n<p>H\u00e3y nh\u1edb l\u00e0m theo t\u1ea5t c\u1ea3 c\u00e1c h\u01b0\u1edbng d\u1eabn do nh\u00e0 s\u1ea3n xu\u1ea5t \u1ee9ng d\u1ee5ng cung c\u1ea5p v\u00e0 tham kh\u1ea3o \u00fd ki\u1ebfn b\u00e1c s\u0129 tr\u01b0\u1edbc khi th\u1ef1c hi\u1ec7n b\u1ea5t k\u1ef3 \u0111i\u1ec1u ch\u1ec9nh n\u00e0o \u0111\u1ed1i v\u1edbi ph\u01b0\u01a1ng ph\u00e1p \u0111i\u1ec1u tr\u1ecb ho\u1eb7c ch\u1ebf \u0111\u1ed9 \u0103n u\u1ed1ng c\u1ee7a b\u1ea1n d\u1ef1a tr\u00ean k\u1ebft qu\u1ea3 thu \u0111\u01b0\u1ee3c th\u00f4ng qua \u1ee9ng d\u1ee5ng.<\/p>\n\n\n\n<p><strong>Gi\u1edbi h\u1ea1n \u0111\u1ed9 tu\u1ed5i<\/strong><\/p>\n\n\n\n<p>M\u1ed9t s\u1ed1 \u1ee9ng d\u1ee5ng theo d\u00f5i l\u01b0\u1ee3ng \u0111\u01b0\u1eddng trong m\u00e1u c\u00f3 th\u1ec3 ch\u1ec9 ph\u00f9 h\u1ee3p v\u1edbi nh\u1eefng ng\u01b0\u1eddi tr\u00ean 18 tu\u1ed5i. Ki\u1ec3m tra c\u00e1c \u0111i\u1ec1u kho\u1ea3n s\u1eed d\u1ee5ng cho t\u1eebng \u1ee9ng d\u1ee5ng.<\/p>\n\n\n\n<p><\/p>","protected":false},"excerpt":{"rendered":"<p>Este conte\u00fado \u00e9 apenas para fins informativos. N\u00e3o deve ser utilizado como substituto de aconselhamento m\u00e9dico profissional, diagn\u00f3stico ou tratamento. Consulte um m\u00e9dico ou outro profissional de sa\u00fade qualificado para qualquer d\u00favida sobre sua condi\u00e7\u00e3o de sa\u00fade ou sobre o uso de dispositivos ou aplicativos m\u00e9dicos. Limita\u00e7\u00e3o de Responsabilidade Os resultados fornecidos pelos aplicativos de [&hellip;]<\/p>\n","protected":false},"author":1,"featured_media":0,"parent":0,"menu_order":0,"comment_status":"closed","ping_status":"closed","template":"","meta":{"footnotes":""},"class_list":["post-456","page","type-page","status-publish"],"_links":{"self":[{"href":"https:\/\/klatix.com\/vi\/wp-json\/wp\/v2\/pages\/456","targetHints":{"allow":["GET"]}}],"collection":[{"href":"https:\/\/klatix.com\/vi\/wp-json\/wp\/v2\/pages"}],"about":[{"href":"https:\/\/klatix.com\/vi\/wp-json\/wp\/v2\/types\/page"}],"author":[{"embeddable":true,"href":"https:\/\/klatix.com\/vi\/wp-json\/wp\/v2\/users\/1"}],"replies":[{"embeddable":true,"href":"https:\/\/klatix.com\/vi\/wp-json\/wp\/v2\/comments?post=456"}],"version-history":[{"count":1,"href":"https:\/\/klatix.com\/vi\/wp-json\/wp\/v2\/pages\/456\/revisions"}],"predecessor-version":[{"id":457,"href":"https:\/\/klatix.com\/vi\/wp-json\/wp\/v2\/pages\/456\/revisions\/457"}],"wp:attachment":[{"href":"https:\/\/klatix.com\/vi\/wp-json\/wp\/v2\/media?parent=456"}],"curies":[{"name":"wp","href":"https:\/\/api.w.org\/{rel}","templated":true}]}}