{"id":480,"date":"2024-10-24T06:04:51","date_gmt":"2024-10-24T06:04:51","guid":{"rendered":"https:\/\/klatix.com\/?page_id=480"},"modified":"2024-10-24T06:04:52","modified_gmt":"2024-10-24T06:04:52","slug":"%d9%82%d8%a7%d9%86%d9%88%d9%86%db%8c-%d9%86%d9%88%d9%b9%d8%b3","status":"publish","type":"page","link":"https:\/\/klatix.com\/ur\/aviso-legal\/","title":{"rendered":"\u0642\u0627\u0646\u0648\u0646\u06cc \u0646\u0648\u0679\u0633"},"content":{"rendered":"<p>\u0648\u06cc\u0628 \u0633\u0627\u0626\u0679 \u067e\u0631 \u062f\u0633\u062a\u06cc\u0627\u0628 \u0645\u0648\u0627\u062f <strong>Klatix<\/strong> (<a href=\"https:\/\/klatix.com\/ur\/\">www.klatix.com<\/a>) \u0645\u0639\u0644\u0648\u0645\u0627\u062a\u06cc \u0627\u0648\u0631 \u062a\u0639\u0644\u06cc\u0645\u06cc \u0646\u0648\u0639\u06cc\u062a \u06a9\u0627 \u06c1\u06d2 \u0627\u0648\u0631 \u0627\u0633\u06d2 \u067e\u06cc\u0634\u06c1 \u0648\u0631\u0627\u0646\u06c1 \u0645\u0634\u0648\u0631\u06d2 \u06a9\u06d2 \u0645\u062a\u0628\u0627\u062f\u0644 \u06a9\u06d2 \u0637\u0648\u0631 \u067e\u0631 \u0627\u0633\u062a\u0639\u0645\u0627\u0644 \u0646\u06c1\u06cc\u06ba \u06a9\u06cc\u0627 \u062c\u0627\u0646\u0627 \u0686\u0627\u06c1\u06cc\u06d2\u06d4 \u06c1\u0645\u0627\u0631\u06cc \u0648\u06cc\u0628 \u0633\u0627\u0626\u0679 \u062a\u06a9 \u0631\u0633\u0627\u0626\u06cc \u06cc\u0627 \u0627\u0633\u062a\u0639\u0645\u0627\u0644 \u06a9\u0631\u06a9\u06d2\u060c \u0622\u067e \u0646\u06cc\u0686\u06d2 \u062f\u06cc \u06af\u0626\u06cc \u0634\u0631\u0627\u0626\u0637 \u0633\u06d2 \u0627\u062a\u0641\u0627\u0642 \u06a9\u0631\u062a\u06d2 \u06c1\u06cc\u06ba\u06d4<\/p>\n\n\n\n<h3 class=\"wp-block-heading\">1. <strong>\u0688\u0633 \u06a9\u0644\u06cc\u0645\u0631<\/strong><\/h3>\n\n\n\n<p>The <strong>Klatix<\/strong> \u062f\u0631\u0633\u062a \u0627\u0648\u0631 \u062a\u0627\u0632\u06c1 \u062a\u0631\u06cc\u0646 \u0645\u0639\u0644\u0648\u0645\u0627\u062a \u0641\u0631\u0627\u06c1\u0645 \u06a9\u0631\u0646\u06d2 \u06a9\u06cc \u06a9\u0648\u0634\u0634 \u06a9\u0631\u062a\u0627 \u06c1\u06d2\u060c \u0644\u06cc\u06a9\u0646 \u0627\u0633 \u0628\u0627\u062a \u06a9\u06cc \u0636\u0645\u0627\u0646\u062a \u0646\u06c1\u06cc\u06ba \u062f\u06cc\u062a\u0627 \u06a9\u06c1 \u0645\u0648\u0627\u062f \u063a\u0644\u0637\u06cc \u0633\u06d2 \u067e\u0627\u06a9 \u06cc\u0627 \u0645\u06a9\u0645\u0644 \u06c1\u06d2\u06d4 \u0648\u06cc\u0628 \u0633\u0627\u0626\u0679 \u067e\u0631 \u0645\u0648\u062c\u0648\u062f \u0645\u0639\u0644\u0648\u0645\u0627\u062a \u06a9\u0627 \u0622\u067e \u06a9\u0627 \u0627\u0633\u062a\u0639\u0645\u0627\u0644 \u0622\u067e \u06a9\u06d2 \u0627\u067e\u0646\u06d2 \u062e\u0637\u0631\u06d2 \u067e\u0631 \u06c1\u06d2\u06d4 \u06c1\u0645 \u0641\u0631\u0627\u06c1\u0645 \u06a9\u0631\u062f\u06c1 \u0645\u0639\u0644\u0648\u0645\u0627\u062a \u06a9\u06d2 \u0627\u0633\u062a\u0639\u0645\u0627\u0644 \u06cc\u0627 \u062a\u0634\u0631\u06cc\u062d \u0633\u06d2 \u067e\u06cc\u062f\u0627 \u06c1\u0648\u0646\u06d2 \u0648\u0627\u0644\u06d2 \u06a9\u0633\u06cc \u0628\u06be\u06cc \u0646\u0642\u0635\u0627\u0646 \u06cc\u0627 \u0646\u0642\u0635\u0627\u0646 \u06a9\u06d2 \u0630\u0645\u06c1 \u062f\u0627\u0631 \u0646\u06c1\u06cc\u06ba \u06c1\u06cc\u06ba\u06d4<\/p>\n\n\n\n<h3 class=\"wp-block-heading\">2. <strong>\u0627\u0646\u0679\u0644\u06cc\u06a9\u0686\u0648\u0626\u0644 \u067e\u0631\u0627\u067e\u0631\u0679\u06cc<\/strong><\/h3>\n\n\n\n<p>\u0645\u06cc\u06ba \u0645\u0648\u062c\u0648\u062f \u062a\u0645\u0627\u0645 \u0645\u0648\u0627\u062f <strong>Klatix<\/strong>\u0645\u062a\u0646\u060c \u062a\u0635\u0627\u0648\u06cc\u0631\u060c \u06af\u0631\u0627\u0641\u06a9\u0633\u060c \u0644\u0648\u06af\u0648 \u0627\u0648\u0631 \u062f\u06cc\u06af\u0631 \u0645\u0648\u0627\u062f \u0633\u0645\u06cc\u062a\u060c \u06a9\u0627\u067e\u06cc \u0631\u0627\u0626\u0679 \u06a9\u06d2 \u0630\u0631\u06cc\u0639\u06d2 \u0645\u062d\u0641\u0648\u0638 \u06c1\u06d2 \u0627\u0648\u0631 \u0627\u0633 \u06a9\u0627 \u062a\u0639\u0644\u0642 \u0648\u06cc\u0628 \u0633\u0627\u0626\u0679 \u06cc\u0627 \u0627\u0633 \u06a9\u06d2 \u0644\u0627\u0626\u0633\u0646\u0633 \u062f\u06c1\u0646\u062f\u06af\u0627\u0646 \u0633\u06d2 \u06c1\u06d2\u06d4 \u067e\u06cc\u0634\u06af\u06cc \u062a\u062d\u0631\u06cc\u0631\u06cc \u0627\u062c\u0627\u0632\u062a \u06a9\u06d2 \u0628\u063a\u06cc\u0631 \u0627\u0633 \u0645\u0648\u0627\u062f \u06a9\u0627 \u063a\u0644\u0637 \u0627\u0633\u062a\u0639\u0645\u0627\u0644 \u0633\u062e\u062a\u06cc \u0633\u06d2 \u0645\u0645\u0646\u0648\u0639 \u06c1\u06d2\u06d4<\/p>\n\n\n\n<h3 class=\"wp-block-heading\">3. <strong>\u0628\u06cc\u0631\u0648\u0646\u06cc \u0631\u0648\u0627\u0628\u0637<\/strong><\/h3>\n\n\n\n<p>\u06c1\u0645\u0627\u0631\u06cc \u0648\u06cc\u0628 \u0633\u0627\u0626\u0679 \u062a\u06be\u0631\u0688 \u067e\u0627\u0631\u0679\u06cc \u0648\u06cc\u0628 \u0633\u0627\u0626\u0679\u0633 \u06a9\u06d2 \u0644\u0646\u06a9\u0633 \u067e\u0631 \u0645\u0634\u062a\u0645\u0644 \u06c1\u0648 \u0633\u06a9\u062a\u06cc \u06c1\u06d2\u06d4 The <strong>Klatix<\/strong> \u0627\u0646 \u0633\u0627\u0626\u0679\u0633 \u06a9\u06d2 \u0630\u0631\u06cc\u0639\u06c1 \u0645\u0634\u0642 \u06a9\u0631\u062f\u06c1 \u0645\u0648\u0627\u062f \u06cc\u0627 \u0631\u0627\u0632\u062f\u0627\u0631\u06cc \u06a9\u06cc \u067e\u0627\u0644\u06cc\u0633\u06cc \u06a9\u06d2 \u0644\u0626\u06d2 \u0630\u0645\u06c1 \u062f\u0627\u0631 \u0646\u06c1\u06cc\u06ba \u06c1\u06d2\u06d4 \u06c1\u0645 \u062a\u062c\u0648\u06cc\u0632 \u06a9\u0631\u062a\u06d2 \u06c1\u06cc\u06ba \u06a9\u06c1 \u0628\u06cc\u0631\u0648\u0646\u06cc \u0648\u06cc\u0628 \u0633\u0627\u0626\u0679\u0633 \u062a\u06a9 \u0631\u0633\u0627\u0626\u06cc \u062d\u0627\u0635\u0644 \u06a9\u0631\u062a\u06d2 \u0648\u0642\u062a\u060c \u0622\u067e \u06c1\u0631 \u0648\u06cc\u0628 \u0633\u0627\u0626\u0679 \u06a9\u06cc \u0634\u0631\u0627\u0626\u0637 \u0627\u0648\u0631 \u067e\u0627\u0644\u06cc\u0633\u06cc\u0648\u06ba \u06a9\u0627 \u062c\u0627\u0626\u0632\u06c1 \u0644\u06cc\u06ba\u06d4<\/p>\n\n\n\n<h3 class=\"wp-block-heading\">4. <strong>\u0645\u0648\u0627\u062f \u0645\u06cc\u06ba \u062a\u0628\u062f\u06cc\u0644\u06cc\u0627\u06ba<\/strong><\/h3>\n\n\n\n<p>The <strong>Klatix<\/strong> \u0628\u063a\u06cc\u0631 \u067e\u06cc\u0634\u06af\u06cc \u0627\u0637\u0644\u0627\u0639 \u06a9\u06d2 \u0648\u06cc\u0628 \u0633\u0627\u0626\u0679 \u06a9\u06d2 \u0645\u0648\u0627\u062f \u0645\u06cc\u06ba \u062a\u0631\u0645\u06cc\u0645\u060c \u062d\u0630\u0641 \u06cc\u0627 \u0645\u0639\u0644\u0648\u0645\u0627\u062a \u0634\u0627\u0645\u0644 \u06a9\u0631\u0646\u06d2 \u06a9\u0627 \u062d\u0642 \u0645\u062d\u0641\u0648\u0638 \u0631\u06a9\u06be\u062a\u0627 \u06c1\u06d2\u06d4 \u06c1\u0645 \u0635\u0627\u0631\u0641\u06cc\u0646 \u06a9\u06cc \u062d\u0648\u0635\u0644\u06c1 \u0627\u0641\u0632\u0627\u0626\u06cc \u06a9\u0631\u062a\u06d2 \u06c1\u06cc\u06ba \u06a9\u06c1 \u0648\u06c1 \u06a9\u0633\u06cc \u0628\u06be\u06cc \u0627\u067e \u0688\u06cc\u0679 \u0633\u06d2 \u0628\u0627\u062e\u0628\u0631 \u0631\u06c1\u0646\u06d2 \u06a9\u06d2 \u0644\u06cc\u06d2 \u0627\u0633 \u0646\u0648\u0679\u0633 \u06a9\u0648 \u0628\u0627\u0642\u0627\u0639\u062f\u06af\u06cc \u0633\u06d2 \u062f\u06cc\u06a9\u06be\u06cc\u06ba\u06d4<\/p>\n\n\n\n<h3 class=\"wp-block-heading\">5. <strong>\u063a\u0644\u0637 \u0627\u0633\u062a\u0639\u0645\u0627\u0644<\/strong><\/h3>\n\n\n\n<p>\u06a9\u0633\u06cc \u0628\u06be\u06cc \u0642\u0633\u0645 \u06a9\u06cc \u06c1\u06cc\u0631\u0627 \u067e\u06be\u06cc\u0631\u06cc\u060c \u0633\u06cc\u06a9\u0648\u0631\u0679\u06cc \u06a9\u06cc \u062e\u0644\u0627\u0641 \u0648\u0631\u0632\u06cc \u06cc\u0627 \u0648\u06cc\u0628 \u0633\u0627\u0626\u0679 \u06a9\u0627 \u063a\u0644\u0637 \u0627\u0633\u062a\u0639\u0645\u0627\u0644 <strong>Klatix<\/strong> \u0642\u0627\u0628\u0644 \u0627\u0637\u0644\u0627\u0642 \u0642\u0648\u0627\u0646\u06cc\u0646 \u06a9\u06d2 \u0645\u0637\u0627\u0628\u0642 \u0633\u0644\u0648\u06a9 \u06a9\u06cc\u0627 \u062c\u0627\u0626\u06d2 \u06af\u0627\u060c \u062c\u0633 \u06a9\u06d2 \u0646\u062a\u06cc\u062c\u06d2 \u0645\u06cc\u06ba \u062f\u06cc\u0648\u0627\u0646\u06cc \u06cc\u0627 \u0641\u0648\u062c\u062f\u0627\u0631\u06cc \u067e\u0627\u0628\u0646\u062f\u06cc\u0627\u06ba \u0644\u06af \u0633\u06a9\u062a\u06cc \u06c1\u06cc\u06ba\u06d4<\/p>\n\n\n\n<h3 class=\"wp-block-heading\">6. <strong>\u06c1\u0645 \u0633\u06d2 \u0631\u0627\u0628\u0637\u06c1 \u06a9\u0631\u06cc\u06ba\u06d4<\/strong><\/h3>\n\n\n\n<p>\u0627\u06af\u0631 \u0622\u067e \u06a9\u06d2 \u0627\u0633 \u0642\u0627\u0646\u0648\u0646\u06cc \u0646\u0648\u0679\u0633 \u06a9\u06d2 \u0628\u0627\u0631\u06d2 \u0645\u06cc\u06ba \u0633\u0648\u0627\u0644\u0627\u062a \u06cc\u0627 \u062e\u062f\u0634\u0627\u062a \u06c1\u06cc\u06ba\u060c \u062a\u0648 \u0628\u0631\u0627\u06c1 \u06a9\u0631\u0645 \u06c1\u0645 \u0633\u06d2 \u0627\u06cc \u0645\u06cc\u0644 \u06a9\u06d2 \u0630\u0631\u06cc\u0639\u06d2 \u0631\u0627\u0628\u0637\u06c1 \u06a9\u0631\u06cc\u06ba: <a>suporte@klatix.com<\/a>.<\/p>\n\n\n\n<p>\u0627\u0633 \u0642\u0627\u0646\u0648\u0646\u06cc \u0646\u0648\u0679\u0633 \u06a9\u0648 \u0622\u062e\u0631\u06cc \u0628\u0627\u0631 10\/23\/2024 \u06a9\u0648 \u0627\u067e \u0688\u06cc\u0679 \u06a9\u06cc\u0627 \u06af\u06cc\u0627\u06d4 \u0633\u0627\u0626\u0679 \u06a9\u0627 \u0627\u0633\u062a\u0639\u0645\u0627\u0644 \u062c\u0627\u0631\u06cc \u0631\u06a9\u06be \u06a9\u0631\u060c \u0622\u067e \u0627\u0648\u067e\u0631 \u0628\u06cc\u0627\u0646 \u06a9\u0631\u062f\u06c1 \u0634\u0631\u0627\u0626\u0637 \u0633\u06d2 \u0627\u062a\u0641\u0627\u0642 \u06a9\u0631\u062a\u06d2 \u06c1\u06cc\u06ba\u06d4<\/p>","protected":false},"excerpt":{"rendered":"<p>O conte\u00fado disponibilizado no site Klatix (www.klatix.com) \u00e9 de car\u00e1ter informativo e educativo, n\u00e3o devendo ser utilizado como substituto para aconselhamento profissional. Ao acessar ou utilizar nosso site, voc\u00ea concorda com os termos abaixo. 1. Isen\u00e7\u00e3o de Responsabilidade A Klatix se esfor\u00e7a para fornecer informa\u00e7\u00f5es precisas e atualizadas, mas n\u00e3o garante que os conte\u00fados sejam [&hellip;]<\/p>\n","protected":false},"author":1,"featured_media":0,"parent":0,"menu_order":0,"comment_status":"closed","ping_status":"closed","template":"","meta":{"footnotes":""},"class_list":["post-480","page","type-page","status-publish"],"_links":{"self":[{"href":"https:\/\/klatix.com\/ur\/wp-json\/wp\/v2\/pages\/480","targetHints":{"allow":["GET"]}}],"collection":[{"href":"https:\/\/klatix.com\/ur\/wp-json\/wp\/v2\/pages"}],"about":[{"href":"https:\/\/klatix.com\/ur\/wp-json\/wp\/v2\/types\/page"}],"author":[{"embeddable":true,"href":"https:\/\/klatix.com\/ur\/wp-json\/wp\/v2\/users\/1"}],"replies":[{"embeddable":true,"href":"https:\/\/klatix.com\/ur\/wp-json\/wp\/v2\/comments?post=480"}],"version-history":[{"count":1,"href":"https:\/\/klatix.com\/ur\/wp-json\/wp\/v2\/pages\/480\/revisions"}],"predecessor-version":[{"id":481,"href":"https:\/\/klatix.com\/ur\/wp-json\/wp\/v2\/pages\/480\/revisions\/481"}],"wp:attachment":[{"href":"https:\/\/klatix.com\/ur\/wp-json\/wp\/v2\/media?parent=480"}],"curies":[{"name":"wp","href":"https:\/\/api.w.org\/{rel}","templated":true}]}}