{"id":480,"date":"2024-10-24T06:04:51","date_gmt":"2024-10-24T06:04:51","guid":{"rendered":"https:\/\/klatix.com\/?page_id=480"},"modified":"2024-10-24T06:04:52","modified_gmt":"2024-10-24T06:04:52","slug":"yasal-bildirim","status":"publish","type":"page","link":"https:\/\/klatix.com\/tr\/aviso-legal\/","title":{"rendered":"Yasal Uyar\u0131"},"content":{"rendered":"<p>Web sitesinde mevcut olan i\u00e7erik <strong>Klatix<\/strong> (<a href=\"https:\/\/klatix.com\/tr\/\">www.klatix.com<\/a>) do\u011fas\u0131 gere\u011fi bilgilendirici ve e\u011fiticidir ve profesyonel tavsiyenin yerine kullan\u0131lmamal\u0131d\u0131r. Web sitemize eri\u015ferek veya web sitemizi kullanarak a\u015fa\u011f\u0131daki \u015fartlar\u0131 kabul etmi\u015f olursunuz.<\/p>\n\n\n\n<h3 class=\"wp-block-heading\">1. <strong>Sorumluluk reddi beyan\u0131<\/strong><\/h3>\n\n\n\n<p>THE <strong>Klatix<\/strong> do\u011fru ve g\u00fcncel bilgiler sa\u011flamaya \u00e7al\u0131\u015f\u0131r ancak i\u00e7eriklerin hatas\u0131z veya eksiksiz oldu\u011funu garanti etmez. Web sitesinde yer alan bilgileri kullan\u0131m\u0131n\u0131z\u0131n riski size aittir. Sa\u011flanan bilgilerin kullan\u0131m\u0131ndan veya yorumlanmas\u0131ndan kaynaklanan hi\u00e7bir zarar veya kay\u0131ptan sorumlu de\u011filiz.<\/p>\n\n\n\n<h3 class=\"wp-block-heading\">2. <strong>Fikri M\u00fclkiyet<\/strong><\/h3>\n\n\n\n<p>T\u00fcm i\u00e7erik mevcut <strong>Klatix<\/strong>metinler, resimler, grafikler, logolar ve di\u011fer materyaller dahil olmak \u00fczere telif haklar\u0131yla korunmaktad\u0131r ve web sitesine veya lisans verenlerine aittir. Bu i\u00e7eri\u011fin \u00f6nceden yaz\u0131l\u0131 izin al\u0131nmaks\u0131z\u0131n k\u00f6t\u00fcye kullan\u0131lmas\u0131 kesinlikle yasakt\u0131r.<\/p>\n\n\n\n<h3 class=\"wp-block-heading\">3. <strong>D\u0131\u015f Ba\u011flant\u0131lar<\/strong><\/h3>\n\n\n\n<p>Web sitemiz \u00fc\u00e7\u00fcnc\u00fc taraf web sitelerine ba\u011flant\u0131lar i\u00e7erebilir. THE <strong>Klatix<\/strong> bu sitelerin i\u00e7eri\u011finden veya uygulad\u0131\u011f\u0131 gizlilik politikas\u0131ndan sorumlu de\u011fildir. Harici web sitelerine eri\u015firken her bir web sitesinin \u015fartlar\u0131n\u0131 ve politikalar\u0131n\u0131 incelemenizi \u00f6neririz.<\/p>\n\n\n\n<h3 class=\"wp-block-heading\">4. <strong>\u0130\u00e7erik De\u011fi\u015fiklikleri<\/strong><\/h3>\n\n\n\n<p>THE <strong>Klatix<\/strong> \u00f6nceden haber vermeksizin web sitesinin i\u00e7eri\u011fini de\u011fi\u015ftirme, silme veya bilgi ekleme hakk\u0131n\u0131 sakl\u0131 tutar. Kullan\u0131c\u0131lar\u0131n herhangi bir g\u00fcncellemeden haberdar olmalar\u0131 i\u00e7in bu bildirimi d\u00fczenli olarak tekrar ziyaret etmelerini \u00f6neririz.<\/p>\n\n\n\n<h3 class=\"wp-block-heading\">5. <strong>K\u00f6t\u00fcye kullan\u0131m<\/strong><\/h3>\n\n\n\n<p>Web sitesinin herhangi bir manip\u00fclasyonu, g\u00fcvenlik ihlali veya k\u00f6t\u00fcye kullan\u0131lmas\u0131 <strong>Klatix<\/strong> hukuki veya cezai yapt\u0131r\u0131mlarla sonu\u00e7lanabilecek y\u00fcr\u00fcrl\u00fckteki kanunlara uygun olarak muamele edilecektir.<\/p>\n\n\n\n<h3 class=\"wp-block-heading\">6. <strong>Bize Ula\u015f\u0131n<\/strong><\/h3>\n\n\n\n<p>Bu Yasal Bildirimle ilgili sorular\u0131n\u0131z veya endi\u015feleriniz varsa l\u00fctfen bizimle e-posta yoluyla ileti\u015fime ge\u00e7in: <a>suporte@klatix.com<\/a>.<\/p>\n\n\n\n<p>Bu Yasal Uyar\u0131 en son 23.10.2024 tarihinde g\u00fcncellendi. Siteyi kullanmaya devam ederek yukar\u0131da belirtilen \u015fartlar\u0131 kabul etmi\u015f olursunuz.<\/p>","protected":false},"excerpt":{"rendered":"<p>O conte\u00fado disponibilizado no site Klatix (www.klatix.com) \u00e9 de car\u00e1ter informativo e educativo, n\u00e3o devendo ser utilizado como substituto para aconselhamento profissional. Ao acessar ou utilizar nosso site, voc\u00ea concorda com os termos abaixo. 1. Isen\u00e7\u00e3o de Responsabilidade A Klatix se esfor\u00e7a para fornecer informa\u00e7\u00f5es precisas e atualizadas, mas n\u00e3o garante que os conte\u00fados sejam [&hellip;]<\/p>\n","protected":false},"author":1,"featured_media":0,"parent":0,"menu_order":0,"comment_status":"closed","ping_status":"closed","template":"","meta":{"footnotes":""},"class_list":["post-480","page","type-page","status-publish"],"_links":{"self":[{"href":"https:\/\/klatix.com\/tr\/wp-json\/wp\/v2\/pages\/480","targetHints":{"allow":["GET"]}}],"collection":[{"href":"https:\/\/klatix.com\/tr\/wp-json\/wp\/v2\/pages"}],"about":[{"href":"https:\/\/klatix.com\/tr\/wp-json\/wp\/v2\/types\/page"}],"author":[{"embeddable":true,"href":"https:\/\/klatix.com\/tr\/wp-json\/wp\/v2\/users\/1"}],"replies":[{"embeddable":true,"href":"https:\/\/klatix.com\/tr\/wp-json\/wp\/v2\/comments?post=480"}],"version-history":[{"count":1,"href":"https:\/\/klatix.com\/tr\/wp-json\/wp\/v2\/pages\/480\/revisions"}],"predecessor-version":[{"id":481,"href":"https:\/\/klatix.com\/tr\/wp-json\/wp\/v2\/pages\/480\/revisions\/481"}],"wp:attachment":[{"href":"https:\/\/klatix.com\/tr\/wp-json\/wp\/v2\/media?parent=480"}],"curies":[{"name":"wp","href":"https:\/\/api.w.org\/{rel}","templated":true}]}}