{"id":456,"date":"2024-10-21T04:56:27","date_gmt":"2024-10-21T04:56:27","guid":{"rendered":"https:\/\/klatix.com\/?page_id=456"},"modified":"2024-10-21T04:56:28","modified_gmt":"2024-10-21T04:56:28","slug":"tibbi-sorumluluk-muafiyet-beyani","status":"publish","type":"page","link":"https:\/\/klatix.com\/tr\/declaracao-de-isencao-de-responsabilidade-medica\/","title":{"rendered":"T\u0131bbi Sorumluluk Reddi"},"content":{"rendered":"<p>Bu i\u00e7erik yaln\u0131zca bilgilendirme ama\u00e7l\u0131d\u0131r. Profesyonel t\u0131bbi tavsiye, te\u015fhis veya tedavinin yerine kullan\u0131lmamal\u0131d\u0131r. Sa\u011fl\u0131k durumunuzla veya t\u0131bbi cihazlar\u0131n veya uygulamalar\u0131n kullan\u0131m\u0131yla ilgili sorular\u0131n\u0131z i\u00e7in bir doktora veya ba\u015fka bir kalifiye sa\u011fl\u0131k uzman\u0131na dan\u0131\u015f\u0131n.<\/p>\n\n\n\n<p><strong>Sorumlulu\u011fun S\u0131n\u0131rland\u0131r\u0131lmas\u0131<\/strong><\/p>\n\n\n\n<p>Glikoz izleme uygulamalar\u0131n\u0131n sa\u011flad\u0131\u011f\u0131 sonu\u00e7lar farkl\u0131l\u0131k g\u00f6sterebilir. S\u00f6z konusu uygulamalar\u0131n sa\u011flad\u0131\u011f\u0131 bilgilerin yanl\u0131\u015f kullan\u0131m\u0131 veya yanl\u0131\u015f yorumlanmas\u0131ndan do\u011facak zarar ve sonu\u00e7lardan \u015firket sorumlu de\u011fildir.<\/p>\n\n\n\n<p><strong>Sa\u011fl\u0131k ve G\u00fcvenlik Beyan\u0131<\/strong><\/p>\n\n\n\n<p>Uygulaman\u0131n \u00fcreticisi taraf\u0131ndan sa\u011flanan t\u00fcm talimatlara uydu\u011funuzdan emin olun ve uygulama arac\u0131l\u0131\u011f\u0131yla elde edilen sonu\u00e7lara g\u00f6re tedavinizde veya diyetinizde herhangi bir ayarlama yapmadan \u00f6nce doktorunuza dan\u0131\u015f\u0131n.<\/p>\n\n\n\n<p><strong>Ya\u015f s\u0131n\u0131r\u0131<\/strong><\/p>\n\n\n\n<p>Baz\u0131 glikoz izleme uygulamalar\u0131 yaln\u0131zca 18 ya\u015f\u0131n \u00fczerindeki ki\u015filer i\u00e7in uygun olabilir. Her uygulaman\u0131n kullan\u0131m ko\u015fullar\u0131n\u0131 kontrol edin.<\/p>\n\n\n\n<p><\/p>","protected":false},"excerpt":{"rendered":"<p>Este conte\u00fado \u00e9 apenas para fins informativos. N\u00e3o deve ser utilizado como substituto de aconselhamento m\u00e9dico profissional, diagn\u00f3stico ou tratamento. Consulte um m\u00e9dico ou outro profissional de sa\u00fade qualificado para qualquer d\u00favida sobre sua condi\u00e7\u00e3o de sa\u00fade ou sobre o uso de dispositivos ou aplicativos m\u00e9dicos. Limita\u00e7\u00e3o de Responsabilidade Os resultados fornecidos pelos aplicativos de [&hellip;]<\/p>\n","protected":false},"author":1,"featured_media":0,"parent":0,"menu_order":0,"comment_status":"closed","ping_status":"closed","template":"","meta":{"footnotes":""},"class_list":["post-456","page","type-page","status-publish"],"_links":{"self":[{"href":"https:\/\/klatix.com\/tr\/wp-json\/wp\/v2\/pages\/456","targetHints":{"allow":["GET"]}}],"collection":[{"href":"https:\/\/klatix.com\/tr\/wp-json\/wp\/v2\/pages"}],"about":[{"href":"https:\/\/klatix.com\/tr\/wp-json\/wp\/v2\/types\/page"}],"author":[{"embeddable":true,"href":"https:\/\/klatix.com\/tr\/wp-json\/wp\/v2\/users\/1"}],"replies":[{"embeddable":true,"href":"https:\/\/klatix.com\/tr\/wp-json\/wp\/v2\/comments?post=456"}],"version-history":[{"count":1,"href":"https:\/\/klatix.com\/tr\/wp-json\/wp\/v2\/pages\/456\/revisions"}],"predecessor-version":[{"id":457,"href":"https:\/\/klatix.com\/tr\/wp-json\/wp\/v2\/pages\/456\/revisions\/457"}],"wp:attachment":[{"href":"https:\/\/klatix.com\/tr\/wp-json\/wp\/v2\/media?parent=456"}],"curies":[{"name":"wp","href":"https:\/\/api.w.org\/{rel}","templated":true}]}}