{"id":74,"date":"2024-05-31T15:12:31","date_gmt":"2024-05-31T15:12:31","guid":{"rendered":"https:\/\/klatix.com\/?page_id=74"},"modified":"2024-08-03T01:28:07","modified_gmt":"2024-08-03T01:28:07","slug":"mga-patakaran-sa-privacy","status":"publish","type":"page","link":"https:\/\/klatix.com\/tl\/politicas-de-privacidade\/","title":{"rendered":"Mga Patakaran sa Privacy"},"content":{"rendered":"<h1 class=\"wp-block-heading\"><\/h1>\n\n\n\n<p>Maligayang pagdating sa\u00a0<strong>Klatix<\/strong>. Inilalarawan ng patakaran sa privacy na ito kung paano namin kinokolekta, ginagamit at ibinabahagi ang impormasyon tungkol sa iyo kapag ina-access o ginagamit mo ang aming website.<\/p>\n\n\n\n<ol class=\"wp-block-list\">\n<li>Impormasyong Kinokolekta Namin ang Personal na Impormasyon: Kinokolekta namin ang personal na impormasyon na boluntaryo mong ibinibigay, tulad ng iyong pangalan, email at iba pang impormasyon sa pakikipag-ugnayan kapag nag-sign up ka para sa mga update o nakipag-ugnayan sa amin. Data ng Paggamit: Awtomatiko kaming nangongolekta ng impormasyon tungkol sa kung paano mo ina-access at ginagamit ang Site, kabilang ang uri ng device, web browser, mga pahinang binisita, mga pag-click, mga pattern ng paggamit at iba pang impormasyon sa paggamit. Cookies at Tracking Technologies: Gumagamit kami ng cookies at mga teknolohiya sa pagsubaybay upang i-personalize ang iyong karanasan at mangolekta ng data tungkol sa iyong pakikipag-ugnayan sa website at sa mga advertisement na ipinapakita.<\/li>\n\n\n\n<li>Paggamit ng Impormasyon Ginagamit namin ang iyong impormasyon upang:<\/li>\n<\/ol>\n\n\n\n<p>Magbigay, magpanatili at pagbutihin ang aming website at mga serbisyo. Makipag-ugnayan sa iyo, tumugon sa iyong mga tanong at kahilingan. Magpakita ng mga personalized na ad at magsagawa ng pagsusuri ng data.<\/p>\n\n\n\n<ol start=\"3\" class=\"wp-block-list\">\n<li>Pagbabahagi ng Impormasyon Maaari naming ibahagi ang iyong impormasyon sa mga ikatlong partido sa mga sumusunod na sitwasyon:<\/li>\n<\/ol>\n\n\n\n<p>Mga Service Provider: Nagbabahagi kami ng impormasyon sa mga vendor na tumutulong sa aming patakbuhin ang site, tulad ng web hosting at pagsusuri ng data. Google Ad Exchange: Kung kinakailangan upang maghatid ng mga ad sa pamamagitan ng Google Ad Exchange. Legal na Pagsunod: Kung kinakailangan upang sumunod sa batas o tumugon sa legal na proseso.<\/p>\n\n\n\n<ol start=\"4\" class=\"wp-block-list\">\n<li>Google AdSense Alinsunod sa mga tuntunin ng Google AdSense, mangyaring maabisuhan na ang Google, bilang isang third-party na vendor, ay gumagamit ng cookies upang maghatid ng mga ad sa aming website. Ang paggamit ng Google sa cookie ng DART ay nagbibigay-daan dito upang maghatid ng mga ad sa aming mga gumagamit batay sa mga nakaraang pagbisita sa aming site at iba pang mga site sa Internet. Maaaring mag-opt out ang mga user sa paggamit ng cookie ng DART sa pamamagitan ng pagbisita sa Patakaran sa Privacy ng Google Advertising at Network ng Nilalaman.<\/li>\n\n\n\n<li>Mga Pagbabago sa Patakaran sa Privacy Maaari naming i-update ang aming Patakaran sa Privacy paminsan-minsan. Aabisuhan ka namin ng anumang mga pagbabago sa pamamagitan ng pag-post ng bagong Patakaran sa Privacy sa pahinang ito.<\/li>\n\n\n\n<li>Makipag-ugnayan Kung mayroon kang mga tanong tungkol sa Patakaran sa Privacy na ito, mangyaring makipag-ugnayan sa amin.<\/li>\n<\/ol>","protected":false},"excerpt":{"rendered":"<p>Bem-vindo ao\u00a0Klatix. Esta pol\u00edtica de privacidade descreve como coletamos, usamos e compartilhamos informa\u00e7\u00f5es sobre voc\u00ea quando acessa ou usa nosso site. Fornecer, manter e melhorar nosso site e servi\u00e7os. Comunicar-nos com voc\u00ea, responder suas perguntas e solicita\u00e7\u00f5es. Exibir an\u00fancios personalizados e realizar an\u00e1lises de dados. Fornecedores de Servi\u00e7os: Compartilhamos informa\u00e7\u00f5es com fornecedores que nos ajudam [&hellip;]<\/p>\n","protected":false},"author":1,"featured_media":0,"parent":0,"menu_order":0,"comment_status":"closed","ping_status":"closed","template":"","meta":{"footnotes":""},"class_list":["post-74","page","type-page","status-publish"],"_links":{"self":[{"href":"https:\/\/klatix.com\/tl\/wp-json\/wp\/v2\/pages\/74","targetHints":{"allow":["GET"]}}],"collection":[{"href":"https:\/\/klatix.com\/tl\/wp-json\/wp\/v2\/pages"}],"about":[{"href":"https:\/\/klatix.com\/tl\/wp-json\/wp\/v2\/types\/page"}],"author":[{"embeddable":true,"href":"https:\/\/klatix.com\/tl\/wp-json\/wp\/v2\/users\/1"}],"replies":[{"embeddable":true,"href":"https:\/\/klatix.com\/tl\/wp-json\/wp\/v2\/comments?post=74"}],"version-history":[{"count":3,"href":"https:\/\/klatix.com\/tl\/wp-json\/wp\/v2\/pages\/74\/revisions"}],"predecessor-version":[{"id":304,"href":"https:\/\/klatix.com\/tl\/wp-json\/wp\/v2\/pages\/74\/revisions\/304"}],"wp:attachment":[{"href":"https:\/\/klatix.com\/tl\/wp-json\/wp\/v2\/media?parent=74"}],"curies":[{"name":"wp","href":"https:\/\/api.w.org\/{rel}","templated":true}]}}