{"id":480,"date":"2024-10-24T06:04:51","date_gmt":"2024-10-24T06:04:51","guid":{"rendered":"https:\/\/klatix.com\/?page_id=480"},"modified":"2024-10-24T06:04:52","modified_gmt":"2024-10-24T06:04:52","slug":"legal-na-paunawa","status":"publish","type":"page","link":"https:\/\/klatix.com\/tl\/aviso-legal\/","title":{"rendered":"Legal na Paunawa"},"content":{"rendered":"<p>Ang nilalaman na magagamit sa website <strong>Klatix<\/strong> (<a href=\"https:\/\/klatix.com\/tl\/\">www.klatix.com<\/a>) ay nagbibigay-kaalaman at pang-edukasyon sa kalikasan at hindi dapat gamitin bilang kapalit ng propesyonal na payo. Sa pamamagitan ng pag-access o paggamit sa aming website, sumasang-ayon ka sa mga tuntunin sa ibaba.<\/p>\n\n\n\n<h3 class=\"wp-block-heading\">1. <strong>Disclaimer<\/strong><\/h3>\n\n\n\n<p>ANG <strong>Klatix<\/strong> nagsusumikap na magbigay ng tumpak at napapanahon na impormasyon, ngunit hindi ginagarantiyahan na ang mga nilalaman ay walang error o kumpleto. Ang iyong paggamit ng impormasyong nakapaloob sa website ay nasa iyong sariling peligro. Hindi kami mananagot para sa anumang pinsala o pagkalugi na nagmumula sa paggamit o interpretasyon ng impormasyong ibinigay.<\/p>\n\n\n\n<h3 class=\"wp-block-heading\">2. <strong>Intelektwal na Ari-arian<\/strong><\/h3>\n\n\n\n<p>Lahat ng nilalaman ay nasa <strong>Klatix<\/strong>, kabilang ang mga teksto, larawan, graphics, logo at iba pang materyal, ay protektado ng copyright at pag-aari ng website o mga tagapaglisensya nito. Ang maling paggamit ng nilalamang ito nang walang paunang nakasulat na pahintulot ay mahigpit na ipinagbabawal.<\/p>\n\n\n\n<h3 class=\"wp-block-heading\">3. <strong>Mga Panlabas na Link<\/strong><\/h3>\n\n\n\n<p>Ang aming website ay maaaring maglaman ng mga link sa mga third party na website. ANG <strong>Klatix<\/strong> ay hindi mananagot para sa nilalaman o patakaran sa privacy na ginagawa ng mga site na ito. Inirerekomenda namin na kapag nag-a-access sa mga panlabas na website, suriin mo ang mga tuntunin at patakaran ng bawat website.<\/p>\n\n\n\n<h3 class=\"wp-block-heading\">4. <strong>Mga Pagbabago sa Nilalaman<\/strong><\/h3>\n\n\n\n<p>ANG <strong>Klatix<\/strong> Inilalaan ang karapatang baguhin, tanggalin o magdagdag ng impormasyon sa nilalaman ng website nang walang paunang abiso. Hinihikayat namin ang mga user na regular na bisitahin ang notice na ito upang malaman ang anumang mga update.<\/p>\n\n\n\n<h3 class=\"wp-block-heading\">5. <strong>Maling paggamit<\/strong><\/h3>\n\n\n\n<p>Anumang pagtatangkang pagmamanipula, paglabag sa seguridad o maling paggamit ng website <strong>Klatix<\/strong> ay ituturing alinsunod sa mga naaangkop na batas, na maaaring magresulta sa sibil o kriminal na parusa.<\/p>\n\n\n\n<h3 class=\"wp-block-heading\">6. <strong>Makipag-ugnayan sa amin<\/strong><\/h3>\n\n\n\n<p>Kung mayroon kang mga tanong o alalahanin tungkol sa Legal na Abiso na ito, mangyaring makipag-ugnayan sa amin sa pamamagitan ng email: <a>suporte@klatix.com<\/a>.<\/p>\n\n\n\n<p>Huling na-update ang Legal na Notice na ito noong 10\/23\/2024. Sa pamamagitan ng patuloy na paggamit sa site, sumasang-ayon ka sa mga tuntuning nabanggit sa itaas.<\/p>","protected":false},"excerpt":{"rendered":"<p>O conte\u00fado disponibilizado no site Klatix (www.klatix.com) \u00e9 de car\u00e1ter informativo e educativo, n\u00e3o devendo ser utilizado como substituto para aconselhamento profissional. Ao acessar ou utilizar nosso site, voc\u00ea concorda com os termos abaixo. 1. Isen\u00e7\u00e3o de Responsabilidade A Klatix se esfor\u00e7a para fornecer informa\u00e7\u00f5es precisas e atualizadas, mas n\u00e3o garante que os conte\u00fados sejam [&hellip;]<\/p>\n","protected":false},"author":1,"featured_media":0,"parent":0,"menu_order":0,"comment_status":"closed","ping_status":"closed","template":"","meta":{"footnotes":""},"class_list":["post-480","page","type-page","status-publish"],"_links":{"self":[{"href":"https:\/\/klatix.com\/tl\/wp-json\/wp\/v2\/pages\/480","targetHints":{"allow":["GET"]}}],"collection":[{"href":"https:\/\/klatix.com\/tl\/wp-json\/wp\/v2\/pages"}],"about":[{"href":"https:\/\/klatix.com\/tl\/wp-json\/wp\/v2\/types\/page"}],"author":[{"embeddable":true,"href":"https:\/\/klatix.com\/tl\/wp-json\/wp\/v2\/users\/1"}],"replies":[{"embeddable":true,"href":"https:\/\/klatix.com\/tl\/wp-json\/wp\/v2\/comments?post=480"}],"version-history":[{"count":1,"href":"https:\/\/klatix.com\/tl\/wp-json\/wp\/v2\/pages\/480\/revisions"}],"predecessor-version":[{"id":481,"href":"https:\/\/klatix.com\/tl\/wp-json\/wp\/v2\/pages\/480\/revisions\/481"}],"wp:attachment":[{"href":"https:\/\/klatix.com\/tl\/wp-json\/wp\/v2\/media?parent=480"}],"curies":[{"name":"wp","href":"https:\/\/api.w.org\/{rel}","templated":true}]}}