{"id":456,"date":"2024-10-21T04:56:27","date_gmt":"2024-10-21T04:56:27","guid":{"rendered":"https:\/\/klatix.com\/?page_id=456"},"modified":"2024-10-21T04:56:28","modified_gmt":"2024-10-21T04:56:28","slug":"medikal-na-disclaimer","status":"publish","type":"page","link":"https:\/\/klatix.com\/tl\/declaracao-de-isencao-de-responsabilidade-medica\/","title":{"rendered":"Medical Disclaimer"},"content":{"rendered":"<p>Ang nilalamang ito ay para sa mga layuning pang-impormasyon lamang. Hindi ito dapat gamitin bilang kapalit para sa propesyonal na medikal na payo, diagnosis o paggamot. Kumonsulta sa isang manggagamot o iba pang kwalipikadong propesyonal sa pangangalagang pangkalusugan sa anumang mga katanungan na maaaring mayroon ka tungkol sa iyong kalagayan sa kalusugan o paggamit ng mga medikal na aparato o aplikasyon.<\/p>\n\n\n\n<p><strong>Limitasyon ng Pananagutan<\/strong><\/p>\n\n\n\n<p>Maaaring mag-iba-iba ang mga resultang ibinigay ng glucose monitoring app. Ang kumpanya ay hindi mananagot para sa anumang pinsala o kahihinatnan na nagmumula sa maling paggamit o maling interpretasyon ng impormasyong ibinigay ng mga nabanggit na aplikasyon.<\/p>\n\n\n\n<p><strong>Pahayag ng Kalusugan at Kaligtasan<\/strong><\/p>\n\n\n\n<p>Tiyaking sundin ang lahat ng tagubiling ibinigay ng manufacturer ng app at kumunsulta sa iyong doktor bago gumawa ng anumang pagsasaayos sa iyong paggamot o diyeta batay sa mga resultang nakuha sa pamamagitan ng app.<\/p>\n\n\n\n<p><strong>Limitasyon sa edad<\/strong><\/p>\n\n\n\n<p>Ang ilang apps sa pagsubaybay sa glucose ay maaaring angkop lamang para sa mga lampas 18 taong gulang. Suriin ang mga tuntunin ng paggamit para sa bawat application.<\/p>\n\n\n\n<p><\/p>","protected":false},"excerpt":{"rendered":"<p>Este conte\u00fado \u00e9 apenas para fins informativos. N\u00e3o deve ser utilizado como substituto de aconselhamento m\u00e9dico profissional, diagn\u00f3stico ou tratamento. Consulte um m\u00e9dico ou outro profissional de sa\u00fade qualificado para qualquer d\u00favida sobre sua condi\u00e7\u00e3o de sa\u00fade ou sobre o uso de dispositivos ou aplicativos m\u00e9dicos. Limita\u00e7\u00e3o de Responsabilidade Os resultados fornecidos pelos aplicativos de [&hellip;]<\/p>\n","protected":false},"author":1,"featured_media":0,"parent":0,"menu_order":0,"comment_status":"closed","ping_status":"closed","template":"","meta":{"footnotes":""},"class_list":["post-456","page","type-page","status-publish"],"_links":{"self":[{"href":"https:\/\/klatix.com\/tl\/wp-json\/wp\/v2\/pages\/456","targetHints":{"allow":["GET"]}}],"collection":[{"href":"https:\/\/klatix.com\/tl\/wp-json\/wp\/v2\/pages"}],"about":[{"href":"https:\/\/klatix.com\/tl\/wp-json\/wp\/v2\/types\/page"}],"author":[{"embeddable":true,"href":"https:\/\/klatix.com\/tl\/wp-json\/wp\/v2\/users\/1"}],"replies":[{"embeddable":true,"href":"https:\/\/klatix.com\/tl\/wp-json\/wp\/v2\/comments?post=456"}],"version-history":[{"count":1,"href":"https:\/\/klatix.com\/tl\/wp-json\/wp\/v2\/pages\/456\/revisions"}],"predecessor-version":[{"id":457,"href":"https:\/\/klatix.com\/tl\/wp-json\/wp\/v2\/pages\/456\/revisions\/457"}],"wp:attachment":[{"href":"https:\/\/klatix.com\/tl\/wp-json\/wp\/v2\/media?parent=456"}],"curies":[{"name":"wp","href":"https:\/\/api.w.org\/{rel}","templated":true}]}}