{"id":72,"date":"2024-05-31T15:12:16","date_gmt":"2024-05-31T15:12:16","guid":{"rendered":"https:\/\/klatix.com\/?page_id=72"},"modified":"2025-03-20T04:13:20","modified_gmt":"2025-03-20T04:13:20","slug":"%e0%b9%80%e0%b8%87%e0%b8%b7%e0%b9%88%e0%b8%ad%e0%b8%99%e0%b9%84%e0%b8%82%e0%b8%81%e0%b8%b2%e0%b8%a3%e0%b9%83%e0%b8%8a%e0%b9%89%e0%b8%87%e0%b8%b2%e0%b8%99","status":"publish","type":"page","link":"https:\/\/klatix.com\/th\/termos-de-uso\/","title":{"rendered":"\u0e02\u0e49\u0e2d\u0e01\u0e33\u0e2b\u0e19\u0e14\u0e01\u0e32\u0e23\u0e43\u0e0a\u0e49\u0e07\u0e32\u0e19"},"content":{"rendered":"<p>\u0e2b\u0e32\u0e01\u0e04\u0e38\u0e13\u0e22\u0e31\u0e07\u0e04\u0e07\u0e40\u0e23\u0e35\u0e22\u0e01\u0e14\u0e39\u0e41\u0e25\u0e30\u0e43\u0e0a\u0e49\u0e40\u0e27\u0e47\u0e1a\u0e44\u0e0b\u0e15\u0e4c\u0e19\u0e35\u0e49 \u0e41\u0e2a\u0e14\u0e07\u0e27\u0e48\u0e32\u0e04\u0e38\u0e13\u0e15\u0e01\u0e25\u0e07\u0e17\u0e35\u0e48\u0e08\u0e30\u0e1b\u0e0f\u0e34\u0e1a\u0e31\u0e15\u0e34\u0e15\u0e32\u0e21\u0e41\u0e25\u0e30\u0e1c\u0e39\u0e01\u0e1e\u0e31\u0e19\u0e15\u0e32\u0e21\u0e02\u0e49\u0e2d\u0e01\u0e33\u0e2b\u0e19\u0e14\u0e41\u0e25\u0e30\u0e40\u0e07\u0e37\u0e48\u0e2d\u0e19\u0e44\u0e02\u0e01\u0e32\u0e23\u0e43\u0e0a\u0e49\u0e07\u0e32\u0e19\u0e15\u0e48\u0e2d\u0e44\u0e1b\u0e19\u0e35\u0e49 \u0e0b\u0e36\u0e48\u0e07\u0e23\u0e48\u0e27\u0e21\u0e01\u0e31\u0e1a\u0e19\u0e42\u0e22\u0e1a\u0e32\u0e22\u0e04\u0e27\u0e32\u0e21\u0e40\u0e1b\u0e47\u0e19\u0e2a\u0e48\u0e27\u0e19\u0e15\u0e31\u0e27\u0e02\u0e2d\u0e07\u0e40\u0e23\u0e32\u0e08\u0e30\u0e04\u0e27\u0e1a\u0e04\u0e38\u0e21\u0e04\u0e27\u0e32\u0e21\u0e2a\u0e31\u0e21\u0e1e\u0e31\u0e19\u0e18\u0e4c\u0e02\u0e2d\u0e07 Klatix \u0e01\u0e31\u0e1a\u0e04\u0e38\u0e13<\/p>\n\n\n\n<p>\u0e2b\u0e32\u0e01\u0e04\u0e38\u0e13\u0e44\u0e21\u0e48\u0e40\u0e2b\u0e47\u0e19\u0e14\u0e49\u0e27\u0e22\u0e01\u0e31\u0e1a\u0e2a\u0e48\u0e27\u0e19\u0e43\u0e14\u0e2a\u0e48\u0e27\u0e19\u0e2b\u0e19\u0e36\u0e48\u0e07\u0e02\u0e2d\u0e07\u0e02\u0e49\u0e2d\u0e01\u0e33\u0e2b\u0e19\u0e14\u0e41\u0e25\u0e30\u0e40\u0e07\u0e37\u0e48\u0e2d\u0e19\u0e44\u0e02\u0e40\u0e2b\u0e25\u0e48\u0e32\u0e19\u0e35\u0e49 \u0e42\u0e1b\u0e23\u0e14\u0e2d\u0e22\u0e48\u0e32\u0e43\u0e0a\u0e49\u0e40\u0e27\u0e47\u0e1a\u0e44\u0e0b\u0e15\u0e4c\u0e02\u0e2d\u0e07\u0e40\u0e23\u0e32<\/p>\n\n\n\n<p>\u0e01\u0e32\u0e23\u0e43\u0e0a\u0e49\u0e40\u0e27\u0e47\u0e1a\u0e44\u0e0b\u0e15\u0e4c\u0e19\u0e35\u0e49\u0e2d\u0e22\u0e39\u0e48\u0e20\u0e32\u0e22\u0e43\u0e15\u0e49\u0e40\u0e07\u0e37\u0e48\u0e2d\u0e19\u0e44\u0e02\u0e01\u0e32\u0e23\u0e43\u0e0a\u0e49\u0e07\u0e32\u0e19\u0e14\u0e31\u0e07\u0e15\u0e48\u0e2d\u0e44\u0e1b\u0e19\u0e35\u0e49:<\/p>\n\n\n\n<p>\u0e40\u0e19\u0e37\u0e49\u0e2d\u0e2b\u0e32\u0e02\u0e2d\u0e07\u0e2b\u0e19\u0e49\u0e32\u0e40\u0e27\u0e47\u0e1a\u0e44\u0e0b\u0e15\u0e4c\u0e19\u0e35\u0e49\u0e21\u0e35\u0e44\u0e27\u0e49\u0e40\u0e1e\u0e37\u0e48\u0e2d\u0e40\u0e1b\u0e47\u0e19\u0e02\u0e49\u0e2d\u0e21\u0e39\u0e25\u0e17\u0e31\u0e48\u0e27\u0e44\u0e1b\u0e02\u0e2d\u0e07\u0e04\u0e38\u0e13\u0e41\u0e25\u0e30\u0e43\u0e0a\u0e49\u0e07\u0e32\u0e19\u0e40\u0e17\u0e48\u0e32\u0e19\u0e31\u0e49\u0e19 \u0e2d\u0e32\u0e08\u0e21\u0e35\u0e01\u0e32\u0e23\u0e40\u0e1b\u0e25\u0e35\u0e48\u0e22\u0e19\u0e41\u0e1b\u0e25\u0e07\u0e44\u0e14\u0e49\u0e42\u0e14\u0e22\u0e44\u0e21\u0e48\u0e15\u0e49\u0e2d\u0e07\u0e41\u0e08\u0e49\u0e07\u0e43\u0e2b\u0e49\u0e17\u0e23\u0e32\u0e1a\u0e25\u0e48\u0e27\u0e07\u0e2b\u0e19\u0e49\u0e32 \u0e17\u0e31\u0e49\u0e07\u0e40\u0e23\u0e32\u0e41\u0e25\u0e30\u0e1a\u0e38\u0e04\u0e04\u0e25\u0e17\u0e35\u0e48\u0e2a\u0e32\u0e21\u0e44\u0e21\u0e48\u0e43\u0e2b\u0e49\u0e01\u0e32\u0e23\u0e23\u0e31\u0e1a\u0e1b\u0e23\u0e30\u0e01\u0e31\u0e19\u0e2b\u0e23\u0e37\u0e2d\u0e23\u0e31\u0e1a\u0e1b\u0e23\u0e30\u0e01\u0e31\u0e19\u0e04\u0e27\u0e32\u0e21\u0e16\u0e39\u0e01\u0e15\u0e49\u0e2d\u0e07 \u0e04\u0e27\u0e32\u0e21\u0e17\u0e31\u0e19\u0e40\u0e27\u0e25\u0e32 \u0e1b\u0e23\u0e30\u0e2a\u0e34\u0e17\u0e18\u0e34\u0e20\u0e32\u0e1e \u0e04\u0e27\u0e32\u0e21\u0e04\u0e23\u0e1a\u0e16\u0e49\u0e27\u0e19\u0e2b\u0e23\u0e37\u0e2d\u0e04\u0e27\u0e32\u0e21\u0e40\u0e2b\u0e21\u0e32\u0e30\u0e2a\u0e21\u0e02\u0e2d\u0e07\u0e02\u0e49\u0e2d\u0e21\u0e39\u0e25\u0e41\u0e25\u0e30\u0e27\u0e31\u0e2a\u0e14\u0e38\u0e17\u0e35\u0e48\u0e1e\u0e1a\u0e2b\u0e23\u0e37\u0e2d\u0e19\u0e33\u0e40\u0e2a\u0e19\u0e2d\u0e1a\u0e19\u0e40\u0e27\u0e47\u0e1a\u0e44\u0e0b\u0e15\u0e4c\u0e19\u0e35\u0e49\u0e40\u0e1e\u0e37\u0e48\u0e2d\u0e27\u0e31\u0e15\u0e16\u0e38\u0e1b\u0e23\u0e30\u0e2a\u0e07\u0e04\u0e4c\u0e40\u0e09\u0e1e\u0e32\u0e30\u0e43\u0e14\u0e46 \u0e01\u0e32\u0e23\u0e43\u0e0a\u0e49\u0e02\u0e49\u0e2d\u0e21\u0e39\u0e25\u0e2b\u0e23\u0e37\u0e2d\u0e40\u0e19\u0e37\u0e49\u0e2d\u0e2b\u0e32\u0e43\u0e14 \u0e46 \u0e1a\u0e19\u0e40\u0e27\u0e47\u0e1a\u0e44\u0e0b\u0e15\u0e4c\u0e19\u0e35\u0e49\u0e40\u0e1b\u0e47\u0e19\u0e04\u0e27\u0e32\u0e21\u0e40\u0e2a\u0e35\u0e48\u0e22\u0e07\u0e02\u0e2d\u0e07\u0e04\u0e38\u0e13\u0e40\u0e2d\u0e07\u0e17\u0e31\u0e49\u0e07\u0e2b\u0e21\u0e14 \u0e0b\u0e36\u0e48\u0e07\u0e40\u0e23\u0e32\u0e08\u0e30\u0e44\u0e21\u0e48\u0e23\u0e31\u0e1a\u0e1c\u0e34\u0e14\u0e0a\u0e2d\u0e1a \u0e1a\u0e32\u0e07\u0e04\u0e23\u0e31\u0e49\u0e07\u0e40\u0e27\u0e47\u0e1a\u0e44\u0e0b\u0e15\u0e4c\u0e19\u0e35\u0e49\u0e2d\u0e32\u0e08\u0e21\u0e35\u0e25\u0e34\u0e07\u0e01\u0e4c\u0e44\u0e1b\u0e22\u0e31\u0e07\u0e40\u0e27\u0e47\u0e1a\u0e44\u0e0b\u0e15\u0e4c\u0e2d\u0e37\u0e48\u0e19\u0e14\u0e49\u0e27\u0e22 \u0e25\u0e34\u0e07\u0e01\u0e4c\u0e40\u0e2b\u0e25\u0e48\u0e32\u0e19\u0e35\u0e49\u0e08\u0e31\u0e14\u0e17\u0e33\u0e02\u0e36\u0e49\u0e19\u0e40\u0e1e\u0e37\u0e48\u0e2d\u0e04\u0e27\u0e32\u0e21\u0e2a\u0e30\u0e14\u0e27\u0e01\u0e02\u0e2d\u0e07\u0e04\u0e38\u0e13\u0e43\u0e19\u0e01\u0e32\u0e23\u0e43\u0e2b\u0e49\u0e02\u0e49\u0e2d\u0e21\u0e39\u0e25\u0e40\u0e1e\u0e34\u0e48\u0e21\u0e40\u0e15\u0e34\u0e21 \u0e40\u0e23\u0e32\u0e44\u0e21\u0e48\u0e23\u0e31\u0e1a\u0e1c\u0e34\u0e14\u0e0a\u0e2d\u0e1a\u0e15\u0e48\u0e2d\u0e40\u0e19\u0e37\u0e49\u0e2d\u0e2b\u0e32\u0e02\u0e2d\u0e07\u0e40\u0e27\u0e47\u0e1a\u0e44\u0e0b\u0e15\u0e4c\u0e17\u0e35\u0e48\u0e40\u0e0a\u0e37\u0e48\u0e2d\u0e21\u0e42\u0e22\u0e07<\/p>","protected":false},"excerpt":{"rendered":"<p>Se voc\u00ea continuar navegando e usando este site, concorda em cumprir e ficar vinculado aos seguintes termos e condi\u00e7\u00f5es de uso, que, juntamente com nossa pol\u00edtica de privacidade, regem o relacionamento do Klatix com voc\u00ea. Se voc\u00ea discordar de qualquer parte destes termos e condi\u00e7\u00f5es, n\u00e3o use nosso site. O uso deste site est\u00e1 sujeito [&hellip;]<\/p>\n","protected":false},"author":1,"featured_media":0,"parent":0,"menu_order":0,"comment_status":"closed","ping_status":"closed","template":"","meta":{"footnotes":""},"class_list":["post-72","page","type-page","status-publish"],"_links":{"self":[{"href":"https:\/\/klatix.com\/th\/wp-json\/wp\/v2\/pages\/72","targetHints":{"allow":["GET"]}}],"collection":[{"href":"https:\/\/klatix.com\/th\/wp-json\/wp\/v2\/pages"}],"about":[{"href":"https:\/\/klatix.com\/th\/wp-json\/wp\/v2\/types\/page"}],"author":[{"embeddable":true,"href":"https:\/\/klatix.com\/th\/wp-json\/wp\/v2\/users\/1"}],"replies":[{"embeddable":true,"href":"https:\/\/klatix.com\/th\/wp-json\/wp\/v2\/comments?post=72"}],"version-history":[{"count":2,"href":"https:\/\/klatix.com\/th\/wp-json\/wp\/v2\/pages\/72\/revisions"}],"predecessor-version":[{"id":305,"href":"https:\/\/klatix.com\/th\/wp-json\/wp\/v2\/pages\/72\/revisions\/305"}],"wp:attachment":[{"href":"https:\/\/klatix.com\/th\/wp-json\/wp\/v2\/media?parent=72"}],"curies":[{"name":"wp","href":"https:\/\/api.w.org\/{rel}","templated":true}]}}