{"id":480,"date":"2024-10-24T06:04:51","date_gmt":"2024-10-24T06:04:51","guid":{"rendered":"https:\/\/klatix.com\/?page_id=480"},"modified":"2024-10-24T06:04:52","modified_gmt":"2024-10-24T06:04:52","slug":"%e0%b8%9b%e0%b8%a3%e0%b8%b0%e0%b8%81%e0%b8%b2%e0%b8%a8%e0%b8%97%e0%b8%b2%e0%b8%87%e0%b8%81%e0%b8%8e%e0%b8%ab%e0%b8%a1%e0%b8%b2%e0%b8%a2","status":"publish","type":"page","link":"https:\/\/klatix.com\/th\/aviso-legal\/","title":{"rendered":"\u0e1b\u0e23\u0e30\u0e01\u0e32\u0e28\u0e17\u0e32\u0e07\u0e01\u0e0e\u0e2b\u0e21\u0e32\u0e22"},"content":{"rendered":"<p>\u0e40\u0e19\u0e37\u0e49\u0e2d\u0e2b\u0e32\u0e17\u0e35\u0e48\u0e21\u0e35\u0e2d\u0e22\u0e39\u0e48\u0e1a\u0e19\u0e40\u0e27\u0e47\u0e1a\u0e44\u0e0b\u0e15\u0e4c <strong>\u0e04\u0e25\u0e32\u0e17\u0e34\u0e01\u0e0b\u0e4c<\/strong> (<a href=\"https:\/\/klatix.com\/th\/\">www.klatix.com<\/a>) \u0e21\u0e35\u0e25\u0e31\u0e01\u0e29\u0e13\u0e30\u0e40\u0e1b\u0e47\u0e19\u0e02\u0e49\u0e2d\u0e21\u0e39\u0e25\u0e41\u0e25\u0e30\u0e43\u0e2b\u0e49\u0e04\u0e27\u0e32\u0e21\u0e23\u0e39\u0e49 \u0e41\u0e25\u0e30\u0e44\u0e21\u0e48\u0e04\u0e27\u0e23\u0e43\u0e0a\u0e49\u0e41\u0e17\u0e19\u0e04\u0e33\u0e41\u0e19\u0e30\u0e19\u0e33\u0e08\u0e32\u0e01\u0e1c\u0e39\u0e49\u0e40\u0e0a\u0e35\u0e48\u0e22\u0e27\u0e0a\u0e32\u0e0d \u0e01\u0e32\u0e23\u0e40\u0e02\u0e49\u0e32\u0e16\u0e36\u0e07\u0e2b\u0e23\u0e37\u0e2d\u0e43\u0e0a\u0e49\u0e40\u0e27\u0e47\u0e1a\u0e44\u0e0b\u0e15\u0e4c\u0e02\u0e2d\u0e07\u0e40\u0e23\u0e32\u0e41\u0e2a\u0e14\u0e07\u0e27\u0e48\u0e32\u0e04\u0e38\u0e13\u0e22\u0e2d\u0e21\u0e23\u0e31\u0e1a\u0e02\u0e49\u0e2d\u0e01\u0e33\u0e2b\u0e19\u0e14\u0e14\u0e49\u0e32\u0e19\u0e25\u0e48\u0e32\u0e07<\/p>\n\n\n\n<h3 class=\"wp-block-heading\">1. <strong>\u0e02\u0e49\u0e2d\u0e2a\u0e07\u0e27\u0e19\u0e2a\u0e34\u0e17\u0e18\u0e34\u0e4c<\/strong><\/h3>\n\n\n\n<p>\u0e17\u0e35\u0e48 <strong>\u0e04\u0e25\u0e32\u0e17\u0e34\u0e01\u0e0b\u0e4c<\/strong> \u0e21\u0e38\u0e48\u0e07\u0e21\u0e31\u0e48\u0e19\u0e17\u0e35\u0e48\u0e08\u0e30\u0e43\u0e2b\u0e49\u0e02\u0e49\u0e2d\u0e21\u0e39\u0e25\u0e17\u0e35\u0e48\u0e16\u0e39\u0e01\u0e15\u0e49\u0e2d\u0e07\u0e41\u0e25\u0e30\u0e17\u0e31\u0e19\u0e2a\u0e21\u0e31\u0e22 \u0e41\u0e15\u0e48\u0e44\u0e21\u0e48\u0e23\u0e31\u0e1a\u0e1b\u0e23\u0e30\u0e01\u0e31\u0e19\u0e27\u0e48\u0e32\u0e40\u0e19\u0e37\u0e49\u0e2d\u0e2b\u0e32\u0e1b\u0e23\u0e32\u0e28\u0e08\u0e32\u0e01\u0e02\u0e49\u0e2d\u0e1c\u0e34\u0e14\u0e1e\u0e25\u0e32\u0e14\u0e2b\u0e23\u0e37\u0e2d\u0e04\u0e23\u0e1a\u0e16\u0e49\u0e27\u0e19 \u0e01\u0e32\u0e23\u0e43\u0e0a\u0e49\u0e02\u0e49\u0e2d\u0e21\u0e39\u0e25\u0e17\u0e35\u0e48\u0e21\u0e35\u0e2d\u0e22\u0e39\u0e48\u0e1a\u0e19\u0e40\u0e27\u0e47\u0e1a\u0e44\u0e0b\u0e15\u0e4c\u0e16\u0e37\u0e2d\u0e40\u0e1b\u0e47\u0e19\u0e04\u0e27\u0e32\u0e21\u0e40\u0e2a\u0e35\u0e48\u0e22\u0e07\u0e02\u0e2d\u0e07\u0e04\u0e38\u0e13\u0e40\u0e2d\u0e07 \u0e40\u0e23\u0e32\u0e08\u0e30\u0e44\u0e21\u0e48\u0e23\u0e31\u0e1a\u0e1c\u0e34\u0e14\u0e0a\u0e2d\u0e1a\u0e15\u0e48\u0e2d\u0e04\u0e27\u0e32\u0e21\u0e40\u0e2a\u0e35\u0e22\u0e2b\u0e32\u0e22\u0e2b\u0e23\u0e37\u0e2d\u0e04\u0e27\u0e32\u0e21\u0e2a\u0e39\u0e0d\u0e40\u0e2a\u0e35\u0e22\u0e43\u0e14 \u0e46 \u0e17\u0e35\u0e48\u0e40\u0e01\u0e34\u0e14\u0e02\u0e36\u0e49\u0e19\u0e08\u0e32\u0e01\u0e01\u0e32\u0e23\u0e43\u0e0a\u0e49\u0e2b\u0e23\u0e37\u0e2d\u0e01\u0e32\u0e23\u0e15\u0e35\u0e04\u0e27\u0e32\u0e21\u0e02\u0e49\u0e2d\u0e21\u0e39\u0e25\u0e17\u0e35\u0e48\u0e43\u0e2b\u0e49\u0e44\u0e27\u0e49<\/p>\n\n\n\n<h3 class=\"wp-block-heading\">2. <strong>\u0e17\u0e23\u0e31\u0e1e\u0e22\u0e4c\u0e2a\u0e34\u0e19\u0e17\u0e32\u0e07\u0e1b\u0e31\u0e0d\u0e0d\u0e32<\/strong><\/h3>\n\n\n\n<p>\u0e40\u0e19\u0e37\u0e49\u0e2d\u0e2b\u0e32\u0e17\u0e31\u0e49\u0e07\u0e2b\u0e21\u0e14\u0e17\u0e35\u0e48\u0e21\u0e35\u0e2d\u0e22\u0e39\u0e48\u0e43\u0e19 <strong>\u0e04\u0e25\u0e32\u0e17\u0e34\u0e01\u0e0b\u0e4c<\/strong>\u0e23\u0e27\u0e21\u0e16\u0e36\u0e07\u0e02\u0e49\u0e2d\u0e04\u0e27\u0e32\u0e21 \u0e23\u0e39\u0e1b\u0e20\u0e32\u0e1e \u0e01\u0e23\u0e32\u0e1f\u0e34\u0e01 \u0e42\u0e25\u0e42\u0e01\u0e49 \u0e41\u0e25\u0e30\u0e27\u0e31\u0e2a\u0e14\u0e38\u0e2d\u0e37\u0e48\u0e19\u0e46 \u0e44\u0e14\u0e49\u0e23\u0e31\u0e1a\u0e01\u0e32\u0e23\u0e04\u0e38\u0e49\u0e21\u0e04\u0e23\u0e2d\u0e07\u0e42\u0e14\u0e22\u0e25\u0e34\u0e02\u0e2a\u0e34\u0e17\u0e18\u0e34\u0e4c\u0e41\u0e25\u0e30\u0e40\u0e1b\u0e47\u0e19\u0e02\u0e2d\u0e07\u0e40\u0e27\u0e47\u0e1a\u0e44\u0e0b\u0e15\u0e4c\u0e2b\u0e23\u0e37\u0e2d\u0e1c\u0e39\u0e49\u0e2d\u0e19\u0e38\u0e0d\u0e32\u0e15 \u0e2b\u0e49\u0e32\u0e21\u0e43\u0e0a\u0e49\u0e40\u0e19\u0e37\u0e49\u0e2d\u0e2b\u0e32\u0e19\u0e35\u0e49\u0e43\u0e19\u0e17\u0e32\u0e07\u0e17\u0e35\u0e48\u0e1c\u0e34\u0e14\u0e42\u0e14\u0e22\u0e44\u0e21\u0e48\u0e44\u0e14\u0e49\u0e23\u0e31\u0e1a\u0e2d\u0e19\u0e38\u0e0d\u0e32\u0e15\u0e40\u0e1b\u0e47\u0e19\u0e25\u0e32\u0e22\u0e25\u0e31\u0e01\u0e29\u0e13\u0e4c\u0e2d\u0e31\u0e01\u0e29\u0e23\u0e25\u0e48\u0e27\u0e07\u0e2b\u0e19\u0e49\u0e32\u0e42\u0e14\u0e22\u0e40\u0e14\u0e47\u0e14\u0e02\u0e32\u0e14<\/p>\n\n\n\n<h3 class=\"wp-block-heading\">3. <strong>\u0e25\u0e34\u0e07\u0e04\u0e4c\u0e20\u0e32\u0e22\u0e19\u0e2d\u0e01<\/strong><\/h3>\n\n\n\n<p>\u0e40\u0e27\u0e47\u0e1a\u0e44\u0e0b\u0e15\u0e4c\u0e02\u0e2d\u0e07\u0e40\u0e23\u0e32\u0e2d\u0e32\u0e08\u0e21\u0e35\u0e25\u0e34\u0e07\u0e01\u0e4c\u0e44\u0e1b\u0e22\u0e31\u0e07\u0e40\u0e27\u0e47\u0e1a\u0e44\u0e0b\u0e15\u0e4c\u0e1a\u0e38\u0e04\u0e04\u0e25\u0e17\u0e35\u0e48\u0e2a\u0e32\u0e21 \u0e17\u0e35\u0e48 <strong>\u0e04\u0e25\u0e32\u0e17\u0e34\u0e01\u0e0b\u0e4c<\/strong> \u0e08\u0e30\u0e44\u0e21\u0e48\u0e23\u0e31\u0e1a\u0e1c\u0e34\u0e14\u0e0a\u0e2d\u0e1a\u0e15\u0e48\u0e2d\u0e40\u0e19\u0e37\u0e49\u0e2d\u0e2b\u0e32\u0e2b\u0e23\u0e37\u0e2d\u0e19\u0e42\u0e22\u0e1a\u0e32\u0e22\u0e04\u0e27\u0e32\u0e21\u0e40\u0e1b\u0e47\u0e19\u0e2a\u0e48\u0e27\u0e19\u0e15\u0e31\u0e27\u0e17\u0e35\u0e48\u0e44\u0e0b\u0e15\u0e4c\u0e40\u0e2b\u0e25\u0e48\u0e32\u0e19\u0e35\u0e49\u0e1b\u0e0f\u0e34\u0e1a\u0e31\u0e15\u0e34 \u0e40\u0e23\u0e32\u0e02\u0e2d\u0e41\u0e19\u0e30\u0e19\u0e33\u0e27\u0e48\u0e32\u0e40\u0e21\u0e37\u0e48\u0e2d\u0e40\u0e02\u0e49\u0e32\u0e16\u0e36\u0e07\u0e40\u0e27\u0e47\u0e1a\u0e44\u0e0b\u0e15\u0e4c\u0e20\u0e32\u0e22\u0e19\u0e2d\u0e01 \u0e04\u0e38\u0e13\u0e04\u0e27\u0e23\u0e15\u0e23\u0e27\u0e08\u0e2a\u0e2d\u0e1a\u0e02\u0e49\u0e2d\u0e01\u0e33\u0e2b\u0e19\u0e14\u0e41\u0e25\u0e30\u0e19\u0e42\u0e22\u0e1a\u0e32\u0e22\u0e02\u0e2d\u0e07\u0e41\u0e15\u0e48\u0e25\u0e30\u0e40\u0e27\u0e47\u0e1a\u0e44\u0e0b\u0e15\u0e4c<\/p>\n\n\n\n<h3 class=\"wp-block-heading\">4. <strong>\u0e01\u0e32\u0e23\u0e40\u0e1b\u0e25\u0e35\u0e48\u0e22\u0e19\u0e41\u0e1b\u0e25\u0e07\u0e40\u0e19\u0e37\u0e49\u0e2d\u0e2b\u0e32<\/strong><\/h3>\n\n\n\n<p>\u0e17\u0e35\u0e48 <strong>\u0e04\u0e25\u0e32\u0e17\u0e34\u0e01\u0e0b\u0e4c<\/strong> \u0e02\u0e2d\u0e2a\u0e07\u0e27\u0e19\u0e2a\u0e34\u0e17\u0e18\u0e34\u0e4c\u0e43\u0e19\u0e01\u0e32\u0e23\u0e41\u0e01\u0e49\u0e44\u0e02 \u0e25\u0e1a \u0e2b\u0e23\u0e37\u0e2d\u0e40\u0e1e\u0e34\u0e48\u0e21\u0e02\u0e49\u0e2d\u0e21\u0e39\u0e25\u0e43\u0e19\u0e40\u0e19\u0e37\u0e49\u0e2d\u0e2b\u0e32\u0e02\u0e2d\u0e07\u0e40\u0e27\u0e47\u0e1a\u0e44\u0e0b\u0e15\u0e4c\u0e42\u0e14\u0e22\u0e44\u0e21\u0e48\u0e15\u0e49\u0e2d\u0e07\u0e41\u0e08\u0e49\u0e07\u0e43\u0e2b\u0e49\u0e17\u0e23\u0e32\u0e1a\u0e25\u0e48\u0e27\u0e07\u0e2b\u0e19\u0e49\u0e32 \u0e40\u0e23\u0e32\u0e02\u0e2d\u0e41\u0e19\u0e30\u0e19\u0e33\u0e43\u0e2b\u0e49\u0e1c\u0e39\u0e49\u0e43\u0e0a\u0e49\u0e01\u0e25\u0e31\u0e1a\u0e21\u0e32\u0e14\u0e39\u0e1b\u0e23\u0e30\u0e01\u0e32\u0e28\u0e19\u0e35\u0e49\u0e40\u0e1b\u0e47\u0e19\u0e1b\u0e23\u0e30\u0e08\u0e33\u0e40\u0e1e\u0e37\u0e48\u0e2d\u0e23\u0e31\u0e1a\u0e17\u0e23\u0e32\u0e1a\u0e16\u0e36\u0e07\u0e01\u0e32\u0e23\u0e2d\u0e31\u0e1b\u0e40\u0e14\u0e15\u0e43\u0e14\u0e46<\/p>\n\n\n\n<h3 class=\"wp-block-heading\">5. <strong>\u0e01\u0e32\u0e23\u0e43\u0e0a\u0e49\u0e43\u0e19\u0e17\u0e32\u0e07\u0e17\u0e35\u0e48\u0e1c\u0e34\u0e14<\/strong><\/h3>\n\n\n\n<p>\u0e01\u0e32\u0e23\u0e1e\u0e22\u0e32\u0e22\u0e32\u0e21\u0e08\u0e31\u0e14\u0e01\u0e32\u0e23 \u0e01\u0e32\u0e23\u0e25\u0e30\u0e40\u0e21\u0e34\u0e14\u0e04\u0e27\u0e32\u0e21\u0e1b\u0e25\u0e2d\u0e14\u0e20\u0e31\u0e22 \u0e2b\u0e23\u0e37\u0e2d\u0e01\u0e32\u0e23\u0e43\u0e0a\u0e49\u0e40\u0e27\u0e47\u0e1a\u0e44\u0e0b\u0e15\u0e4c\u0e43\u0e19\u0e17\u0e32\u0e07\u0e17\u0e35\u0e48\u0e1c\u0e34\u0e14 <strong>\u0e04\u0e25\u0e32\u0e17\u0e34\u0e01\u0e0b\u0e4c<\/strong> \u0e08\u0e30\u0e44\u0e14\u0e49\u0e23\u0e31\u0e1a\u0e01\u0e32\u0e23\u0e1b\u0e0f\u0e34\u0e1a\u0e31\u0e15\u0e34\u0e15\u0e32\u0e21\u0e01\u0e0e\u0e2b\u0e21\u0e32\u0e22\u0e17\u0e35\u0e48\u0e43\u0e0a\u0e49\u0e1a\u0e31\u0e07\u0e04\u0e31\u0e1a\u0e0b\u0e36\u0e48\u0e07\u0e2d\u0e32\u0e08\u0e2a\u0e48\u0e07\u0e1c\u0e25\u0e43\u0e2b\u0e49\u0e40\u0e01\u0e34\u0e14\u0e01\u0e32\u0e23\u0e25\u0e07\u0e42\u0e17\u0e29\u0e17\u0e32\u0e07\u0e41\u0e1e\u0e48\u0e07\u0e2b\u0e23\u0e37\u0e2d\u0e17\u0e32\u0e07\u0e2d\u0e32\u0e0d\u0e32<\/p>\n\n\n\n<h3 class=\"wp-block-heading\">6. <strong>\u0e15\u0e34\u0e14\u0e15\u0e48\u0e2d\u0e40\u0e23\u0e32<\/strong><\/h3>\n\n\n\n<p>\u0e2b\u0e32\u0e01\u0e04\u0e38\u0e13\u0e21\u0e35\u0e04\u0e33\u0e16\u0e32\u0e21\u0e2b\u0e23\u0e37\u0e2d\u0e02\u0e49\u0e2d\u0e01\u0e31\u0e07\u0e27\u0e25\u0e40\u0e01\u0e35\u0e48\u0e22\u0e27\u0e01\u0e31\u0e1a\u0e1b\u0e23\u0e30\u0e01\u0e32\u0e28\u0e17\u0e32\u0e07\u0e01\u0e0e\u0e2b\u0e21\u0e32\u0e22\u0e19\u0e35\u0e49 \u0e42\u0e1b\u0e23\u0e14\u0e15\u0e34\u0e14\u0e15\u0e48\u0e2d\u0e40\u0e23\u0e32\u0e17\u0e32\u0e07\u0e2d\u0e35\u0e40\u0e21\u0e25: <a>suporte@klatix.com<\/a>.<\/p>\n\n\n\n<p>\u0e1b\u0e23\u0e30\u0e01\u0e32\u0e28\u0e17\u0e32\u0e07\u0e01\u0e0e\u0e2b\u0e21\u0e32\u0e22\u0e19\u0e35\u0e49\u0e44\u0e14\u0e49\u0e23\u0e31\u0e1a\u0e01\u0e32\u0e23\u0e1b\u0e23\u0e31\u0e1a\u0e1b\u0e23\u0e38\u0e07\u0e25\u0e48\u0e32\u0e2a\u0e38\u0e14\u0e40\u0e21\u0e37\u0e48\u0e2d\u0e27\u0e31\u0e19\u0e17\u0e35\u0e48 23\/10\/2024 \u0e01\u0e32\u0e23\u0e43\u0e0a\u0e49\u0e40\u0e27\u0e47\u0e1a\u0e44\u0e0b\u0e15\u0e4c\u0e15\u0e48\u0e2d\u0e44\u0e1b\u0e41\u0e2a\u0e14\u0e07\u0e27\u0e48\u0e32\u0e04\u0e38\u0e13\u0e22\u0e2d\u0e21\u0e23\u0e31\u0e1a\u0e02\u0e49\u0e2d\u0e01\u0e33\u0e2b\u0e19\u0e14\u0e17\u0e35\u0e48\u0e01\u0e25\u0e48\u0e32\u0e27\u0e02\u0e49\u0e32\u0e07\u0e15\u0e49\u0e19<\/p>","protected":false},"excerpt":{"rendered":"<p>O conte\u00fado disponibilizado no site Klatix (www.klatix.com) \u00e9 de car\u00e1ter informativo e educativo, n\u00e3o devendo ser utilizado como substituto para aconselhamento profissional. Ao acessar ou utilizar nosso site, voc\u00ea concorda com os termos abaixo. 1. Isen\u00e7\u00e3o de Responsabilidade A Klatix se esfor\u00e7a para fornecer informa\u00e7\u00f5es precisas e atualizadas, mas n\u00e3o garante que os conte\u00fados sejam [&hellip;]<\/p>\n","protected":false},"author":1,"featured_media":0,"parent":0,"menu_order":0,"comment_status":"closed","ping_status":"closed","template":"","meta":{"footnotes":""},"class_list":["post-480","page","type-page","status-publish"],"_links":{"self":[{"href":"https:\/\/klatix.com\/th\/wp-json\/wp\/v2\/pages\/480","targetHints":{"allow":["GET"]}}],"collection":[{"href":"https:\/\/klatix.com\/th\/wp-json\/wp\/v2\/pages"}],"about":[{"href":"https:\/\/klatix.com\/th\/wp-json\/wp\/v2\/types\/page"}],"author":[{"embeddable":true,"href":"https:\/\/klatix.com\/th\/wp-json\/wp\/v2\/users\/1"}],"replies":[{"embeddable":true,"href":"https:\/\/klatix.com\/th\/wp-json\/wp\/v2\/comments?post=480"}],"version-history":[{"count":1,"href":"https:\/\/klatix.com\/th\/wp-json\/wp\/v2\/pages\/480\/revisions"}],"predecessor-version":[{"id":481,"href":"https:\/\/klatix.com\/th\/wp-json\/wp\/v2\/pages\/480\/revisions\/481"}],"wp:attachment":[{"href":"https:\/\/klatix.com\/th\/wp-json\/wp\/v2\/media?parent=480"}],"curies":[{"name":"wp","href":"https:\/\/api.w.org\/{rel}","templated":true}]}}