{"id":74,"date":"2024-05-31T15:12:31","date_gmt":"2024-05-31T15:12:31","guid":{"rendered":"https:\/\/klatix.com\/?page_id=74"},"modified":"2024-08-03T01:28:07","modified_gmt":"2024-08-03T01:28:07","slug":"%d0%bf%d0%be%d0%bb%d0%b8%d1%82%d0%b8%d0%ba%d0%b5-%d0%bf%d1%80%d0%b8%d0%b2%d0%b0%d1%82%d0%bd%d0%be%d1%81%d1%82%d0%b8","status":"publish","type":"page","link":"https:\/\/klatix.com\/sr\/politicas-de-privacidade\/","title":{"rendered":"\u041f\u043e\u043b\u0438\u0442\u0438\u043a\u0430 \u043f\u0440\u0438\u0432\u0430\u0442\u043d\u043e\u0441\u0442\u0438"},"content":{"rendered":"<h1 class=\"wp-block-heading\"><\/h1>\n\n\n\n<p>\u0414\u043e\u0431\u0440\u043e\u0434\u043e\u0448\u043b\u0438 \u0443\u00a0<strong>\u041a\u043b\u0430\u0442\u0438\u043a<\/strong>. \u041e\u0432\u0430 \u043f\u043e\u043b\u0438\u0442\u0438\u043a\u0430 \u043f\u0440\u0438\u0432\u0430\u0442\u043d\u043e\u0441\u0442\u0438 \u043e\u043f\u0438\u0441\u0443\u0458\u0435 \u043a\u0430\u043a\u043e \u043f\u0440\u0438\u043a\u0443\u043f\u0459\u0430\u043c\u043e, \u043a\u043e\u0440\u0438\u0441\u0442\u0438\u043c\u043e \u0438 \u0434\u0435\u043b\u0438\u043c\u043e \u0438\u043d\u0444\u043e\u0440\u043c\u0430\u0446\u0438\u0458\u0435 \u043e \u0432\u0430\u043c\u0430 \u043a\u0430\u0434\u0430 \u043f\u0440\u0438\u0441\u0442\u0443\u043f\u0430\u0442\u0435 \u043d\u0430\u0448\u043e\u0458 \u0432\u0435\u0431 \u0441\u0442\u0440\u0430\u043d\u0438\u0446\u0438 \u0438\u043b\u0438 \u0458\u0435 \u043a\u043e\u0440\u0438\u0441\u0442\u0438\u0442\u0435.<\/p>\n\n\n\n<ol class=\"wp-block-list\">\n<li>\u0418\u043d\u0444\u043e\u0440\u043c\u0430\u0446\u0438\u0458\u0435 \u043a\u043e\u0458\u0435 \u043f\u0440\u0438\u043a\u0443\u043f\u0459\u0430\u043c\u043e \u043b\u0438\u0447\u043d\u0435 \u0438\u043d\u0444\u043e\u0440\u043c\u0430\u0446\u0438\u0458\u0435: \u041f\u0440\u0438\u043a\u0443\u043f\u0459\u0430\u043c\u043e \u043b\u0438\u0447\u043d\u0435 \u043f\u043e\u0434\u0430\u0442\u043a\u0435 \u043a\u043e\u0458\u0435 \u0434\u043e\u0431\u0440\u043e\u0432\u043e\u0459\u043d\u043e \u0434\u0430\u0442\u0435, \u043a\u0430\u043e \u0448\u0442\u043e \u0441\u0443 \u0432\u0430\u0448\u0435 \u0438\u043c\u0435, \u0435-\u043f\u043e\u0448\u0442\u0430 \u0438 \u0434\u0440\u0443\u0433\u0435 \u043a\u043e\u043d\u0442\u0430\u043a\u0442 \u0438\u043d\u0444\u043e\u0440\u043c\u0430\u0446\u0438\u0458\u0435 \u043a\u0430\u0434\u0430 \u0441\u0435 \u043f\u0440\u0438\u0458\u0430\u0432\u0438\u0442\u0435 \u0437\u0430 \u0430\u0436\u0443\u0440\u0438\u0440\u0430\u045a\u0430 \u0438\u043b\u0438 \u043a\u043e\u043c\u0443\u043d\u0438\u0446\u0438\u0440\u0430\u0442\u0435 \u0441\u0430 \u043d\u0430\u043c\u0430. \u041f\u043e\u0434\u0430\u0446\u0438 \u043e \u043a\u043e\u0440\u0438\u0448\u045b\u0435\u045a\u0443: \u0410\u0443\u0442\u043e\u043c\u0430\u0442\u0441\u043a\u0438 \u043f\u0440\u0438\u043a\u0443\u043f\u0459\u0430\u043c\u043e \u0438\u043d\u0444\u043e\u0440\u043c\u0430\u0446\u0438\u0458\u0435 \u043e \u0442\u043e\u043c\u0435 \u043a\u0430\u043a\u043e \u043f\u0440\u0438\u0441\u0442\u0443\u043f\u0430\u0442\u0435 \u0441\u0430\u0458\u0442\u0443 \u0438 \u043a\u0430\u043a\u043e \u0433\u0430 \u043a\u043e\u0440\u0438\u0441\u0442\u0438\u0442\u0435, \u0443\u043a\u0459\u0443\u0447\u0443\u0458\u0443\u045b\u0438 \u0442\u0438\u043f \u0443\u0440\u0435\u0452\u0430\u0458\u0430, \u0432\u0435\u0431 \u043f\u0440\u0435\u0442\u0440\u0430\u0436\u0438\u0432\u0430\u0447, \u043f\u043e\u0441\u0435\u045b\u0435\u043d\u0435 \u0441\u0442\u0440\u0430\u043d\u0438\u0446\u0435, \u043a\u043b\u0438\u043a\u043e\u0432\u0435, \u043e\u0431\u0440\u0430\u0441\u0446\u0435 \u043a\u043e\u0440\u0438\u0448\u045b\u0435\u045a\u0430 \u0438 \u0434\u0440\u0443\u0433\u0435 \u0438\u043d\u0444\u043e\u0440\u043c\u0430\u0446\u0438\u0458\u0435 \u043e \u043a\u043e\u0440\u0438\u0448\u045b\u0435\u045a\u0443. \u041a\u043e\u043b\u0430\u0447\u0438\u045b\u0438 \u0438 \u0442\u0435\u0445\u043d\u043e\u043b\u043e\u0433\u0438\u0458\u0435 \u0437\u0430 \u043f\u0440\u0430\u045b\u0435\u045a\u0435: \u041a\u043e\u0440\u0438\u0441\u0442\u0438\u043c\u043e \u043a\u043e\u043b\u0430\u0447\u0438\u045b\u0435 \u0438 \u0442\u0435\u0445\u043d\u043e\u043b\u043e\u0433\u0438\u0458\u0435 \u0437\u0430 \u043f\u0440\u0430\u045b\u0435\u045a\u0435 \u0434\u0430 \u0431\u0438\u0441\u043c\u043e \u043f\u0435\u0440\u0441\u043e\u043d\u0430\u043b\u0438\u0437\u043e\u0432\u0430\u043b\u0438 \u0432\u0430\u0448\u0435 \u0438\u0441\u043a\u0443\u0441\u0442\u0432\u043e \u0438 \u043f\u0440\u0438\u043a\u0443\u043f\u0438\u043b\u0438 \u043f\u043e\u0434\u0430\u0442\u043a\u0435 \u043e \u0432\u0430\u0448\u043e\u0458 \u0438\u043d\u0442\u0435\u0440\u0430\u043a\u0446\u0438\u0458\u0438 \u0441\u0430 \u0432\u0435\u0431-\u0441\u0430\u0458\u0442\u043e\u043c \u0438 \u043f\u0440\u0438\u043a\u0430\u0437\u0430\u043d\u0438\u043c \u0440\u0435\u043a\u043b\u0430\u043c\u0430\u043c\u0430.<\/li>\n\n\n\n<li>\u041a\u043e\u0440\u0438\u0448\u045b\u0435\u045a\u0435 \u0438\u043d\u0444\u043e\u0440\u043c\u0430\u0446\u0438\u0458\u0430 \u0412\u0430\u0448\u0435 \u0438\u043d\u0444\u043e\u0440\u043c\u0430\u0446\u0438\u0458\u0435 \u043a\u043e\u0440\u0438\u0441\u0442\u0438\u043c\u043e \u0437\u0430:<\/li>\n<\/ol>\n\n\n\n<p>\u041f\u0440\u0443\u0436\u0430\u043c\u043e, \u043e\u0434\u0440\u0436\u0430\u0432\u0430\u043c\u043e \u0438 \u043f\u043e\u0431\u043e\u0459\u0448\u0430\u0432\u0430\u043c\u043e \u043d\u0430\u0448\u0443 \u0432\u0435\u0431 \u0441\u0442\u0440\u0430\u043d\u0438\u0446\u0443 \u0438 \u0443\u0441\u043b\u0443\u0433\u0435. \u041a\u043e\u043c\u0443\u043d\u0438\u0446\u0438\u0440\u0430\u0458\u0442\u0435 \u0441\u0430 \u0432\u0430\u043c\u0430, \u043e\u0434\u0433\u043e\u0432\u0430\u0440\u0430\u0458\u0442\u0435 \u043d\u0430 \u0432\u0430\u0448\u0430 \u043f\u0438\u0442\u0430\u045a\u0430 \u0438 \u0437\u0430\u0445\u0442\u0435\u0432\u0435. \u041f\u0440\u0438\u043a\u0430\u0437\u0443\u0458\u0442\u0435 \u043f\u0435\u0440\u0441\u043e\u043d\u0430\u043b\u0438\u0437\u043e\u0432\u0430\u043d\u0435 \u043e\u0433\u043b\u0430\u0441\u0435 \u0438 \u0432\u0440\u0448\u0438\u0442\u0435 \u0430\u043d\u0430\u043b\u0438\u0437\u0443 \u043f\u043e\u0434\u0430\u0442\u0430\u043a\u0430.<\/p>\n\n\n\n<ol start=\"3\" class=\"wp-block-list\">\n<li>\u0414\u0435\u0459\u0435\u045a\u0435 \u0438\u043d\u0444\u043e\u0440\u043c\u0430\u0446\u0438\u0458\u0430 \u0412\u0430\u0448\u0435 \u043f\u043e\u0434\u0430\u0442\u043a\u0435 \u043c\u043e\u0436\u0435\u043c\u043e \u043f\u043e\u0434\u0435\u043b\u0438\u0442\u0438 \u0441\u0430 \u0442\u0440\u0435\u045b\u0438\u043c \u043b\u0438\u0446\u0438\u043c\u0430 \u0443 \u0441\u043b\u0435\u0434\u0435\u045b\u0438\u043c \u043e\u043a\u043e\u043b\u043d\u043e\u0441\u0442\u0438\u043c\u0430:<\/li>\n<\/ol>\n\n\n\n<p>\u0414\u043e\u0431\u0430\u0432\u0459\u0430\u0447\u0438 \u0443\u0441\u043b\u0443\u0433\u0430: \u0414\u0435\u043b\u0438\u043c\u043e \u0438\u043d\u0444\u043e\u0440\u043c\u0430\u0446\u0438\u0458\u0435 \u0441\u0430 \u0434\u043e\u0431\u0430\u0432\u0459\u0430\u0447\u0438\u043c\u0430 \u043a\u043e\u0458\u0438 \u043d\u0430\u043c \u043f\u043e\u043c\u0430\u0436\u0443 \u0443 \u0440\u0430\u0434\u0443 \u0441\u0430\u0458\u0442\u0430, \u043a\u0430\u043e \u0448\u0442\u043e \u0441\u0443 \u0432\u0435\u0431 \u0445\u043e\u0441\u0442\u0438\u043d\u0433 \u0438 \u0430\u043d\u0430\u043b\u0438\u0437\u0430 \u043f\u043e\u0434\u0430\u0442\u0430\u043a\u0430. \u0413\u043e\u043e\u0433\u043b\u0435 \u0410\u0434 \u0415\u043a\u0446\u0445\u0430\u043d\u0433\u0435: \u041a\u0430\u043e \u0448\u0442\u043e \u0458\u0435 \u043f\u043e\u0442\u0440\u0435\u0431\u043d\u043e \u0437\u0430 \u043f\u0440\u0438\u043a\u0430\u0437\u0438\u0432\u0430\u045a\u0435 \u043e\u0433\u043b\u0430\u0441\u0430 \u043f\u0440\u0435\u043a\u043e \u0413\u043e\u043e\u0433\u043b\u0435 \u0410\u0434 \u0415\u043a\u0446\u0445\u0430\u043d\u0433\u0435-\u0430. \u0423\u0441\u043a\u043b\u0430\u0452\u0435\u043d\u043e\u0441\u0442 \u0441\u0430 \u0437\u0430\u043a\u043e\u043d\u0438\u043c\u0430: \u041a\u0430\u0434\u0430 \u0458\u0435 \u043f\u043e\u0442\u0440\u0435\u0431\u043d\u043e \u0434\u0430 \u0441\u0435 \u043f\u043e\u0448\u0442\u0443\u0458\u0435 \u0437\u0430\u043a\u043e\u043d \u0438\u043b\u0438 \u043e\u0434\u0433\u043e\u0432\u043e\u0440\u0438 \u043d\u0430 \u043f\u0440\u0430\u0432\u043d\u0438 \u043f\u0440\u043e\u0446\u0435\u0441.<\/p>\n\n\n\n<ol start=\"4\" class=\"wp-block-list\">\n<li>\u0413\u043e\u043e\u0433\u043b\u0435 \u0410\u0434\u0421\u0435\u043d\u0441\u0435 \u0423 \u0441\u043a\u043b\u0430\u0434\u0443 \u0441\u0430 \u0413\u043e\u043e\u0433\u043b\u0435 \u0410\u0434\u0421\u0435\u043d\u0441\u0435 \u0443\u0441\u043b\u043e\u0432\u0438\u043c\u0430, \u0438\u043c\u0430\u0458\u0442\u0435 \u043d\u0430 \u0443\u043c\u0443 \u0434\u0430 \u0413\u043e\u043e\u0433\u043b\u0435, \u043a\u0430\u043e \u0434\u043e\u0431\u0430\u0432\u0459\u0430\u0447 \u0442\u0440\u0435\u045b\u0435 \u0441\u0442\u0440\u0430\u043d\u0435, \u043a\u043e\u0440\u0438\u0441\u0442\u0438 \u043a\u043e\u043b\u0430\u0447\u0438\u045b\u0435 \u0437\u0430 \u043f\u0440\u0438\u043a\u0430\u0437\u0438\u0432\u0430\u045a\u0435 \u043e\u0433\u043b\u0430\u0441\u0430 \u043d\u0430 \u043d\u0430\u0448\u043e\u0458 \u0432\u0435\u0431 \u0441\u0442\u0440\u0430\u043d\u0438\u0446\u0438. \u0413\u043e\u043e\u0433\u043b\u0435-\u043e\u0432\u0430 \u0443\u043f\u043e\u0442\u0440\u0435\u0431\u0430 \u0414\u0410\u0420\u0422 \u043a\u043e\u043b\u0430\u0447\u0438\u045b\u0430 \u043e\u043c\u043e\u0433\u0443\u045b\u0430\u0432\u0430 \u043c\u0443 \u0434\u0430 \u043f\u0440\u0438\u043a\u0430\u0437\u0443\u0458\u0435 \u043e\u0433\u043b\u0430\u0441\u0435 \u043d\u0430\u0448\u0438\u043c \u043a\u043e\u0440\u0438\u0441\u043d\u0438\u0446\u0438\u043c\u0430 \u043d\u0430 \u043e\u0441\u043d\u043e\u0432\u0443 \u043f\u0440\u0435\u0442\u0445\u043e\u0434\u043d\u0438\u0445 \u043f\u043e\u0441\u0435\u0442\u0430 \u043d\u0430\u0448\u0435\u043c \u0441\u0430\u0458\u0442\u0443 \u0438 \u0434\u0440\u0443\u0433\u0438\u043c \u0441\u0430\u0458\u0442\u043e\u0432\u0438\u043c\u0430 \u043d\u0430 \u0418\u043d\u0442\u0435\u0440\u043d\u0435\u0442\u0443. \u041a\u043e\u0440\u0438\u0441\u043d\u0438\u0446\u0438 \u043c\u043e\u0433\u0443 \u0434\u0430 \u043e\u0434\u0443\u0441\u0442\u0430\u043d\u0443 \u043e\u0434 \u0443\u043f\u043e\u0442\u0440\u0435\u0431\u0435 \u0414\u0410\u0420\u0422 \u043a\u043e\u043b\u0430\u0447\u0438\u045b\u0430 \u0442\u0430\u043a\u043e \u0448\u0442\u043e \u045b\u0435 \u043f\u043e\u0441\u0435\u0442\u0438\u0442\u0438 \u0413\u043e\u043e\u0433\u043b\u0435 \u043f\u043e\u043b\u0438\u0442\u0438\u043a\u0443 \u043f\u0440\u0438\u0432\u0430\u0442\u043d\u043e\u0441\u0442\u0438 \u0437\u0430 \u043e\u0433\u043b\u0430\u0448\u0430\u0432\u0430\u045a\u0435 \u0438 \u043c\u0440\u0435\u0436\u0443 \u0441\u0430 \u043c\u0435\u0434\u0438\u0458\u0441\u043a\u0438\u043c \u0441\u0430\u0434\u0440\u0436\u0430\u0458\u0435\u043c.<\/li>\n\n\n\n<li>\u041f\u0440\u043e\u043c\u0435\u043d\u0435 \u043f\u043e\u043b\u0438\u0442\u0438\u043a\u0435 \u043f\u0440\u0438\u0432\u0430\u0442\u043d\u043e\u0441\u0442\u0438 \u041c\u043e\u0436\u0435\u043c\u043e \u043f\u043e\u0432\u0440\u0435\u043c\u0435\u043d\u043e \u0430\u0436\u0443\u0440\u0438\u0440\u0430\u0442\u0438 \u043d\u0430\u0448\u0443 \u043f\u043e\u043b\u0438\u0442\u0438\u043a\u0443 \u043f\u0440\u0438\u0432\u0430\u0442\u043d\u043e\u0441\u0442\u0438. \u041e\u0431\u0430\u0432\u0435\u0441\u0442\u0438\u045b\u0435\u043c\u043e \u0432\u0430\u0441 \u043e \u0441\u0432\u0438\u043c \u043f\u0440\u043e\u043c\u0435\u043d\u0430\u043c\u0430 \u043e\u0431\u0458\u0430\u0432\u0459\u0438\u0432\u0430\u045a\u0435\u043c \u043d\u043e\u0432\u0435 \u041f\u043e\u043b\u0438\u0442\u0438\u043a\u0435 \u043f\u0440\u0438\u0432\u0430\u0442\u043d\u043e\u0441\u0442\u0438 \u043d\u0430 \u043e\u0432\u043e\u0458 \u0441\u0442\u0440\u0430\u043d\u0438\u0446\u0438.<\/li>\n\n\n\n<li>\u041a\u043e\u043d\u0442\u0430\u043a\u0442 \u0410\u043a\u043e \u0438\u043c\u0430\u0442\u0435 \u043f\u0438\u0442\u0430\u045a\u0430 \u043e \u043e\u0432\u043e\u0458 \u043f\u043e\u043b\u0438\u0442\u0438\u0446\u0438 \u043f\u0440\u0438\u0432\u0430\u0442\u043d\u043e\u0441\u0442\u0438, \u043a\u043e\u043d\u0442\u0430\u043a\u0442\u0438\u0440\u0430\u0458\u0442\u0435 \u043d\u0430\u0441.<\/li>\n<\/ol>","protected":false},"excerpt":{"rendered":"<p>Bem-vindo ao\u00a0Klatix. Esta pol\u00edtica de privacidade descreve como coletamos, usamos e compartilhamos informa\u00e7\u00f5es sobre voc\u00ea quando acessa ou usa nosso site. Fornecer, manter e melhorar nosso site e servi\u00e7os. Comunicar-nos com voc\u00ea, responder suas perguntas e solicita\u00e7\u00f5es. Exibir an\u00fancios personalizados e realizar an\u00e1lises de dados. Fornecedores de Servi\u00e7os: Compartilhamos informa\u00e7\u00f5es com fornecedores que nos ajudam [&hellip;]<\/p>\n","protected":false},"author":1,"featured_media":0,"parent":0,"menu_order":0,"comment_status":"closed","ping_status":"closed","template":"","meta":{"footnotes":""},"class_list":["post-74","page","type-page","status-publish"],"_links":{"self":[{"href":"https:\/\/klatix.com\/sr\/wp-json\/wp\/v2\/pages\/74","targetHints":{"allow":["GET"]}}],"collection":[{"href":"https:\/\/klatix.com\/sr\/wp-json\/wp\/v2\/pages"}],"about":[{"href":"https:\/\/klatix.com\/sr\/wp-json\/wp\/v2\/types\/page"}],"author":[{"embeddable":true,"href":"https:\/\/klatix.com\/sr\/wp-json\/wp\/v2\/users\/1"}],"replies":[{"embeddable":true,"href":"https:\/\/klatix.com\/sr\/wp-json\/wp\/v2\/comments?post=74"}],"version-history":[{"count":3,"href":"https:\/\/klatix.com\/sr\/wp-json\/wp\/v2\/pages\/74\/revisions"}],"predecessor-version":[{"id":304,"href":"https:\/\/klatix.com\/sr\/wp-json\/wp\/v2\/pages\/74\/revisions\/304"}],"wp:attachment":[{"href":"https:\/\/klatix.com\/sr\/wp-json\/wp\/v2\/media?parent=74"}],"curies":[{"name":"wp","href":"https:\/\/api.w.org\/{rel}","templated":true}]}}