{"id":480,"date":"2024-10-24T06:04:51","date_gmt":"2024-10-24T06:04:51","guid":{"rendered":"https:\/\/klatix.com\/?page_id=480"},"modified":"2024-10-24T06:04:52","modified_gmt":"2024-10-24T06:04:52","slug":"%d0%bf%d1%80%d0%b0%d0%b2%d0%bd%d0%be-%d0%be%d0%b1%d0%b0%d0%b2%d0%b5%d1%88%d1%82%d0%b5%d1%9a%d0%b5","status":"publish","type":"page","link":"https:\/\/klatix.com\/sr\/aviso-legal\/","title":{"rendered":"\u041f\u0440\u0430\u0432\u043d\u043e \u043e\u0431\u0430\u0432\u0435\u0448\u0442\u0435\u045a\u0435"},"content":{"rendered":"<p>\u0421\u0430\u0434\u0440\u0436\u0430\u0458 \u043a\u043e\u0458\u0438 \u0458\u0435 \u0434\u043e\u0441\u0442\u0443\u043f\u0430\u043d \u043d\u0430 \u0432\u0435\u0431 \u0441\u0442\u0440\u0430\u043d\u0438\u0446\u0438 <strong>\u041a\u043b\u0430\u0442\u0438\u043a<\/strong> (<a href=\"https:\/\/klatix.com\/sr\/\">\u0432\u0432\u0432.\u043a\u043b\u0430\u0442\u0438\u043a.\u0446\u043e\u043c<\/a>) \u0458\u0435 \u0441\u0430\u043c\u043e \u0443 \u0438\u043d\u0444\u043e\u0440\u043c\u0430\u0442\u0438\u0432\u043d\u0435 \u0438 \u043e\u0431\u0440\u0430\u0437\u043e\u0432\u043d\u0435 \u0441\u0432\u0440\u0445\u0435 \u0438 \u043d\u0435 \u0431\u0438 \u0442\u0440\u0435\u0431\u0430\u043b\u043e \u0434\u0430 \u0441\u0435 \u043a\u043e\u0440\u0438\u0441\u0442\u0438 \u043a\u0430\u043e \u0437\u0430\u043c\u0435\u043d\u0430 \u0437\u0430 \u043f\u0440\u043e\u0444\u0435\u0441\u0438\u043e\u043d\u0430\u043b\u043d\u0438 \u0441\u0430\u0432\u0435\u0442. \u041f\u0440\u0438\u0441\u0442\u0443\u043f\u0430\u045a\u0435\u043c \u0438\u043b\u0438 \u043a\u043e\u0440\u0438\u0448\u045b\u0435\u045a\u0435\u043c \u043d\u0430\u0448\u0435 \u0432\u0435\u0431 \u0441\u0442\u0440\u0430\u043d\u0438\u0446\u0435, \u0441\u043b\u0430\u0436\u0435\u0442\u0435 \u0441\u0435 \u0441\u0430 \u0434\u043e\u043b\u0435 \u043d\u0430\u0432\u0435\u0434\u0435\u043d\u0438\u043c \u0443\u0441\u043b\u043e\u0432\u0438\u043c\u0430.<\/p>\n\n\n\n<h3 class=\"wp-block-heading\">1. <strong>\u041e\u0434\u0440\u0438\u0446\u0430\u045a\u0435 \u043e\u0434 \u043e\u0434\u0433\u043e\u0432\u043e\u0440\u043d\u043e\u0441\u0442\u0438<\/strong><\/h3>\n\n\n\n<p>\u0422\u0425\u0415 <strong>\u041a\u043b\u0430\u0442\u0438\u043a<\/strong> \u043d\u0430\u0441\u0442\u043e\u0458\u0438 \u0434\u0430 \u043f\u0440\u0443\u0436\u0438 \u0442\u0430\u0447\u043d\u0435 \u0438 \u0430\u0436\u0443\u0440\u043d\u0435 \u0438\u043d\u0444\u043e\u0440\u043c\u0430\u0446\u0438\u0458\u0435, \u0430\u043b\u0438 \u043d\u0435 \u0433\u0430\u0440\u0430\u043d\u0442\u0443\u0458\u0435 \u0434\u0430 \u0458\u0435 \u0441\u0430\u0434\u0440\u0436\u0430\u0458 \u0431\u0435\u0437 \u0433\u0440\u0435\u0448\u0430\u043a\u0430 \u0438\u043b\u0438 \u043f\u043e\u0442\u043f\u0443\u043d. \u041a\u043e\u0440\u0438\u0448\u045b\u0435\u045a\u0435 \u0438\u043d\u0444\u043e\u0440\u043c\u0430\u0446\u0438\u0458\u0430 \u0441\u0430\u0434\u0440\u0436\u0430\u043d\u0438\u0445 \u043d\u0430 \u0432\u0435\u0431 \u0441\u0442\u0440\u0430\u043d\u0438\u0446\u0438 \u0458\u0435 \u0432\u0430\u0448\u0430 \u043e\u0434\u0433\u043e\u0432\u043e\u0440\u043d\u043e\u0441\u0442. \u041d\u0435 \u0441\u043d\u043e\u0441\u0438\u043c\u043e \u043e\u0434\u0433\u043e\u0432\u043e\u0440\u043d\u043e\u0441\u0442 \u0437\u0430 \u0431\u0438\u043b\u043e \u043a\u0430\u043a\u0432\u0443 \u0448\u0442\u0435\u0442\u0443 \u0438\u043b\u0438 \u0433\u0443\u0431\u0438\u0442\u043a\u0435 \u043a\u043e\u0458\u0438 \u043d\u0430\u0441\u0442\u0430\u043d\u0443 \u043a\u043e\u0440\u0438\u0448\u045b\u0435\u045a\u0435\u043c \u0438\u043b\u0438 \u0442\u0443\u043c\u0430\u0447\u0435\u045a\u0435\u043c \u0434\u0430\u0442\u0438\u0445 \u0438\u043d\u0444\u043e\u0440\u043c\u0430\u0446\u0438\u0458\u0430.<\/p>\n\n\n\n<h3 class=\"wp-block-heading\">2. <strong>\u0418\u043d\u0442\u0435\u043b\u0435\u043a\u0442\u0443\u0430\u043b\u043d\u0430 \u0441\u0432\u043e\u0458\u0438\u043d\u0430<\/strong><\/h3>\n\n\n\n<p>\u0421\u0430\u0432 \u0441\u0430\u0434\u0440\u0436\u0430\u0458 \u043f\u0440\u0438\u0441\u0443\u0442\u0430\u043d \u0443 <strong>\u041a\u043b\u0430\u0442\u0438\u043a<\/strong>, \u0443\u043a\u0459\u0443\u0447\u0443\u0458\u0443\u045b\u0438 \u0442\u0435\u043a\u0441\u0442\u043e\u0432\u0435, \u0441\u043b\u0438\u043a\u0435, \u0433\u0440\u0430\u0444\u0438\u043a\u0435, \u043b\u043e\u0433\u043e\u0442\u0438\u043f\u0435 \u0438 \u0434\u0440\u0443\u0433\u0435 \u043c\u0430\u0442\u0435\u0440\u0438\u0458\u0430\u043b\u0435, \u0437\u0430\u0448\u0442\u0438\u045b\u0435\u043d \u0458\u0435 \u0430\u0443\u0442\u043e\u0440\u0441\u043a\u0438\u043c \u043f\u0440\u0430\u0432\u0438\u043c\u0430 \u0438 \u043f\u0440\u0438\u043f\u0430\u0434\u0430 \u0432\u0435\u0431 \u0441\u0442\u0440\u0430\u043d\u0438\u0446\u0438 \u0438\u043b\u0438 \u045a\u0435\u043d\u0438\u043c \u0434\u0430\u0432\u0430\u043e\u0446\u0438\u043c\u0430 \u043b\u0438\u0446\u0435\u043d\u0446\u0435. \u0417\u043b\u043e\u0443\u043f\u043e\u0442\u0440\u0435\u0431\u0430 \u043e\u0432\u043e\u0433 \u0441\u0430\u0434\u0440\u0436\u0430\u0458\u0430 \u0431\u0435\u0437 \u043f\u0440\u0435\u0442\u0445\u043e\u0434\u043d\u043e\u0433 \u043f\u0438\u0441\u043c\u0435\u043d\u043e\u0433 \u043e\u0434\u043e\u0431\u0440\u0435\u045a\u0430 \u0458\u0435 \u0441\u0442\u0440\u043e\u0433\u043e \u0437\u0430\u0431\u0440\u0430\u045a\u0435\u043d\u0430.<\/p>\n\n\n\n<h3 class=\"wp-block-heading\">3. <strong>\u0415\u043a\u0442\u0435\u0440\u043d\u0430\u043b \u041b\u0438\u043d\u043a\u0441<\/strong><\/h3>\n\n\n\n<p>\u041d\u0430\u0448\u0430 \u0432\u0435\u0431 \u043b\u043e\u043a\u0430\u0446\u0438\u0458\u0430 \u043c\u043e\u0436\u0435 \u0434\u0430 \u0441\u0430\u0434\u0440\u0436\u0438 \u0432\u0435\u0437\u0435 \u043a\u0430 \u0432\u0435\u0431 \u043b\u043e\u043a\u0430\u0446\u0438\u0458\u0430\u043c\u0430 \u0442\u0440\u0435\u045b\u0438\u0445 \u0441\u0442\u0440\u0430\u043d\u0430. \u0422\u0425\u0415 <strong>\u041a\u043b\u0430\u0442\u0438\u043a<\/strong> \u043d\u0438\u0458\u0435 \u043e\u0434\u0433\u043e\u0432\u043e\u0440\u0430\u043d \u0437\u0430 \u0441\u0430\u0434\u0440\u0436\u0430\u0458 \u0438\u043b\u0438 \u043f\u043e\u043b\u0438\u0442\u0438\u043a\u0443 \u043f\u0440\u0438\u0432\u0430\u0442\u043d\u043e\u0441\u0442\u0438 \u043a\u043e\u0458\u0443 \u043f\u0440\u0438\u043c\u0435\u045a\u0443\u0458\u0443 \u043e\u0432\u0438 \u0441\u0430\u0458\u0442\u043e\u0432\u0438. \u041f\u0440\u0435\u043f\u043e\u0440\u0443\u0447\u0443\u0458\u0435\u043c\u043e \u0434\u0430 \u043a\u0430\u0434\u0430 \u043f\u0440\u0438\u0441\u0442\u0443\u043f\u0430\u0442\u0435 \u0441\u043f\u043e\u0459\u043d\u0438\u043c \u0432\u0435\u0431 \u043b\u043e\u043a\u0430\u0446\u0438\u0458\u0430\u043c\u0430, \u043f\u0440\u0435\u0433\u043b\u0435\u0434\u0430\u0442\u0435 \u0443\u0441\u043b\u043e\u0432\u0435 \u0438 \u0441\u043c\u0435\u0440\u043d\u0438\u0446\u0435 \u0441\u0432\u0430\u043a\u0435 \u043e\u0434 \u045a\u0438\u0445.<\/p>\n\n\n\n<h3 class=\"wp-block-heading\">4. <strong>\u041f\u0440\u043e\u043c\u0435\u043d\u0435 \u0441\u0430\u0434\u0440\u0436\u0430\u0458\u0430<\/strong><\/h3>\n\n\n\n<p>\u0422\u0425\u0415 <strong>\u041a\u043b\u0430\u0442\u0438\u043a<\/strong> \u0437\u0430\u0434\u0440\u0436\u0430\u0432\u0430 \u043f\u0440\u0430\u0432\u043e \u0438\u0437\u043c\u0435\u043d\u0435, \u0431\u0440\u0438\u0441\u0430\u045a\u0430 \u0438\u043b\u0438 \u0434\u043e\u0434\u0430\u0432\u0430\u045a\u0430 \u0438\u043d\u0444\u043e\u0440\u043c\u0430\u0446\u0438\u0458\u0430 \u0441\u0430\u0434\u0440\u0436\u0430\u0458\u0443 \u0432\u0435\u0431 \u0441\u0442\u0440\u0430\u043d\u0438\u0446\u0435 \u0431\u0435\u0437 \u043f\u0440\u0435\u0442\u0445\u043e\u0434\u043d\u0435 \u043d\u0430\u0458\u0430\u0432\u0435. \u041f\u043e\u0434\u0441\u0442\u0438\u0447\u0435\u043c\u043e \u043a\u043e\u0440\u0438\u0441\u043d\u0438\u043a\u0435 \u0434\u0430 \u0440\u0435\u0434\u043e\u0432\u043d\u043e \u043f\u043e\u0441\u0435\u045b\u0443\u0458\u0443 \u043e\u0432\u043e \u043e\u0431\u0430\u0432\u0435\u0448\u0442\u0435\u045a\u0435 \u043a\u0430\u043a\u043e \u0431\u0438 \u0431\u0438\u043b\u0438 \u0441\u0432\u0435\u0441\u043d\u0438 \u0441\u0432\u0438\u0445 \u0430\u0436\u0443\u0440\u0438\u0440\u0430\u045a\u0430.<\/p>\n\n\n\n<h3 class=\"wp-block-heading\">5. <strong>\u0417\u043b\u043e\u0443\u043f\u043e\u0442\u0440\u0435\u0431\u0430<\/strong><\/h3>\n\n\n\n<p>\u0421\u0432\u0430\u043a\u0438 \u043f\u043e\u043a\u0443\u0448\u0430\u0458 \u043c\u0430\u043d\u0438\u043f\u0443\u043b\u0438\u0441\u0430\u045a\u0430, \u043d\u0430\u0440\u0443\u0448\u0430\u0432\u0430\u045a\u0430 \u0431\u0435\u0437\u0431\u0435\u0434\u043d\u043e\u0441\u0442\u0438 \u0438\u043b\u0438 \u0437\u043b\u043e\u0443\u043f\u043e\u0442\u0440\u0435\u0431\u0435 \u0432\u0435\u0431 \u0441\u0442\u0440\u0430\u043d\u0438\u0446\u0435 <strong>\u041a\u043b\u0430\u0442\u0438\u043a<\/strong> \u045b\u0435 \u0441\u0435 \u0442\u0440\u0435\u0442\u0438\u0440\u0430\u0442\u0438 \u0443 \u0441\u043a\u043b\u0430\u0434\u0443 \u0441\u0430 \u0432\u0430\u0436\u0435\u045b\u0438\u043c \u0437\u0430\u043a\u043e\u043d\u0438\u043c\u0430 \u0438 \u043c\u043e\u0436\u0435 \u0440\u0435\u0437\u0443\u043b\u0442\u0438\u0440\u0430\u0442\u0438 \u0433\u0440\u0430\u0452\u0430\u043d\u0441\u043a\u0438\u043c \u0438\u043b\u0438 \u043a\u0440\u0438\u0432\u0438\u0447\u043d\u0438\u043c \u043a\u0430\u0437\u043d\u0430\u043c\u0430.<\/p>\n\n\n\n<h3 class=\"wp-block-heading\">6. <strong>\u041a\u043e\u043d\u0442\u0430\u043a\u0442\u0438\u0440\u0430\u0458\u0442\u0435 \u043d\u0430\u0441<\/strong><\/h3>\n\n\n\n<p>\u0410\u043a\u043e \u0438\u043c\u0430\u0442\u0435 \u0431\u0438\u043b\u043e \u043a\u0430\u043a\u0432\u0438\u0445 \u043f\u0438\u0442\u0430\u045a\u0430 \u0438\u043b\u0438 \u043d\u0435\u0434\u043e\u0443\u043c\u0438\u0446\u0430 \u0443 \u0432\u0435\u0437\u0438 \u0441\u0430 \u043e\u0432\u0438\u043c \u043f\u0440\u0430\u0432\u043d\u0438\u043c \u043e\u0431\u0430\u0432\u0435\u0448\u0442\u0435\u045a\u0435\u043c, \u043a\u043e\u043d\u0442\u0430\u043a\u0442\u0438\u0440\u0430\u0458\u0442\u0435 \u043d\u0430\u0441 \u043d\u0430: <a>suporte@klatix.com<\/a>.<\/p>\n\n\n\n<p>\u041e\u0432\u043e \u043f\u0440\u0430\u0432\u043d\u043e \u043e\u0431\u0430\u0432\u0435\u0448\u0442\u0435\u045a\u0435 \u0458\u0435 \u043f\u043e\u0441\u043b\u0435\u0434\u045a\u0438 \u043f\u0443\u0442 \u0430\u0436\u0443\u0440\u0438\u0440\u0430\u043d\u043e 23.10.2024. \u041d\u0430\u0441\u0442\u0430\u0432\u043a\u043e\u043c \u043a\u043e\u0440\u0438\u0448\u045b\u0435\u045a\u0430 \u0441\u0430\u0458\u0442\u0430, \u0441\u043b\u0430\u0436\u0435\u0442\u0435 \u0441\u0435 \u0441\u0430 \u0433\u043e\u0440\u0435 \u043d\u0430\u0432\u0435\u0434\u0435\u043d\u0438\u043c \u0443\u0441\u043b\u043e\u0432\u0438\u043c\u0430.<\/p>","protected":false},"excerpt":{"rendered":"<p>O conte\u00fado disponibilizado no site Klatix (www.klatix.com) \u00e9 de car\u00e1ter informativo e educativo, n\u00e3o devendo ser utilizado como substituto para aconselhamento profissional. Ao acessar ou utilizar nosso site, voc\u00ea concorda com os termos abaixo. 1. Isen\u00e7\u00e3o de Responsabilidade A Klatix se esfor\u00e7a para fornecer informa\u00e7\u00f5es precisas e atualizadas, mas n\u00e3o garante que os conte\u00fados sejam [&hellip;]<\/p>\n","protected":false},"author":1,"featured_media":0,"parent":0,"menu_order":0,"comment_status":"closed","ping_status":"closed","template":"","meta":{"footnotes":""},"class_list":["post-480","page","type-page","status-publish"],"_links":{"self":[{"href":"https:\/\/klatix.com\/sr\/wp-json\/wp\/v2\/pages\/480","targetHints":{"allow":["GET"]}}],"collection":[{"href":"https:\/\/klatix.com\/sr\/wp-json\/wp\/v2\/pages"}],"about":[{"href":"https:\/\/klatix.com\/sr\/wp-json\/wp\/v2\/types\/page"}],"author":[{"embeddable":true,"href":"https:\/\/klatix.com\/sr\/wp-json\/wp\/v2\/users\/1"}],"replies":[{"embeddable":true,"href":"https:\/\/klatix.com\/sr\/wp-json\/wp\/v2\/comments?post=480"}],"version-history":[{"count":1,"href":"https:\/\/klatix.com\/sr\/wp-json\/wp\/v2\/pages\/480\/revisions"}],"predecessor-version":[{"id":481,"href":"https:\/\/klatix.com\/sr\/wp-json\/wp\/v2\/pages\/480\/revisions\/481"}],"wp:attachment":[{"href":"https:\/\/klatix.com\/sr\/wp-json\/wp\/v2\/media?parent=480"}],"curies":[{"name":"wp","href":"https:\/\/api.w.org\/{rel}","templated":true}]}}