{"id":72,"date":"2024-05-31T15:12:16","date_gmt":"2024-05-31T15:12:16","guid":{"rendered":"https:\/\/klatix.com\/?page_id=72"},"modified":"2025-03-20T04:13:20","modified_gmt":"2025-03-20T04:13:20","slug":"pogoji-uporabe","status":"publish","type":"page","link":"https:\/\/klatix.com\/sl\/termos-de-uso\/","title":{"rendered":"Pogoji uporabe"},"content":{"rendered":"<p>\u010ce nadaljujete z brskanjem in uporabo tega spletnega mesta, se strinjate, da boste upo\u0161tevali in vas zavezujejo naslednji pogoji uporabe, ki skupaj z na\u0161o politiko zasebnosti urejajo odnos dru\u017ebe Klatix z vami.<\/p>\n\n\n\n<p>\u010ce se s katerim koli delom teh pogojev ne strinjate, ne uporabljajte na\u0161e spletne strani.<\/p>\n\n\n\n<p>Za uporabo te spletne strani veljajo naslednji pogoji uporabe:<\/p>\n\n\n\n<p>Vsebina strani tega spletnega mesta je samo za va\u0161e splo\u0161ne informacije in uporabo. Lahko se spremeni brez predhodnega obvestila. Niti mi niti katera koli tretja oseba ne zagotavlja nobene garancije ali garancije glede to\u010dnosti, pravo\u010dasnosti, uspe\u0161nosti, popolnosti ali primernosti informacij in materialov, ki so na tem spletnem mestu ali so na voljo za kateri koli poseben namen. Va\u0161a uporaba kakr\u0161nih koli informacij ali materialov na tej spletni strani je v celoti na lastno odgovornost, za kar ne odgovarjamo. Ob\u010dasno lahko to spletno mesto vklju\u010duje tudi povezave do drugih spletnih mest. Te povezave so na voljo za va\u0161e udobje pri zagotavljanju dodatnih informacij. Ne prevzemamo odgovornosti za vsebino povezanih spletnih mest.<\/p>","protected":false},"excerpt":{"rendered":"<p>Se voc\u00ea continuar navegando e usando este site, concorda em cumprir e ficar vinculado aos seguintes termos e condi\u00e7\u00f5es de uso, que, juntamente com nossa pol\u00edtica de privacidade, regem o relacionamento do Klatix com voc\u00ea. Se voc\u00ea discordar de qualquer parte destes termos e condi\u00e7\u00f5es, n\u00e3o use nosso site. O uso deste site est\u00e1 sujeito [&hellip;]<\/p>\n","protected":false},"author":1,"featured_media":0,"parent":0,"menu_order":0,"comment_status":"closed","ping_status":"closed","template":"","meta":{"footnotes":""},"class_list":["post-72","page","type-page","status-publish"],"_links":{"self":[{"href":"https:\/\/klatix.com\/sl\/wp-json\/wp\/v2\/pages\/72","targetHints":{"allow":["GET"]}}],"collection":[{"href":"https:\/\/klatix.com\/sl\/wp-json\/wp\/v2\/pages"}],"about":[{"href":"https:\/\/klatix.com\/sl\/wp-json\/wp\/v2\/types\/page"}],"author":[{"embeddable":true,"href":"https:\/\/klatix.com\/sl\/wp-json\/wp\/v2\/users\/1"}],"replies":[{"embeddable":true,"href":"https:\/\/klatix.com\/sl\/wp-json\/wp\/v2\/comments?post=72"}],"version-history":[{"count":2,"href":"https:\/\/klatix.com\/sl\/wp-json\/wp\/v2\/pages\/72\/revisions"}],"predecessor-version":[{"id":305,"href":"https:\/\/klatix.com\/sl\/wp-json\/wp\/v2\/pages\/72\/revisions\/305"}],"wp:attachment":[{"href":"https:\/\/klatix.com\/sl\/wp-json\/wp\/v2\/media?parent=72"}],"curies":[{"name":"wp","href":"https:\/\/api.w.org\/{rel}","templated":true}]}}