{"id":480,"date":"2024-10-24T06:04:51","date_gmt":"2024-10-24T06:04:51","guid":{"rendered":"https:\/\/klatix.com\/?page_id=480"},"modified":"2024-10-24T06:04:52","modified_gmt":"2024-10-24T06:04:52","slug":"pravno-obvestilo","status":"publish","type":"page","link":"https:\/\/klatix.com\/sl\/aviso-legal\/","title":{"rendered":"Pravno obvestilo"},"content":{"rendered":"<p>Vsebina, ki je na voljo na spletni strani <strong>Klatix<\/strong> (<a href=\"https:\/\/klatix.com\/sl\/\">www.klatix.com<\/a>) je samo v informativne in izobra\u017eevalne namene in se ne sme uporabljati kot nadomestilo za strokovni nasvet. Z dostopom ali uporabo na\u0161ega spletnega mesta se strinjate s spodnjimi pogoji.<\/p>\n\n\n\n<h3 class=\"wp-block-heading\">1. <strong>Zavrnitev odgovornosti<\/strong><\/h3>\n\n\n\n<p>THE <strong>Klatix<\/strong> si prizadeva zagotoviti to\u010dne in a\u017eurne informacije, vendar ne jam\u010di, da je vsebina brez napak ali popolna. Uporaba informacij na spletnem mestu je va\u0161a odgovornost. Ne odgovarjamo za kakr\u0161no koli \u0161kodo ali izgubo, ki bi nastala zaradi uporabe ali razlage posredovanih informacij.<\/p>\n\n\n\n<h3 class=\"wp-block-heading\">2. <strong>Intelektualna lastnina<\/strong><\/h3>\n\n\n\n<p>Vsa vsebina prisotna v <strong>Klatix<\/strong>, vklju\u010dno z besedilom, slikami, grafiko, logotipi in drugimi materiali, je za\u0161\u010diten z avtorskimi pravicami in pripada spletnemu mestu ali njegovim dajalcem licence. Zloraba te vsebine brez predhodnega pisnega dovoljenja je strogo prepovedana.<\/p>\n\n\n\n<h3 class=\"wp-block-heading\">3. <strong>Zunanje povezave<\/strong><\/h3>\n\n\n\n<p>Na\u0161e spletno mesto lahko vsebuje povezave do spletnih mest tretjih oseb. THE <strong>Klatix<\/strong> ni odgovoren za vsebino ali politiko zasebnosti, ki jo uporabljajo ta spletna mesta. Priporo\u010damo, da ob dostopu do zunanjih spletnih strani pregledate pogoje in pravilnike vsake izmed njih.<\/p>\n\n\n\n<h3 class=\"wp-block-heading\">4. <strong>Spremembe vsebine<\/strong><\/h3>\n\n\n\n<p>THE <strong>Klatix<\/strong> si pridr\u017euje pravico do spreminjanja, brisanja ali dodajanja informacij k vsebini spletne strani brez predhodnega obvestila. Uporabnike spodbujamo, da redno pregledujejo to obvestilo, da bodo seznanjeni z morebitnimi posodobitvami.<\/p>\n\n\n\n<h3 class=\"wp-block-heading\">5. <strong>Zloraba<\/strong><\/h3>\n\n\n\n<p>Kakr\u0161en koli poskus manipulacije, kr\u0161itve varnosti ali zlorabe spletnega mesta <strong>Klatix<\/strong> bodo obravnavani v skladu z veljavno zakonodajo in lahko povzro\u010dijo civilne ali kazenske sankcije.<\/p>\n\n\n\n<h3 class=\"wp-block-heading\">6. <strong>Kontaktirajte nas<\/strong><\/h3>\n\n\n\n<p>\u010ce imate kakr\u0161na koli vpra\u0161anja ali skrbi glede tega pravnega obvestila, nas kontaktirajte na: <a>suporte@klatix.com<\/a>.<\/p>\n\n\n\n<p>To pravno obvestilo je bilo nazadnje posodobljeno 23. 10. 2024. Z nadaljnjo uporabo strani se strinjate z zgoraj navedenimi pogoji.<\/p>","protected":false},"excerpt":{"rendered":"<p>O conte\u00fado disponibilizado no site Klatix (www.klatix.com) \u00e9 de car\u00e1ter informativo e educativo, n\u00e3o devendo ser utilizado como substituto para aconselhamento profissional. Ao acessar ou utilizar nosso site, voc\u00ea concorda com os termos abaixo. 1. Isen\u00e7\u00e3o de Responsabilidade A Klatix se esfor\u00e7a para fornecer informa\u00e7\u00f5es precisas e atualizadas, mas n\u00e3o garante que os conte\u00fados sejam [&hellip;]<\/p>\n","protected":false},"author":1,"featured_media":0,"parent":0,"menu_order":0,"comment_status":"closed","ping_status":"closed","template":"","meta":{"footnotes":""},"class_list":["post-480","page","type-page","status-publish"],"_links":{"self":[{"href":"https:\/\/klatix.com\/sl\/wp-json\/wp\/v2\/pages\/480","targetHints":{"allow":["GET"]}}],"collection":[{"href":"https:\/\/klatix.com\/sl\/wp-json\/wp\/v2\/pages"}],"about":[{"href":"https:\/\/klatix.com\/sl\/wp-json\/wp\/v2\/types\/page"}],"author":[{"embeddable":true,"href":"https:\/\/klatix.com\/sl\/wp-json\/wp\/v2\/users\/1"}],"replies":[{"embeddable":true,"href":"https:\/\/klatix.com\/sl\/wp-json\/wp\/v2\/comments?post=480"}],"version-history":[{"count":1,"href":"https:\/\/klatix.com\/sl\/wp-json\/wp\/v2\/pages\/480\/revisions"}],"predecessor-version":[{"id":481,"href":"https:\/\/klatix.com\/sl\/wp-json\/wp\/v2\/pages\/480\/revisions\/481"}],"wp:attachment":[{"href":"https:\/\/klatix.com\/sl\/wp-json\/wp\/v2\/media?parent=480"}],"curies":[{"name":"wp","href":"https:\/\/api.w.org\/{rel}","templated":true}]}}