{"id":456,"date":"2024-10-21T04:56:27","date_gmt":"2024-10-21T04:56:27","guid":{"rendered":"https:\/\/klatix.com\/?page_id=456"},"modified":"2024-10-21T04:56:28","modified_gmt":"2024-10-21T04:56:28","slug":"medicinska-zavrnitev-odgovornosti","status":"publish","type":"page","link":"https:\/\/klatix.com\/sl\/declaracao-de-isencao-de-responsabilidade-medica\/","title":{"rendered":"Medicinska zavrnitev odgovornosti"},"content":{"rendered":"<p>Ta vsebina je zgolj informativne narave. Ne sme se uporabljati kot nadomestek za strokovni zdravni\u0161ki nasvet, diagnozo ali zdravljenje. Posvetujte se z zdravnikom ali drugim usposobljenim zdravstvenim delavcem, \u010de imate morebitna vpra\u0161anja v zvezi z va\u0161im zdravstvenim stanjem ali uporabo medicinskih naprav ali aplikacij.<\/p>\n\n\n\n<p><strong>Omejitev odgovornosti<\/strong><\/p>\n\n\n\n<p>Rezultati, ki jih zagotavljajo aplikacije za spremljanje glukoze, se lahko razlikujejo. Podjetje ne odgovarja za \u0161kodo ali posledice, ki bi nastale zaradi zlorabe ali nepravilnega tolma\u010denja informacij, ki jih posredujejo omenjene aplikacije.<\/p>\n\n\n\n<p><strong>Izjava o zdravju in varnosti<\/strong><\/p>\n\n\n\n<p>Upo\u0161tevajte vsa navodila proizvajalca aplikacije in se posvetujte s svojim zdravnikom, preden na podlagi rezultatov, pridobljenih z aplikacijo, prilagodite svoje zdravljenje ali prehrano.<\/p>\n\n\n\n<p><strong>Starostna omejitev<\/strong><\/p>\n\n\n\n<p>Nekatere aplikacije za spremljanje glukoze so morda primerne le za osebe, starej\u0161e od 18 let. Za vsako aplikacijo preverite pogoje uporabe.<\/p>\n\n\n\n<p><\/p>","protected":false},"excerpt":{"rendered":"<p>Este conte\u00fado \u00e9 apenas para fins informativos. N\u00e3o deve ser utilizado como substituto de aconselhamento m\u00e9dico profissional, diagn\u00f3stico ou tratamento. Consulte um m\u00e9dico ou outro profissional de sa\u00fade qualificado para qualquer d\u00favida sobre sua condi\u00e7\u00e3o de sa\u00fade ou sobre o uso de dispositivos ou aplicativos m\u00e9dicos. Limita\u00e7\u00e3o de Responsabilidade Os resultados fornecidos pelos aplicativos de [&hellip;]<\/p>\n","protected":false},"author":1,"featured_media":0,"parent":0,"menu_order":0,"comment_status":"closed","ping_status":"closed","template":"","meta":{"footnotes":""},"class_list":["post-456","page","type-page","status-publish"],"_links":{"self":[{"href":"https:\/\/klatix.com\/sl\/wp-json\/wp\/v2\/pages\/456","targetHints":{"allow":["GET"]}}],"collection":[{"href":"https:\/\/klatix.com\/sl\/wp-json\/wp\/v2\/pages"}],"about":[{"href":"https:\/\/klatix.com\/sl\/wp-json\/wp\/v2\/types\/page"}],"author":[{"embeddable":true,"href":"https:\/\/klatix.com\/sl\/wp-json\/wp\/v2\/users\/1"}],"replies":[{"embeddable":true,"href":"https:\/\/klatix.com\/sl\/wp-json\/wp\/v2\/comments?post=456"}],"version-history":[{"count":1,"href":"https:\/\/klatix.com\/sl\/wp-json\/wp\/v2\/pages\/456\/revisions"}],"predecessor-version":[{"id":457,"href":"https:\/\/klatix.com\/sl\/wp-json\/wp\/v2\/pages\/456\/revisions\/457"}],"wp:attachment":[{"href":"https:\/\/klatix.com\/sl\/wp-json\/wp\/v2\/media?parent=456"}],"curies":[{"name":"wp","href":"https:\/\/api.w.org\/{rel}","templated":true}]}}