{"id":72,"date":"2024-05-31T15:12:16","date_gmt":"2024-05-31T15:12:16","guid":{"rendered":"https:\/\/klatix.com\/?page_id=72"},"modified":"2025-03-20T04:13:20","modified_gmt":"2025-03-20T04:13:20","slug":"podmienky-pouzivania","status":"publish","type":"page","link":"https:\/\/klatix.com\/sk\/termos-de-uso\/","title":{"rendered":"Podmienky pou\u017e\u00edvania"},"content":{"rendered":"<p>Ak budete pokra\u010dova\u0165 v prehliadan\u00ed a pou\u017e\u00edvan\u00ed tejto webovej str\u00e1nky, s\u00fahlas\u00edte s t\u00fdm, \u017ee budete dodr\u017eiava\u0165 a budete viazan\u00ed nasleduj\u00facimi podmienkami pou\u017e\u00edvania, ktor\u00e9 spolu s na\u0161imi z\u00e1sadami ochrany osobn\u00fdch \u00fadajov upravuj\u00fa vz\u0165ah spolo\u010dnosti Klatix s vami.<\/p>\n\n\n\n<p>Ak nes\u00fahlas\u00edte s akouko\u013evek \u010das\u0165ou t\u00fdchto podmienok, nepou\u017e\u00edvajte na\u0161u webov\u00fa str\u00e1nku.<\/p>\n\n\n\n<p>Pou\u017e\u00edvanie tejto webovej str\u00e1nky podlieha nasleduj\u00facim podmienkam pou\u017e\u00edvania:<\/p>\n\n\n\n<p>Obsah str\u00e1nok tejto webovej lokality sl\u00fa\u017ei len pre va\u0161u v\u0161eobecn\u00fa inform\u00e1ciu a pou\u017eitie. M\u00f4\u017ee sa zmeni\u0165 bez upozornenia. Ani my, ani \u017eiadne tretie strany neposkytujeme \u017eiadnu z\u00e1ruku ani garanciu, pokia\u013e ide o presnos\u0165, aktu\u00e1lnos\u0165, v\u00fdkon, \u00faplnos\u0165 alebo vhodnos\u0165 inform\u00e1ci\u00ed a materi\u00e1lov n\u00e1jden\u00fdch alebo pon\u00fakan\u00fdch na tejto webovej str\u00e1nke na konkr\u00e9tny \u00fa\u010del. Ak\u00e9ko\u013evek inform\u00e1cie alebo materi\u00e1ly na tejto webovej lokalite pou\u017e\u00edvate v\u00fdhradne na va\u0161e vlastn\u00e9 riziko, za ktor\u00e9 nenesieme zodpovednos\u0165. Z \u010dasu na \u010das m\u00f4\u017ee t\u00e1to webov\u00e1 str\u00e1nka obsahova\u0165 aj odkazy na in\u00e9 webov\u00e9 str\u00e1nky. Tieto odkazy s\u00fa poskytnut\u00e9 pre va\u0161e pohodlie a poskytuj\u00fa \u010fal\u0161ie inform\u00e1cie. Nenesieme \u017eiadnu zodpovednos\u0165 za obsah prepojen\u00fdch webov\u00fdch str\u00e1nok.<\/p>","protected":false},"excerpt":{"rendered":"<p>Se voc\u00ea continuar navegando e usando este site, concorda em cumprir e ficar vinculado aos seguintes termos e condi\u00e7\u00f5es de uso, que, juntamente com nossa pol\u00edtica de privacidade, regem o relacionamento do Klatix com voc\u00ea. Se voc\u00ea discordar de qualquer parte destes termos e condi\u00e7\u00f5es, n\u00e3o use nosso site. O uso deste site est\u00e1 sujeito [&hellip;]<\/p>\n","protected":false},"author":1,"featured_media":0,"parent":0,"menu_order":0,"comment_status":"closed","ping_status":"closed","template":"","meta":{"footnotes":""},"class_list":["post-72","page","type-page","status-publish"],"_links":{"self":[{"href":"https:\/\/klatix.com\/sk\/wp-json\/wp\/v2\/pages\/72","targetHints":{"allow":["GET"]}}],"collection":[{"href":"https:\/\/klatix.com\/sk\/wp-json\/wp\/v2\/pages"}],"about":[{"href":"https:\/\/klatix.com\/sk\/wp-json\/wp\/v2\/types\/page"}],"author":[{"embeddable":true,"href":"https:\/\/klatix.com\/sk\/wp-json\/wp\/v2\/users\/1"}],"replies":[{"embeddable":true,"href":"https:\/\/klatix.com\/sk\/wp-json\/wp\/v2\/comments?post=72"}],"version-history":[{"count":2,"href":"https:\/\/klatix.com\/sk\/wp-json\/wp\/v2\/pages\/72\/revisions"}],"predecessor-version":[{"id":305,"href":"https:\/\/klatix.com\/sk\/wp-json\/wp\/v2\/pages\/72\/revisions\/305"}],"wp:attachment":[{"href":"https:\/\/klatix.com\/sk\/wp-json\/wp\/v2\/media?parent=72"}],"curies":[{"name":"wp","href":"https:\/\/api.w.org\/{rel}","templated":true}]}}