{"id":456,"date":"2024-10-21T04:56:27","date_gmt":"2024-10-21T04:56:27","guid":{"rendered":"https:\/\/klatix.com\/?page_id=456"},"modified":"2024-10-21T04:56:28","modified_gmt":"2024-10-21T04:56:28","slug":"lekarske-odmietnutie-zodpovednosti","status":"publish","type":"page","link":"https:\/\/klatix.com\/sk\/declaracao-de-isencao-de-responsabilidade-medica\/","title":{"rendered":"Lek\u00e1rske odmietnutie zodpovednosti"},"content":{"rendered":"<p>Tento obsah sl\u00fa\u017ei len na informa\u010dn\u00e9 \u00fa\u010dely. Nemal by sa pou\u017e\u00edva\u0165 ako n\u00e1hrada za odborn\u00fa lek\u00e1rsku pomoc, diagnostiku alebo lie\u010dbu. Ak\u00e9ko\u013evek ot\u00e1zky t\u00fdkaj\u00face sa v\u00e1\u0161ho zdravotn\u00e9ho stavu alebo pou\u017e\u00edvania zdravotn\u00edckych pom\u00f4cok alebo aplik\u00e1ci\u00ed konzultujte s lek\u00e1rom alebo in\u00fdm kvalifikovan\u00fdm zdravotn\u00edckym pracovn\u00edkom.<\/p>\n\n\n\n<p><strong>Obmedzenie zodpovednosti<\/strong><\/p>\n\n\n\n<p>V\u00fdsledky poskytovan\u00e9 aplik\u00e1ciami na monitorovanie gluk\u00f3zy sa m\u00f4\u017eu l\u00ed\u0161i\u0165. Spolo\u010dnos\u0165 nezodpoved\u00e1 za \u017eiadne \u0161kody alebo n\u00e1sledky vypl\u00fdvaj\u00face zo zneu\u017eitia alebo nespr\u00e1vnej interpret\u00e1cie inform\u00e1ci\u00ed poskytovan\u00fdch uveden\u00fdmi aplik\u00e1ciami.<\/p>\n\n\n\n<p><strong>Vyhl\u00e1senie o ochrane zdravia a bezpe\u010dnosti<\/strong><\/p>\n\n\n\n<p>Uistite sa, \u017ee dodr\u017eiavate v\u0161etky pokyny poskytnut\u00e9 v\u00fdrobcom aplik\u00e1cie a pora\u010fte sa so svoj\u00edm lek\u00e1rom sk\u00f4r, ako urob\u00edte ak\u00e9ko\u013evek \u00fapravy va\u0161ej lie\u010dby alebo stravy na z\u00e1klade v\u00fdsledkov z\u00edskan\u00fdch prostredn\u00edctvom aplik\u00e1cie.<\/p>\n\n\n\n<p><strong>Vekov\u00e1 hranica<\/strong><\/p>\n\n\n\n<p>Niektor\u00e9 aplik\u00e1cie na monitorovanie gluk\u00f3zy m\u00f4\u017eu by\u0165 vhodn\u00e9 len pre osoby star\u0161ie ako 18 rokov. Skontrolujte si podmienky pou\u017e\u00edvania pre ka\u017ed\u00fa aplik\u00e1ciu.<\/p>\n\n\n\n<p><\/p>","protected":false},"excerpt":{"rendered":"<p>Este conte\u00fado \u00e9 apenas para fins informativos. N\u00e3o deve ser utilizado como substituto de aconselhamento m\u00e9dico profissional, diagn\u00f3stico ou tratamento. Consulte um m\u00e9dico ou outro profissional de sa\u00fade qualificado para qualquer d\u00favida sobre sua condi\u00e7\u00e3o de sa\u00fade ou sobre o uso de dispositivos ou aplicativos m\u00e9dicos. Limita\u00e7\u00e3o de Responsabilidade Os resultados fornecidos pelos aplicativos de [&hellip;]<\/p>\n","protected":false},"author":1,"featured_media":0,"parent":0,"menu_order":0,"comment_status":"closed","ping_status":"closed","template":"","meta":{"footnotes":""},"class_list":["post-456","page","type-page","status-publish"],"_links":{"self":[{"href":"https:\/\/klatix.com\/sk\/wp-json\/wp\/v2\/pages\/456","targetHints":{"allow":["GET"]}}],"collection":[{"href":"https:\/\/klatix.com\/sk\/wp-json\/wp\/v2\/pages"}],"about":[{"href":"https:\/\/klatix.com\/sk\/wp-json\/wp\/v2\/types\/page"}],"author":[{"embeddable":true,"href":"https:\/\/klatix.com\/sk\/wp-json\/wp\/v2\/users\/1"}],"replies":[{"embeddable":true,"href":"https:\/\/klatix.com\/sk\/wp-json\/wp\/v2\/comments?post=456"}],"version-history":[{"count":1,"href":"https:\/\/klatix.com\/sk\/wp-json\/wp\/v2\/pages\/456\/revisions"}],"predecessor-version":[{"id":457,"href":"https:\/\/klatix.com\/sk\/wp-json\/wp\/v2\/pages\/456\/revisions\/457"}],"wp:attachment":[{"href":"https:\/\/klatix.com\/sk\/wp-json\/wp\/v2\/media?parent=456"}],"curies":[{"name":"wp","href":"https:\/\/api.w.org\/{rel}","templated":true}]}}