{"id":456,"date":"2024-10-21T04:56:27","date_gmt":"2024-10-21T04:56:27","guid":{"rendered":"https:\/\/klatix.com\/?page_id=456"},"modified":"2024-10-21T04:56:28","modified_gmt":"2024-10-21T04:56:28","slug":"declinare-a-raspunderii-medicale","status":"publish","type":"page","link":"https:\/\/klatix.com\/ro\/declaracao-de-isencao-de-responsabilidade-medica\/","title":{"rendered":"Disclaimer medical"},"content":{"rendered":"<p>Acest con\u021binut este doar \u00een scop informativ. Nu trebuie utilizat ca un substitut pentru sfatul, diagnosticul sau tratamentul medical profesional. Consulta\u021bi un medic sau alt profesionist calificat din domeniul s\u0103n\u0103t\u0103\u021bii pentru orice \u00eentreb\u0103ri pe care le pute\u021bi avea cu privire la starea dumneavoastr\u0103 de s\u0103n\u0103tate sau la utilizarea dispozitivelor sau aplica\u021biilor medicale.<\/p>\n\n\n\n<p><strong>Limitarea r\u0103spunderii<\/strong><\/p>\n\n\n\n<p>Rezultatele furnizate de aplica\u021biile de monitorizare a glicemiei pot varia. Compania nu este responsabil\u0103 pentru nicio daune sau consecin\u021be care decurg din utilizarea gre\u0219it\u0103 sau interpretarea incorect\u0103 a informa\u021biilor furnizate de aplica\u021biile men\u021bionate.<\/p>\n\n\n\n<p><strong>Declara\u021bie de s\u0103n\u0103tate \u0219i siguran\u021b\u0103<\/strong><\/p>\n\n\n\n<p>Asigura\u021bi-v\u0103 c\u0103 urma\u021bi toate instruc\u021biunile furnizate de produc\u0103torul aplica\u021biei \u0219i consulta\u021bi-v\u0103 medicul \u00eenainte de a face orice ajust\u0103ri ale tratamentului sau dietei pe baza rezultatelor ob\u021binute prin aplica\u021bie.<\/p>\n\n\n\n<p><strong>Limit\u0103 de v\u00e2rst\u0103<\/strong><\/p>\n\n\n\n<p>Unele aplica\u021bii de monitorizare a glicemiei pot fi potrivite numai pentru cei peste 18 ani. Verifica\u021bi termenii de utilizare pentru fiecare aplica\u021bie.<\/p>\n\n\n\n<p><\/p>","protected":false},"excerpt":{"rendered":"<p>Este conte\u00fado \u00e9 apenas para fins informativos. N\u00e3o deve ser utilizado como substituto de aconselhamento m\u00e9dico profissional, diagn\u00f3stico ou tratamento. Consulte um m\u00e9dico ou outro profissional de sa\u00fade qualificado para qualquer d\u00favida sobre sua condi\u00e7\u00e3o de sa\u00fade ou sobre o uso de dispositivos ou aplicativos m\u00e9dicos. Limita\u00e7\u00e3o de Responsabilidade Os resultados fornecidos pelos aplicativos de [&hellip;]<\/p>\n","protected":false},"author":1,"featured_media":0,"parent":0,"menu_order":0,"comment_status":"closed","ping_status":"closed","template":"","meta":{"footnotes":""},"class_list":["post-456","page","type-page","status-publish"],"_links":{"self":[{"href":"https:\/\/klatix.com\/ro\/wp-json\/wp\/v2\/pages\/456","targetHints":{"allow":["GET"]}}],"collection":[{"href":"https:\/\/klatix.com\/ro\/wp-json\/wp\/v2\/pages"}],"about":[{"href":"https:\/\/klatix.com\/ro\/wp-json\/wp\/v2\/types\/page"}],"author":[{"embeddable":true,"href":"https:\/\/klatix.com\/ro\/wp-json\/wp\/v2\/users\/1"}],"replies":[{"embeddable":true,"href":"https:\/\/klatix.com\/ro\/wp-json\/wp\/v2\/comments?post=456"}],"version-history":[{"count":1,"href":"https:\/\/klatix.com\/ro\/wp-json\/wp\/v2\/pages\/456\/revisions"}],"predecessor-version":[{"id":457,"href":"https:\/\/klatix.com\/ro\/wp-json\/wp\/v2\/pages\/456\/revisions\/457"}],"wp:attachment":[{"href":"https:\/\/klatix.com\/ro\/wp-json\/wp\/v2\/media?parent=456"}],"curies":[{"name":"wp","href":"https:\/\/api.w.org\/{rel}","templated":true}]}}