{"id":456,"date":"2024-10-21T04:56:27","date_gmt":"2024-10-21T04:56:27","guid":{"rendered":"https:\/\/klatix.com\/?page_id=456"},"modified":"2024-10-21T04:56:28","modified_gmt":"2024-10-21T04:56:28","slug":"declaracao-de-isencao-de-responsabilidade-medica","status":"publish","type":"page","link":"https:\/\/klatix.com\/pt_us\/declaracao-de-isencao-de-responsabilidade-medica\/","title":{"rendered":"Declara\u00e7\u00e3o de Isen\u00e7\u00e3o de Responsabilidade M\u00e9dica"},"content":{"rendered":"<p>Este conte\u00fado \u00e9 apenas para fins informativos. N\u00e3o deve ser utilizado como substituto de aconselhamento m\u00e9dico profissional, diagn\u00f3stico ou tratamento. Consulte um m\u00e9dico ou outro profissional de sa\u00fade qualificado para qualquer d\u00favida sobre sua condi\u00e7\u00e3o de sa\u00fade ou sobre o uso de dispositivos ou aplicativos m\u00e9dicos.<\/p>\n\n\n\n<p><strong>Limita\u00e7\u00e3o de Responsabilidade<\/strong><\/p>\n\n\n\n<p>Os resultados fornecidos pelos aplicativos de monitoramento de glicose podem variar. A empresa n\u00e3o se responsabiliza por qualquer dano ou consequ\u00eancia decorrente do uso indevido ou da interpreta\u00e7\u00e3o incorreta das informa\u00e7\u00f5es fornecidas pelos aplicativos mencionados.<\/p>\n\n\n\n<p><strong>Declara\u00e7\u00e3o de Sa\u00fade e Seguran\u00e7a<\/strong><\/p>\n\n\n\n<p>Certifique-se de seguir todas as instru\u00e7\u00f5es fornecidas pelo fabricante do aplicativo e consulte seu m\u00e9dico antes de fazer qualquer ajuste em seu tratamento ou dieta com base nos resultados obtidos atrav\u00e9s do aplicativo.<\/p>\n\n\n\n<p><strong>Limite de Idade<\/strong><\/p>\n\n\n\n<p>Alguns aplicativos de monitoramento de glicose podem ser adequados apenas para maiores de 18 anos. Verifique os termos de uso de cada aplicativo.<\/p>\n\n\n\n<p><\/p>","protected":false},"excerpt":{"rendered":"<p>Este conte\u00fado \u00e9 apenas para fins informativos. N\u00e3o deve ser utilizado como substituto de aconselhamento m\u00e9dico profissional, diagn\u00f3stico ou tratamento. Consulte um m\u00e9dico ou outro profissional de sa\u00fade qualificado para qualquer d\u00favida sobre sua condi\u00e7\u00e3o de sa\u00fade ou sobre o uso de dispositivos ou aplicativos m\u00e9dicos. Limita\u00e7\u00e3o de Responsabilidade Os resultados fornecidos pelos aplicativos de [&hellip;]<\/p>\n","protected":false},"author":1,"featured_media":0,"parent":0,"menu_order":0,"comment_status":"closed","ping_status":"closed","template":"","meta":{"footnotes":""},"class_list":["post-456","page","type-page","status-publish"],"_links":{"self":[{"href":"https:\/\/klatix.com\/pt_us\/wp-json\/wp\/v2\/pages\/456","targetHints":{"allow":["GET"]}}],"collection":[{"href":"https:\/\/klatix.com\/pt_us\/wp-json\/wp\/v2\/pages"}],"about":[{"href":"https:\/\/klatix.com\/pt_us\/wp-json\/wp\/v2\/types\/page"}],"author":[{"embeddable":true,"href":"https:\/\/klatix.com\/pt_us\/wp-json\/wp\/v2\/users\/1"}],"replies":[{"embeddable":true,"href":"https:\/\/klatix.com\/pt_us\/wp-json\/wp\/v2\/comments?post=456"}],"version-history":[{"count":1,"href":"https:\/\/klatix.com\/pt_us\/wp-json\/wp\/v2\/pages\/456\/revisions"}],"predecessor-version":[{"id":457,"href":"https:\/\/klatix.com\/pt_us\/wp-json\/wp\/v2\/pages\/456\/revisions\/457"}],"wp:attachment":[{"href":"https:\/\/klatix.com\/pt_us\/wp-json\/wp\/v2\/media?parent=456"}],"curies":[{"name":"wp","href":"https:\/\/api.w.org\/{rel}","templated":true}]}}