{"id":74,"date":"2024-05-31T15:12:31","date_gmt":"2024-05-31T15:12:31","guid":{"rendered":"https:\/\/klatix.com\/?page_id=74"},"modified":"2024-08-03T01:28:07","modified_gmt":"2024-08-03T01:28:07","slug":"politicas-de-privacidade","status":"publish","type":"page","link":"https:\/\/klatix.com\/pt_eu\/politicas-de-privacidade\/","title":{"rendered":"Pol\u00edticas de Privacidade"},"content":{"rendered":"<h1 class=\"wp-block-heading\"><\/h1>\n\n\n\n<p>Bem-vindo ao\u00a0<strong>Klatix<\/strong>. Esta pol\u00edtica de privacidade descreve como coletamos, usamos e compartilhamos informa\u00e7\u00f5es sobre voc\u00ea quando acessa ou usa nosso site.<\/p>\n\n\n\n<ol class=\"wp-block-list\">\n<li>Informa\u00e7\u00f5es que Coletamos Informa\u00e7\u00f5es Pessoais: Coletamos informa\u00e7\u00f5es pessoais que voc\u00ea fornece voluntariamente, como nome, e-mail e outras informa\u00e7\u00f5es de contato quando se inscreve para receber atualiza\u00e7\u00f5es ou se comunica conosco. Dados de Uso: Coletamos automaticamente informa\u00e7\u00f5es sobre como voc\u00ea acessa e usa o site, incluindo o tipo de dispositivo, o navegador da web, p\u00e1ginas visitadas, cliques, padr\u00f5es de uso e outras informa\u00e7\u00f5es de uso. Cookies e Tecnologias de Rastreamento: Utilizamos cookies e tecnologias de rastreamento para personalizar sua experi\u00eancia e coletar dados sobre sua intera\u00e7\u00e3o com o site e os an\u00fancios exibidos.<\/li>\n\n\n\n<li>Uso de Informa\u00e7\u00f5es Utilizamos suas informa\u00e7\u00f5es para:<\/li>\n<\/ol>\n\n\n\n<p>Fornecer, manter e melhorar nosso site e servi\u00e7os. Comunicar-nos com voc\u00ea, responder suas perguntas e solicita\u00e7\u00f5es. Exibir an\u00fancios personalizados e realizar an\u00e1lises de dados.<\/p>\n\n\n\n<ol start=\"3\" class=\"wp-block-list\">\n<li>Compartilhamento de Informa\u00e7\u00f5es Podemos compartilhar suas informa\u00e7\u00f5es com terceiros nas seguintes circunst\u00e2ncias:<\/li>\n<\/ol>\n\n\n\n<p>Fornecedores de Servi\u00e7os: Compartilhamos informa\u00e7\u00f5es com fornecedores que nos ajudam a operar o site, como hospedagem de web e an\u00e1lise de dados. Google Ad Exchange: Conforme necess\u00e1rio para a exibi\u00e7\u00e3o de an\u00fancios atrav\u00e9s do Google Ad Exchange. Conformidade Legal: Quando necess\u00e1rio para cumprir com a lei ou responder a processos legais.<\/p>\n\n\n\n<ol start=\"4\" class=\"wp-block-list\">\n<li>Google AdSense Em conformidade com os termos do Google AdSense, informamos que o Google, como fornecedor terceirizado, usa cookies para veicular an\u00fancios em nosso site. O uso do cookie DART pelo Google permite que ele veicule an\u00fancios aos nossos usu\u00e1rios com base em visitas anteriores ao nosso site e outros sites na Internet. Os usu\u00e1rios podem optar por n\u00e3o usar o cookie DART acessando a Pol\u00edtica de Privacidade de An\u00fancios e da Rede de Conte\u00fado do Google.<\/li>\n\n\n\n<li>Altera\u00e7\u00f5es \u00e0 Pol\u00edtica de Privacidade Podemos atualizar nossa Pol\u00edtica de Privacidade periodicamente. Notificaremos voc\u00ea sobre quaisquer mudan\u00e7as, publicando a nova Pol\u00edtica de Privacidade nesta p\u00e1gina.<\/li>\n\n\n\n<li>Contato Se tiver d\u00favidas sobre esta Pol\u00edtica de Privacidade, entre em contato conosco.<\/li>\n<\/ol>","protected":false},"excerpt":{"rendered":"<p>Bem-vindo ao\u00a0Klatix. Esta pol\u00edtica de privacidade descreve como coletamos, usamos e compartilhamos informa\u00e7\u00f5es sobre voc\u00ea quando acessa ou usa nosso site. Fornecer, manter e melhorar nosso site e servi\u00e7os. Comunicar-nos com voc\u00ea, responder suas perguntas e solicita\u00e7\u00f5es. Exibir an\u00fancios personalizados e realizar an\u00e1lises de dados. Fornecedores de Servi\u00e7os: Compartilhamos informa\u00e7\u00f5es com fornecedores que nos ajudam [&hellip;]<\/p>\n","protected":false},"author":1,"featured_media":0,"parent":0,"menu_order":0,"comment_status":"closed","ping_status":"closed","template":"","meta":{"footnotes":""},"class_list":["post-74","page","type-page","status-publish"],"_links":{"self":[{"href":"https:\/\/klatix.com\/pt_eu\/wp-json\/wp\/v2\/pages\/74","targetHints":{"allow":["GET"]}}],"collection":[{"href":"https:\/\/klatix.com\/pt_eu\/wp-json\/wp\/v2\/pages"}],"about":[{"href":"https:\/\/klatix.com\/pt_eu\/wp-json\/wp\/v2\/types\/page"}],"author":[{"embeddable":true,"href":"https:\/\/klatix.com\/pt_eu\/wp-json\/wp\/v2\/users\/1"}],"replies":[{"embeddable":true,"href":"https:\/\/klatix.com\/pt_eu\/wp-json\/wp\/v2\/comments?post=74"}],"version-history":[{"count":3,"href":"https:\/\/klatix.com\/pt_eu\/wp-json\/wp\/v2\/pages\/74\/revisions"}],"predecessor-version":[{"id":304,"href":"https:\/\/klatix.com\/pt_eu\/wp-json\/wp\/v2\/pages\/74\/revisions\/304"}],"wp:attachment":[{"href":"https:\/\/klatix.com\/pt_eu\/wp-json\/wp\/v2\/media?parent=74"}],"curies":[{"name":"wp","href":"https:\/\/api.w.org\/{rel}","templated":true}]}}