{"id":72,"date":"2024-05-31T15:12:16","date_gmt":"2024-05-31T15:12:16","guid":{"rendered":"https:\/\/klatix.com\/?page_id=72"},"modified":"2025-03-20T04:13:20","modified_gmt":"2025-03-20T04:13:20","slug":"warunki-korzystania","status":"publish","type":"page","link":"https:\/\/klatix.com\/pl\/termos-de-uso\/","title":{"rendered":"Warunki korzystania"},"content":{"rendered":"<p>Kontynuuj\u0105c przegl\u0105danie i korzystanie z tej witryny, wyra\u017casz zgod\u0119 na przestrzeganie i przestrzeganie poni\u017cszych warunk\u00f3w u\u017cytkowania, kt\u00f3re wraz z nasz\u0105 polityk\u0105 prywatno\u015bci reguluj\u0105 relacje Klatix z Tob\u0105.<\/p>\n\n\n\n<p>Je\u015bli nie zgadzasz si\u0119 z jak\u0105kolwiek cz\u0119\u015bci\u0105 niniejszych warunk\u00f3w, nie korzystaj z naszej witryny.<\/p>\n\n\n\n<p>Korzystanie z tej witryny internetowej podlega nast\u0119puj\u0105cym warunkom u\u017cytkowania:<\/p>\n\n\n\n<p>Tre\u015b\u0107 stron tej witryny s\u0142u\u017cy wy\u0142\u0105cznie do og\u00f3lnej informacji i u\u017cytku. Mo\u017ce ono ulec zmianie bez powiadomienia. Ani my, ani \u017cadna strona trzecia nie udzielamy \u017cadnej gwarancji ani r\u0119kojmi co do dok\u0142adno\u015bci, aktualno\u015bci, wydajno\u015bci, kompletno\u015bci lub przydatno\u015bci informacji i materia\u0142\u00f3w znalezionych lub oferowanych na tej stronie do okre\u015blonego celu. Korzystanie z jakichkolwiek informacji lub materia\u0142\u00f3w znajduj\u0105cych si\u0119 na tej stronie odbywa si\u0119 wy\u0142\u0105cznie na w\u0142asne ryzyko, za kt\u00f3re nie ponosimy odpowiedzialno\u015bci. Od czasu do czasu niniejsza witryna mo\u017ce zawiera\u0107 tak\u017ce \u0142\u0105cza do innych witryn internetowych. Linki te zosta\u0142y udost\u0119pnione dla wygody u\u017cytkownika i umo\u017cliwienia mu dostarczenia dalszych informacji. Nie ponosimy odpowiedzialno\u015bci za tre\u015b\u0107 stron internetowych, do kt\u00f3rych prowadz\u0105 linki.<\/p>","protected":false},"excerpt":{"rendered":"<p>Se voc\u00ea continuar navegando e usando este site, concorda em cumprir e ficar vinculado aos seguintes termos e condi\u00e7\u00f5es de uso, que, juntamente com nossa pol\u00edtica de privacidade, regem o relacionamento do Klatix com voc\u00ea. Se voc\u00ea discordar de qualquer parte destes termos e condi\u00e7\u00f5es, n\u00e3o use nosso site. O uso deste site est\u00e1 sujeito [&hellip;]<\/p>\n","protected":false},"author":1,"featured_media":0,"parent":0,"menu_order":0,"comment_status":"closed","ping_status":"closed","template":"","meta":{"footnotes":""},"class_list":["post-72","page","type-page","status-publish"],"_links":{"self":[{"href":"https:\/\/klatix.com\/pl\/wp-json\/wp\/v2\/pages\/72","targetHints":{"allow":["GET"]}}],"collection":[{"href":"https:\/\/klatix.com\/pl\/wp-json\/wp\/v2\/pages"}],"about":[{"href":"https:\/\/klatix.com\/pl\/wp-json\/wp\/v2\/types\/page"}],"author":[{"embeddable":true,"href":"https:\/\/klatix.com\/pl\/wp-json\/wp\/v2\/users\/1"}],"replies":[{"embeddable":true,"href":"https:\/\/klatix.com\/pl\/wp-json\/wp\/v2\/comments?post=72"}],"version-history":[{"count":2,"href":"https:\/\/klatix.com\/pl\/wp-json\/wp\/v2\/pages\/72\/revisions"}],"predecessor-version":[{"id":305,"href":"https:\/\/klatix.com\/pl\/wp-json\/wp\/v2\/pages\/72\/revisions\/305"}],"wp:attachment":[{"href":"https:\/\/klatix.com\/pl\/wp-json\/wp\/v2\/media?parent=72"}],"curies":[{"name":"wp","href":"https:\/\/api.w.org\/{rel}","templated":true}]}}