{"id":480,"date":"2024-10-24T06:04:51","date_gmt":"2024-10-24T06:04:51","guid":{"rendered":"https:\/\/klatix.com\/?page_id=480"},"modified":"2024-10-24T06:04:52","modified_gmt":"2024-10-24T06:04:52","slug":"informacja-prawna","status":"publish","type":"page","link":"https:\/\/klatix.com\/pl\/aviso-legal\/","title":{"rendered":"Nota prawna"},"content":{"rendered":"<p>Tre\u015b\u0107 dost\u0119pna na stronie <strong>Klatix<\/strong> (<a href=\"https:\/\/klatix.com\/pl\/\">www.klatix.com<\/a>) ma charakter informacyjny i edukacyjny i nie mo\u017ce zast\u0119powa\u0107 profesjonalnej porady. Wchodz\u0105c na nasz\u0105 stron\u0119 internetow\u0105 lub korzystaj\u0105c z niej, wyra\u017casz zgod\u0119 na poni\u017csze warunki.<\/p>\n\n\n\n<h3 class=\"wp-block-heading\">1. <strong>Zastrze\u017cenie<\/strong><\/h3>\n\n\n\n<p>A <strong>Klatix<\/strong> dok\u0142ada wszelkich stara\u0144, aby informacje by\u0142y dok\u0142adne i aktualne, jednak nie gwarantuje, \u017ce zawarte w nich tre\u015bci s\u0105 wolne od b\u0142\u0119d\u00f3w i kompletne. Korzystanie z informacji zawartych na stronie odbywa si\u0119 na w\u0142asne ryzyko. Nie ponosimy odpowiedzialno\u015bci za jakiekolwiek szkody lub straty wynikaj\u0105ce z wykorzystania lub interpretacji dostarczonych informacji.<\/p>\n\n\n\n<h3 class=\"wp-block-heading\">2. <strong>W\u0142asno\u015b\u0107 intelektualna<\/strong><\/h3>\n\n\n\n<p>Ca\u0142a zawarto\u015b\u0107 obecna w <strong>Klatix<\/strong>, w tym teksty, obrazy, grafiki, logo i inne materia\u0142y, jest chronione prawem autorskim i nale\u017cy do witryny internetowej lub jej licencjodawc\u00f3w. Niew\u0142a\u015bciwe wykorzystanie tych tre\u015bci bez uprzedniej pisemnej zgody jest surowo zabronione.<\/p>\n\n\n\n<h3 class=\"wp-block-heading\">3. <strong>Linki zewn\u0119trzne<\/strong><\/h3>\n\n\n\n<p>Nasza strona internetowa mo\u017ce zawiera\u0107 linki do stron internetowych os\u00f3b trzecich. TO <strong>Klatix<\/strong> nie ponosi odpowiedzialno\u015bci za tre\u015b\u0107 ani polityk\u0119 prywatno\u015bci stosowan\u0105 na tych stronach. Zalecamy, aby podczas uzyskiwania dost\u0119pu do zewn\u0119trznych witryn internetowych zapozna\u0142 si\u0119 z warunkami i polityk\u0105 ka\u017cdej witryny.<\/p>\n\n\n\n<h3 class=\"wp-block-heading\">4. <strong>Zmiany tre\u015bci<\/strong><\/h3>\n\n\n\n<p>A <strong>Klatix<\/strong> zastrzega sobie prawo do modyfikowania, usuwania lub dodawania informacji do zawarto\u015bci serwisu bez wcze\u015bniejszego powiadomienia. Zach\u0119camy u\u017cytkownik\u00f3w do regularnego przegl\u0105dania tego powiadomienia, aby by\u0107 na bie\u017c\u0105co z wszelkimi aktualizacjami.<\/p>\n\n\n\n<h3 class=\"wp-block-heading\">5. <strong>Nadu\u017cywanie<\/strong><\/h3>\n\n\n\n<p>Wszelkie pr\u00f3by manipulacji, naruszenia bezpiecze\u0144stwa lub niew\u0142a\u015bciwego wykorzystania strony internetowej <strong>Klatix<\/strong> b\u0119d\u0105 traktowani zgodnie z obowi\u0105zuj\u0105cymi przepisami, co mo\u017ce skutkowa\u0107 sankcjami cywilnymi lub karnymi.<\/p>\n\n\n\n<h3 class=\"wp-block-heading\">6. <strong>Skontaktuj si\u0119 z nami<\/strong><\/h3>\n\n\n\n<p>Je\u015bli masz pytania lub w\u0105tpliwo\u015bci dotycz\u0105ce niniejszej Informacji prawnej, skontaktuj si\u0119 z nami za po\u015brednictwem poczty elektronicznej: <a>suporte@klatix.com<\/a>.<\/p>\n\n\n\n<p>Niniejsza informacja prawna zosta\u0142a ostatnio zaktualizowana 23.10.2024 r. Kontynuuj\u0105c korzystanie z witryny, wyra\u017casz zgod\u0119 na warunki wymienione powy\u017cej.<\/p>","protected":false},"excerpt":{"rendered":"<p>O conte\u00fado disponibilizado no site Klatix (www.klatix.com) \u00e9 de car\u00e1ter informativo e educativo, n\u00e3o devendo ser utilizado como substituto para aconselhamento profissional. Ao acessar ou utilizar nosso site, voc\u00ea concorda com os termos abaixo. 1. Isen\u00e7\u00e3o de Responsabilidade A Klatix se esfor\u00e7a para fornecer informa\u00e7\u00f5es precisas e atualizadas, mas n\u00e3o garante que os conte\u00fados sejam [&hellip;]<\/p>\n","protected":false},"author":1,"featured_media":0,"parent":0,"menu_order":0,"comment_status":"closed","ping_status":"closed","template":"","meta":{"footnotes":""},"class_list":["post-480","page","type-page","status-publish"],"_links":{"self":[{"href":"https:\/\/klatix.com\/pl\/wp-json\/wp\/v2\/pages\/480","targetHints":{"allow":["GET"]}}],"collection":[{"href":"https:\/\/klatix.com\/pl\/wp-json\/wp\/v2\/pages"}],"about":[{"href":"https:\/\/klatix.com\/pl\/wp-json\/wp\/v2\/types\/page"}],"author":[{"embeddable":true,"href":"https:\/\/klatix.com\/pl\/wp-json\/wp\/v2\/users\/1"}],"replies":[{"embeddable":true,"href":"https:\/\/klatix.com\/pl\/wp-json\/wp\/v2\/comments?post=480"}],"version-history":[{"count":1,"href":"https:\/\/klatix.com\/pl\/wp-json\/wp\/v2\/pages\/480\/revisions"}],"predecessor-version":[{"id":481,"href":"https:\/\/klatix.com\/pl\/wp-json\/wp\/v2\/pages\/480\/revisions\/481"}],"wp:attachment":[{"href":"https:\/\/klatix.com\/pl\/wp-json\/wp\/v2\/media?parent=480"}],"curies":[{"name":"wp","href":"https:\/\/api.w.org\/{rel}","templated":true}]}}