{"id":456,"date":"2024-10-21T04:56:27","date_gmt":"2024-10-21T04:56:27","guid":{"rendered":"https:\/\/klatix.com\/?page_id=456"},"modified":"2024-10-21T04:56:28","modified_gmt":"2024-10-21T04:56:28","slug":"zastrzezenie-medyczne","status":"publish","type":"page","link":"https:\/\/klatix.com\/pl\/declaracao-de-isencao-de-responsabilidade-medica\/","title":{"rendered":"Zastrze\u017cenie medyczne"},"content":{"rendered":"<p>Ta tre\u015b\u0107 ma wy\u0142\u0105cznie charakter informacyjny. Nie nale\u017cy go stosowa\u0107 jako substytutu profesjonalnej porady lekarskiej, diagnozy lub leczenia. W przypadku jakichkolwiek pyta\u0144 dotycz\u0105cych stanu zdrowia lub stosowania wyrob\u00f3w medycznych lub aplikacji nale\u017cy skonsultowa\u0107 si\u0119 z lekarzem lub innym wykwalifikowanym pracownikiem s\u0142u\u017cby zdrowia.<\/p>\n\n\n\n<p><strong>Ograniczenie odpowiedzialno\u015bci<\/strong><\/p>\n\n\n\n<p>Wyniki dostarczane przez aplikacje do monitorowania poziomu glukozy mog\u0105 si\u0119 r\u00f3\u017cni\u0107. Firma nie ponosi odpowiedzialno\u015bci za jakiekolwiek szkody lub konsekwencje wynikaj\u0105ce z niew\u0142a\u015bciwego wykorzystania lub b\u0142\u0119dnej interpretacji informacji dostarczanych przez wymienione aplikacje.<\/p>\n\n\n\n<p><strong>Deklaracja BHP<\/strong><\/p>\n\n\n\n<p>Pami\u0119taj, aby post\u0119powa\u0107 zgodnie ze wszystkimi instrukcjami producenta aplikacji i skonsultowa\u0107 si\u0119 z lekarzem przed wprowadzeniem jakichkolwiek zmian w leczeniu lub diecie w oparciu o wyniki uzyskane za pomoc\u0105 aplikacji.<\/p>\n\n\n\n<p><strong>Granica wieku<\/strong><\/p>\n\n\n\n<p>Niekt\u00f3re aplikacje do monitorowania poziomu glukozy mog\u0105 by\u0107 odpowiednie tylko dla os\u00f3b powy\u017cej 18 roku \u017cycia. Sprawd\u017a warunki korzystania z ka\u017cdej aplikacji.<\/p>\n\n\n\n<p><\/p>","protected":false},"excerpt":{"rendered":"<p>Este conte\u00fado \u00e9 apenas para fins informativos. N\u00e3o deve ser utilizado como substituto de aconselhamento m\u00e9dico profissional, diagn\u00f3stico ou tratamento. Consulte um m\u00e9dico ou outro profissional de sa\u00fade qualificado para qualquer d\u00favida sobre sua condi\u00e7\u00e3o de sa\u00fade ou sobre o uso de dispositivos ou aplicativos m\u00e9dicos. Limita\u00e7\u00e3o de Responsabilidade Os resultados fornecidos pelos aplicativos de [&hellip;]<\/p>\n","protected":false},"author":1,"featured_media":0,"parent":0,"menu_order":0,"comment_status":"closed","ping_status":"closed","template":"","meta":{"footnotes":""},"class_list":["post-456","page","type-page","status-publish"],"_links":{"self":[{"href":"https:\/\/klatix.com\/pl\/wp-json\/wp\/v2\/pages\/456","targetHints":{"allow":["GET"]}}],"collection":[{"href":"https:\/\/klatix.com\/pl\/wp-json\/wp\/v2\/pages"}],"about":[{"href":"https:\/\/klatix.com\/pl\/wp-json\/wp\/v2\/types\/page"}],"author":[{"embeddable":true,"href":"https:\/\/klatix.com\/pl\/wp-json\/wp\/v2\/users\/1"}],"replies":[{"embeddable":true,"href":"https:\/\/klatix.com\/pl\/wp-json\/wp\/v2\/comments?post=456"}],"version-history":[{"count":1,"href":"https:\/\/klatix.com\/pl\/wp-json\/wp\/v2\/pages\/456\/revisions"}],"predecessor-version":[{"id":457,"href":"https:\/\/klatix.com\/pl\/wp-json\/wp\/v2\/pages\/456\/revisions\/457"}],"wp:attachment":[{"href":"https:\/\/klatix.com\/pl\/wp-json\/wp\/v2\/media?parent=456"}],"curies":[{"name":"wp","href":"https:\/\/api.w.org\/{rel}","templated":true}]}}