{"id":74,"date":"2024-05-31T15:12:31","date_gmt":"2024-05-31T15:12:31","guid":{"rendered":"https:\/\/klatix.com\/?page_id=74"},"modified":"2024-08-03T01:28:07","modified_gmt":"2024-08-03T01:28:07","slug":"privacy-beleid","status":"publish","type":"page","link":"https:\/\/klatix.com\/nl\/politicas-de-privacidade\/","title":{"rendered":"Privacy beleid"},"content":{"rendered":"<h1 class=\"wp-block-heading\"><\/h1>\n\n\n\n<p>Welkom bij\u00a0<strong>Klatix<\/strong>. Dit privacybeleid beschrijft hoe wij informatie over u verzamelen, gebruiken en delen wanneer u onze website bezoekt of gebruikt.<\/p>\n\n\n\n<ol class=\"wp-block-list\">\n<li>Informatie die we verzamelen Persoonlijke informatie: We verzamelen persoonlijke informatie die u vrijwillig verstrekt, zoals uw naam, e-mailadres en andere contactgegevens wanneer u zich aanmeldt voor updates of met ons communiceert. Gebruiksgegevens: We verzamelen automatisch informatie over hoe u de site bezoekt en gebruikt, inclusief apparaattype, webbrowser, bezochte pagina&#039;s, klikken, gebruikspatronen en andere gebruiksinformatie. Cookies en trackingtechnologie\u00ebn: We gebruiken cookies en trackingtechnologie\u00ebn om uw ervaring te personaliseren en gegevens te verzamelen over uw interactie met de website en de weergegeven advertenties.<\/li>\n\n\n\n<li>Gebruik van gegevens Wij gebruiken uw gegevens om:<\/li>\n<\/ol>\n\n\n\n<p>Het leveren, onderhouden en verbeteren van onze website en diensten. Met u communiceren, reageren op uw vragen en verzoeken. Geef gepersonaliseerde advertenties weer en voer data-analyse uit.<\/p>\n\n\n\n<ol start=\"3\" class=\"wp-block-list\">\n<li>Informatie delen We kunnen uw informatie delen met derden in de volgende omstandigheden:<\/li>\n<\/ol>\n\n\n\n<p>Dienstverleners: We delen informatie met leveranciers die ons helpen de site te exploiteren, zoals webhosting en gegevensanalyse. Google Ad Exchange: zoals vereist om advertenties weer te geven via Google Ad Exchange. Wettelijke naleving: Wanneer dit nodig is om aan de wet te voldoen of te reageren op juridische procedures.<\/p>\n\n\n\n<ol start=\"4\" class=\"wp-block-list\">\n<li>Google AdSense Houd er rekening mee dat Google, als derde partij, cookies gebruikt om advertenties op onze website weer te geven, in overeenstemming met de voorwaarden van Google AdSense. Door het gebruik van de DART-cookie door Google kan Google advertenties aan onze gebruikers weergeven op basis van eerdere bezoeken aan onze site en andere sites op internet. Gebruikers kunnen zich afmelden voor het gebruik van de DART-cookie door naar het privacybeleid van Google Advertising and Content Network te gaan.<\/li>\n\n\n\n<li>Wijzigingen in het privacybeleid We kunnen ons privacybeleid van tijd tot tijd bijwerken. Wij zullen u op de hoogte stellen van eventuele wijzigingen door het nieuwe privacybeleid op deze pagina te plaatsen.<\/li>\n\n\n\n<li>Contact Als u vragen heeft over dit privacybeleid, kunt u contact met ons opnemen.<\/li>\n<\/ol>","protected":false},"excerpt":{"rendered":"<p>Bem-vindo ao\u00a0Klatix. Esta pol\u00edtica de privacidade descreve como coletamos, usamos e compartilhamos informa\u00e7\u00f5es sobre voc\u00ea quando acessa ou usa nosso site. Fornecer, manter e melhorar nosso site e servi\u00e7os. Comunicar-nos com voc\u00ea, responder suas perguntas e solicita\u00e7\u00f5es. Exibir an\u00fancios personalizados e realizar an\u00e1lises de dados. Fornecedores de Servi\u00e7os: Compartilhamos informa\u00e7\u00f5es com fornecedores que nos ajudam [&hellip;]<\/p>\n","protected":false},"author":1,"featured_media":0,"parent":0,"menu_order":0,"comment_status":"closed","ping_status":"closed","template":"","meta":{"footnotes":""},"class_list":["post-74","page","type-page","status-publish"],"_links":{"self":[{"href":"https:\/\/klatix.com\/nl\/wp-json\/wp\/v2\/pages\/74","targetHints":{"allow":["GET"]}}],"collection":[{"href":"https:\/\/klatix.com\/nl\/wp-json\/wp\/v2\/pages"}],"about":[{"href":"https:\/\/klatix.com\/nl\/wp-json\/wp\/v2\/types\/page"}],"author":[{"embeddable":true,"href":"https:\/\/klatix.com\/nl\/wp-json\/wp\/v2\/users\/1"}],"replies":[{"embeddable":true,"href":"https:\/\/klatix.com\/nl\/wp-json\/wp\/v2\/comments?post=74"}],"version-history":[{"count":3,"href":"https:\/\/klatix.com\/nl\/wp-json\/wp\/v2\/pages\/74\/revisions"}],"predecessor-version":[{"id":304,"href":"https:\/\/klatix.com\/nl\/wp-json\/wp\/v2\/pages\/74\/revisions\/304"}],"wp:attachment":[{"href":"https:\/\/klatix.com\/nl\/wp-json\/wp\/v2\/media?parent=74"}],"curies":[{"name":"wp","href":"https:\/\/api.w.org\/{rel}","templated":true}]}}