{"id":480,"date":"2024-10-24T06:04:51","date_gmt":"2024-10-24T06:04:51","guid":{"rendered":"https:\/\/klatix.com\/?page_id=480"},"modified":"2024-10-24T06:04:52","modified_gmt":"2024-10-24T06:04:52","slug":"juridische-kennisgeving","status":"publish","type":"page","link":"https:\/\/klatix.com\/nl\/aviso-legal\/","title":{"rendered":"Juridische kennisgeving"},"content":{"rendered":"<p>De inhoud die beschikbaar is op de website <strong>Klatix<\/strong> (<a href=\"https:\/\/klatix.com\/nl\/\">www.klatix.com<\/a>) is informatief en educatief van aard en mag niet worden gebruikt als vervanging voor professioneel advies. Door onze website te bezoeken of te gebruiken, gaat u akkoord met de onderstaande voorwaarden.<\/p>\n\n\n\n<h3 class=\"wp-block-heading\">1. <strong>Vrijwaring<\/strong><\/h3>\n\n\n\n<p>DE <strong>Klatix<\/strong> streeft ernaar juiste en actuele informatie te verstrekken, maar garandeert niet dat de inhoud foutloos of volledig is. Uw gebruik van de informatie op de website is op eigen risico. Wij zijn niet verantwoordelijk voor eventuele schade of verliezen die voortkomen uit het gebruik of de interpretatie van de verstrekte informatie.<\/p>\n\n\n\n<h3 class=\"wp-block-heading\">2. <strong>Intellectueel eigendom<\/strong><\/h3>\n\n\n\n<p>Alle inhoud aanwezig in <strong>Klatix<\/strong>, inclusief teksten, afbeeldingen, grafieken, logo&#039;s en andere materialen, is auteursrechtelijk beschermd en behoort toe aan de website of haar licentiegevers. Misbruik van deze inhoud zonder voorafgaande schriftelijke toestemming is ten strengste verboden.<\/p>\n\n\n\n<h3 class=\"wp-block-heading\">3. <strong>Externe koppelingen<\/strong><\/h3>\n\n\n\n<p>Onze website kan links naar websites van derden bevatten. DE <strong>Klatix<\/strong> is niet verantwoordelijk voor de inhoud of het privacybeleid van deze sites. We raden u aan om bij het bezoeken van externe websites de voorwaarden en het beleid van elke website te lezen.<\/p>\n\n\n\n<h3 class=\"wp-block-heading\">4. <strong>Inhoudswijzigingen<\/strong><\/h3>\n\n\n\n<p>DE <strong>Klatix<\/strong> behoudt zich het recht voor om zonder voorafgaande kennisgeving informatie aan de inhoud van de website te wijzigen, te verwijderen of toe te voegen. We moedigen gebruikers aan om deze verklaring regelmatig opnieuw te lezen om op de hoogte te zijn van eventuele updates.<\/p>\n\n\n\n<h3 class=\"wp-block-heading\">5. <strong>Misbruik<\/strong><\/h3>\n\n\n\n<p>Elke poging tot manipulatie, inbreuk op de beveiliging of misbruik van de website <strong>Klatix<\/strong> zullen worden behandeld in overeenstemming met de toepasselijke wetgeving, wat kan resulteren in civiele of strafrechtelijke sancties.<\/p>\n\n\n\n<h3 class=\"wp-block-heading\">6. <strong>Neem contact met ons op<\/strong><\/h3>\n\n\n\n<p>Als u vragen of opmerkingen heeft over deze juridische kennisgeving, neem dan contact met ons op via e-mail: <a>suporte@klatix.com<\/a>.<\/p>\n\n\n\n<p>Deze juridische kennisgeving is voor het laatst bijgewerkt op 23-10-2024. Door de site te blijven gebruiken, gaat u akkoord met de hierboven genoemde voorwaarden.<\/p>","protected":false},"excerpt":{"rendered":"<p>O conte\u00fado disponibilizado no site Klatix (www.klatix.com) \u00e9 de car\u00e1ter informativo e educativo, n\u00e3o devendo ser utilizado como substituto para aconselhamento profissional. Ao acessar ou utilizar nosso site, voc\u00ea concorda com os termos abaixo. 1. Isen\u00e7\u00e3o de Responsabilidade A Klatix se esfor\u00e7a para fornecer informa\u00e7\u00f5es precisas e atualizadas, mas n\u00e3o garante que os conte\u00fados sejam [&hellip;]<\/p>\n","protected":false},"author":1,"featured_media":0,"parent":0,"menu_order":0,"comment_status":"closed","ping_status":"closed","template":"","meta":{"footnotes":""},"class_list":["post-480","page","type-page","status-publish"],"_links":{"self":[{"href":"https:\/\/klatix.com\/nl\/wp-json\/wp\/v2\/pages\/480","targetHints":{"allow":["GET"]}}],"collection":[{"href":"https:\/\/klatix.com\/nl\/wp-json\/wp\/v2\/pages"}],"about":[{"href":"https:\/\/klatix.com\/nl\/wp-json\/wp\/v2\/types\/page"}],"author":[{"embeddable":true,"href":"https:\/\/klatix.com\/nl\/wp-json\/wp\/v2\/users\/1"}],"replies":[{"embeddable":true,"href":"https:\/\/klatix.com\/nl\/wp-json\/wp\/v2\/comments?post=480"}],"version-history":[{"count":1,"href":"https:\/\/klatix.com\/nl\/wp-json\/wp\/v2\/pages\/480\/revisions"}],"predecessor-version":[{"id":481,"href":"https:\/\/klatix.com\/nl\/wp-json\/wp\/v2\/pages\/480\/revisions\/481"}],"wp:attachment":[{"href":"https:\/\/klatix.com\/nl\/wp-json\/wp\/v2\/media?parent=480"}],"curies":[{"name":"wp","href":"https:\/\/api.w.org\/{rel}","templated":true}]}}