{"id":456,"date":"2024-10-21T04:56:27","date_gmt":"2024-10-21T04:56:27","guid":{"rendered":"https:\/\/klatix.com\/?page_id=456"},"modified":"2024-10-21T04:56:28","modified_gmt":"2024-10-21T04:56:28","slug":"medische-disclaimer","status":"publish","type":"page","link":"https:\/\/klatix.com\/nl\/declaracao-de-isencao-de-responsabilidade-medica\/","title":{"rendered":"Medische disclaimer"},"content":{"rendered":"<p>Deze inhoud is uitsluitend bedoeld voor informatieve doeleinden. Het mag niet worden gebruikt als vervanging voor professioneel medisch advies, diagnose of behandeling. Raadpleeg een arts of een andere gekwalificeerde beroepsbeoefenaar in de gezondheidszorg als u vragen heeft over uw gezondheidstoestand of het gebruik van medische apparaten of toepassingen.<\/p>\n\n\n\n<p><strong>Beperking van aansprakelijkheid<\/strong><\/p>\n\n\n\n<p>Resultaten geleverd door apps voor glucosemonitoring kunnen vari\u00ebren. Het bedrijf is niet verantwoordelijk voor eventuele schade of gevolgen die voortkomen uit misbruik of onjuiste interpretatie van de informatie verstrekt door de genoemde applicaties.<\/p>\n\n\n\n<p><strong>Gezondheids- en veiligheidsverklaring<\/strong><\/p>\n\n\n\n<p>Zorg ervoor dat u alle instructies van de fabrikant van de app opvolgt en uw arts raadpleegt voordat u uw behandeling of dieet aanpast op basis van de resultaten die via de app zijn verkregen.<\/p>\n\n\n\n<p><strong>Leeftijdsgrens<\/strong><\/p>\n\n\n\n<p>Sommige apps voor glucosemonitoring zijn mogelijk alleen geschikt voor mensen ouder dan 18 jaar. Controleer de gebruiksvoorwaarden voor elke toepassing.<\/p>\n\n\n\n<p><\/p>","protected":false},"excerpt":{"rendered":"<p>Este conte\u00fado \u00e9 apenas para fins informativos. N\u00e3o deve ser utilizado como substituto de aconselhamento m\u00e9dico profissional, diagn\u00f3stico ou tratamento. Consulte um m\u00e9dico ou outro profissional de sa\u00fade qualificado para qualquer d\u00favida sobre sua condi\u00e7\u00e3o de sa\u00fade ou sobre o uso de dispositivos ou aplicativos m\u00e9dicos. Limita\u00e7\u00e3o de Responsabilidade Os resultados fornecidos pelos aplicativos de [&hellip;]<\/p>\n","protected":false},"author":1,"featured_media":0,"parent":0,"menu_order":0,"comment_status":"closed","ping_status":"closed","template":"","meta":{"footnotes":""},"class_list":["post-456","page","type-page","status-publish"],"_links":{"self":[{"href":"https:\/\/klatix.com\/nl\/wp-json\/wp\/v2\/pages\/456","targetHints":{"allow":["GET"]}}],"collection":[{"href":"https:\/\/klatix.com\/nl\/wp-json\/wp\/v2\/pages"}],"about":[{"href":"https:\/\/klatix.com\/nl\/wp-json\/wp\/v2\/types\/page"}],"author":[{"embeddable":true,"href":"https:\/\/klatix.com\/nl\/wp-json\/wp\/v2\/users\/1"}],"replies":[{"embeddable":true,"href":"https:\/\/klatix.com\/nl\/wp-json\/wp\/v2\/comments?post=456"}],"version-history":[{"count":1,"href":"https:\/\/klatix.com\/nl\/wp-json\/wp\/v2\/pages\/456\/revisions"}],"predecessor-version":[{"id":457,"href":"https:\/\/klatix.com\/nl\/wp-json\/wp\/v2\/pages\/456\/revisions\/457"}],"wp:attachment":[{"href":"https:\/\/klatix.com\/nl\/wp-json\/wp\/v2\/media?parent=456"}],"curies":[{"name":"wp","href":"https:\/\/api.w.org\/{rel}","templated":true}]}}