{"id":456,"date":"2024-10-21T04:56:27","date_gmt":"2024-10-21T04:56:27","guid":{"rendered":"https:\/\/klatix.com\/?page_id=456"},"modified":"2024-10-21T04:56:28","modified_gmt":"2024-10-21T04:56:28","slug":"penafian-perubatan","status":"publish","type":"page","link":"https:\/\/klatix.com\/ms\/declaracao-de-isencao-de-responsabilidade-medica\/","title":{"rendered":"Penafian Perubatan"},"content":{"rendered":"<p>Kandungan ini adalah untuk tujuan maklumat sahaja. Ia tidak boleh digunakan sebagai pengganti nasihat perubatan profesional, diagnosis atau rawatan. Rujuk doktor atau profesional penjagaan kesihatan bertauliah lain dengan sebarang soalan yang mungkin anda ada tentang keadaan kesihatan anda atau penggunaan peranti atau aplikasi perubatan.<\/p>\n\n\n\n<p><strong>Had Liabiliti<\/strong><\/p>\n\n\n\n<p>Keputusan yang diberikan oleh aplikasi pemantauan glukosa mungkin berbeza-beza. Syarikat tidak bertanggungjawab terhadap sebarang kerosakan atau akibat yang timbul daripada penyalahgunaan atau tafsiran yang salah terhadap maklumat yang diberikan oleh aplikasi yang disebutkan.<\/p>\n\n\n\n<p><strong>Perisytiharan Kesihatan dan Keselamatan<\/strong><\/p>\n\n\n\n<p>Pastikan anda mengikuti semua arahan yang diberikan oleh pengilang apl dan berunding dengan doktor anda sebelum membuat sebarang pelarasan pada rawatan atau diet anda berdasarkan keputusan yang diperoleh melalui apl.<\/p>\n\n\n\n<p><strong>Had umur<\/strong><\/p>\n\n\n\n<p>Sesetengah apl pemantauan glukosa mungkin hanya sesuai untuk mereka yang berumur lebih 18 tahun. Semak syarat penggunaan untuk setiap aplikasi.<\/p>\n\n\n\n<p><\/p>","protected":false},"excerpt":{"rendered":"<p>Este conte\u00fado \u00e9 apenas para fins informativos. N\u00e3o deve ser utilizado como substituto de aconselhamento m\u00e9dico profissional, diagn\u00f3stico ou tratamento. Consulte um m\u00e9dico ou outro profissional de sa\u00fade qualificado para qualquer d\u00favida sobre sua condi\u00e7\u00e3o de sa\u00fade ou sobre o uso de dispositivos ou aplicativos m\u00e9dicos. Limita\u00e7\u00e3o de Responsabilidade Os resultados fornecidos pelos aplicativos de [&hellip;]<\/p>\n","protected":false},"author":1,"featured_media":0,"parent":0,"menu_order":0,"comment_status":"closed","ping_status":"closed","template":"","meta":{"footnotes":""},"class_list":["post-456","page","type-page","status-publish"],"_links":{"self":[{"href":"https:\/\/klatix.com\/ms\/wp-json\/wp\/v2\/pages\/456","targetHints":{"allow":["GET"]}}],"collection":[{"href":"https:\/\/klatix.com\/ms\/wp-json\/wp\/v2\/pages"}],"about":[{"href":"https:\/\/klatix.com\/ms\/wp-json\/wp\/v2\/types\/page"}],"author":[{"embeddable":true,"href":"https:\/\/klatix.com\/ms\/wp-json\/wp\/v2\/users\/1"}],"replies":[{"embeddable":true,"href":"https:\/\/klatix.com\/ms\/wp-json\/wp\/v2\/comments?post=456"}],"version-history":[{"count":1,"href":"https:\/\/klatix.com\/ms\/wp-json\/wp\/v2\/pages\/456\/revisions"}],"predecessor-version":[{"id":457,"href":"https:\/\/klatix.com\/ms\/wp-json\/wp\/v2\/pages\/456\/revisions\/457"}],"wp:attachment":[{"href":"https:\/\/klatix.com\/ms\/wp-json\/wp\/v2\/media?parent=456"}],"curies":[{"name":"wp","href":"https:\/\/api.w.org\/{rel}","templated":true}]}}