{"id":456,"date":"2024-10-21T04:56:27","date_gmt":"2024-10-21T04:56:27","guid":{"rendered":"https:\/\/klatix.com\/?page_id=456"},"modified":"2024-10-21T04:56:28","modified_gmt":"2024-10-21T04:56:28","slug":"medicininis-atsisakymas","status":"publish","type":"page","link":"https:\/\/klatix.com\/lt\/declaracao-de-isencao-de-responsabilidade-medica\/","title":{"rendered":"Medicinos atsisakymas"},"content":{"rendered":"<p>\u0160is turinys skirtas tik informaciniams tikslams. Jis netur\u0117t\u0173 b\u016bti naudojamas kaip profesionalios medicinin\u0117s konsultacijos, diagnoz\u0117s ar gydymo pakaitalas. Kreipkit\u0117s \u012f gydytoj\u0105 ar kit\u0105 kvalifikuot\u0105 sveikatos prie\u017ei\u016bros specialist\u0105 d\u0117l bet koki\u0173 klausim\u0173, susijusi\u0173 su j\u016bs\u0173 sveikatos b\u016bkle arba medicinos prietais\u0173 ar taikom\u0173j\u0173 program\u0173 naudojimu.<\/p>\n\n\n\n<p><strong>Atsakomyb\u0117s apribojimas<\/strong><\/p>\n\n\n\n<p>Gliukoz\u0117s steb\u0117jimo program\u0173 pateikiami rezultatai gali skirtis. Bendrov\u0117 neatsako u\u017e joki\u0105 \u017eal\u0105 ar pasekmes, kilusias d\u0117l netinkamo min\u0117tose programose pateiktos informacijos naudojimo ar neteisingo interpretavimo.<\/p>\n\n\n\n<p><strong>Sveikatos ir saugos deklaracija<\/strong><\/p>\n\n\n\n<p>B\u016btinai laikykit\u0117s vis\u0173 program\u0117l\u0117s gamintojo pateikt\u0173 nurodym\u0173 ir pasitarkite su savo gydytoju prie\u0161 koreguodami gydym\u0105 ar diet\u0105, atsi\u017evelgdami \u012f rezultatus, gautus naudojant program\u0117l\u0119.<\/p>\n\n\n\n<p><strong>Am\u017eiaus riba<\/strong><\/p>\n\n\n\n<p>Kai kurios gliukoz\u0117s steb\u0117jimo programos gali b\u016bti tinkamos tik vyresniems nei 18 met\u0173 asmenims. Patikrinkite kiekvienos programos naudojimo s\u0105lygas.<\/p>\n\n\n\n<p><\/p>","protected":false},"excerpt":{"rendered":"<p>Este conte\u00fado \u00e9 apenas para fins informativos. N\u00e3o deve ser utilizado como substituto de aconselhamento m\u00e9dico profissional, diagn\u00f3stico ou tratamento. Consulte um m\u00e9dico ou outro profissional de sa\u00fade qualificado para qualquer d\u00favida sobre sua condi\u00e7\u00e3o de sa\u00fade ou sobre o uso de dispositivos ou aplicativos m\u00e9dicos. Limita\u00e7\u00e3o de Responsabilidade Os resultados fornecidos pelos aplicativos de [&hellip;]<\/p>\n","protected":false},"author":1,"featured_media":0,"parent":0,"menu_order":0,"comment_status":"closed","ping_status":"closed","template":"","meta":{"footnotes":""},"class_list":["post-456","page","type-page","status-publish"],"_links":{"self":[{"href":"https:\/\/klatix.com\/lt\/wp-json\/wp\/v2\/pages\/456","targetHints":{"allow":["GET"]}}],"collection":[{"href":"https:\/\/klatix.com\/lt\/wp-json\/wp\/v2\/pages"}],"about":[{"href":"https:\/\/klatix.com\/lt\/wp-json\/wp\/v2\/types\/page"}],"author":[{"embeddable":true,"href":"https:\/\/klatix.com\/lt\/wp-json\/wp\/v2\/users\/1"}],"replies":[{"embeddable":true,"href":"https:\/\/klatix.com\/lt\/wp-json\/wp\/v2\/comments?post=456"}],"version-history":[{"count":1,"href":"https:\/\/klatix.com\/lt\/wp-json\/wp\/v2\/pages\/456\/revisions"}],"predecessor-version":[{"id":457,"href":"https:\/\/klatix.com\/lt\/wp-json\/wp\/v2\/pages\/456\/revisions\/457"}],"wp:attachment":[{"href":"https:\/\/klatix.com\/lt\/wp-json\/wp\/v2\/media?parent=456"}],"curies":[{"name":"wp","href":"https:\/\/api.w.org\/{rel}","templated":true}]}}