{"id":480,"date":"2024-10-24T06:04:51","date_gmt":"2024-10-24T06:04:51","guid":{"rendered":"https:\/\/klatix.com\/?page_id=480"},"modified":"2024-10-24T06:04:52","modified_gmt":"2024-10-24T06:04:52","slug":"%eb%b2%95%ec%a0%81-%ea%b3%a0%ec%a7%80","status":"publish","type":"page","link":"https:\/\/klatix.com\/ko\/aviso-legal\/","title":{"rendered":"\ubc95\uc801 \uace0\uc9c0"},"content":{"rendered":"<p>\uc6f9\uc0ac\uc774\ud2b8\uc5d0\uc11c \uc81c\uacf5\ub418\ub294 \ucf58\ud150\uce20 <strong>\ud074\ub77c\ud2f1\uc2a4<\/strong> (<a href=\"https:\/\/klatix.com\/ko\/\">www.klatix.com<\/a>)\uc740 \ubcf8\uc9c8\uc801\uc73c\ub85c \uc720\uc775\ud558\uace0 \uad50\uc721\uc801\uc778 \ub0b4\uc6a9\uc774\ubbc0\ub85c \uc804\ubb38\uc801\uc778 \uc870\uc5b8\uc744 \ub300\uc2e0\ud558\uc5ec \uc0ac\uc6a9\ud574\uc11c\ub294 \uc548 \ub429\ub2c8\ub2e4. \ub2f9\uc0ac \uc6f9\uc0ac\uc774\ud2b8\uc5d0 \uc811\uc18d\ud558\uac70\ub098 \uc774\ub97c \uc0ac\uc6a9\ud568\uc73c\ub85c\uc368 \uadc0\ud558\ub294 \uc544\ub798 \uc57d\uad00\uc5d0 \ub3d9\uc758\ud558\uac8c \ub429\ub2c8\ub2e4.<\/p>\n\n\n\n<h3 class=\"wp-block-heading\">1. <strong>\ubd80\uc778 \uc131\uba85<\/strong><\/h3>\n\n\n\n<p>\uadf8\ub9cc\ud07c <strong>\ud074\ub77c\ud2f1\uc2a4<\/strong> \ub294 \uc815\ud655\ud558\uace0 \ucd5c\uc2e0\uc758 \uc815\ubcf4\ub97c \uc81c\uacf5\ud558\uae30 \uc704\ud574 \ub178\ub825\ud558\uc9c0\ub9cc \ub0b4\uc6a9\uc5d0 \uc624\ub958\uac00 \uc5c6\uac70\ub098 \uc644\uc804\ud568\uc744 \ubcf4\uc7a5\ud558\uc9c0\ub294 \uc54a\uc2b5\ub2c8\ub2e4. \uc6f9\uc0ac\uc774\ud2b8\uc5d0 \ud3ec\ud568\ub41c \uc815\ubcf4\ub97c \uc0ac\uc6a9\ud558\ub294 \ub370 \ub530\ub978 \uc704\ud5d8\uc740 \uc804\uc801\uc73c\ub85c \uadc0\ud558\uc758 \ucc45\uc784\uc785\ub2c8\ub2e4. \uc81c\uacf5\ub41c \uc815\ubcf4\uc758 \uc0ac\uc6a9\uc774\ub098 \ud574\uc11d\uc73c\ub85c \uc778\ud574 \ubc1c\uc0dd\ud558\ub294 \uc190\ud574\ub098 \uc190\uc2e4\uc5d0 \ub300\ud574 \ub2f9\uc0ac\ub294 \ucc45\uc784\uc744 \uc9c0\uc9c0 \uc54a\uc2b5\ub2c8\ub2e4.<\/p>\n\n\n\n<h3 class=\"wp-block-heading\">2. <strong>\uc9c0\uc801\uc7ac\uc0b0\uad8c<\/strong><\/h3>\n\n\n\n<p>\uc5d0 \uc788\ub294 \ubaa8\ub4e0 \ucf58\ud150\uce20 <strong>\ud074\ub77c\ud2f1\uc2a4<\/strong>\ud14d\uc2a4\ud2b8, \uc774\ubbf8\uc9c0, \uadf8\ub798\ud53d, \ub85c\uace0 \ubc0f \uae30\ud0c0 \uc790\ub8cc\ub97c \ud3ec\ud568\ud55c \ubaa8\ub4e0 \uc790\ub8cc\ub294 \uc800\uc791\uad8c\uc73c\ub85c \ubcf4\ud638\ub418\uba70 \uc6f9\uc0ac\uc774\ud2b8 \ub610\ub294 \ud574\ub2f9 \ub77c\uc774\uc13c\uc2a4 \uc81c\uacf5\uc790\uc758 \uc18c\uc720\uc785\ub2c8\ub2e4. \uc0ac\uc804 \uc11c\uba74 \uc2b9\uc778 \uc5c6\uc774 \uc774 \ucf58\ud150\uce20\ub97c \uc624\uc6a9\ud558\ub294 \uac83\uc740 \uc5c4\uaca9\ud788 \uae08\uc9c0\ub429\ub2c8\ub2e4.<\/p>\n\n\n\n<h3 class=\"wp-block-heading\">3. <strong>\uc678\ubd80 \ub9c1\ud06c<\/strong><\/h3>\n\n\n\n<p>\ub2f9\uc0ac \uc6f9\uc0ac\uc774\ud2b8\uc5d0\ub294 \uc81c3\uc790 \uc6f9\uc0ac\uc774\ud2b8\uc5d0 \ub300\ud55c \ub9c1\ud06c\uac00 \ud3ec\ud568\ub420 \uc218 \uc788\uc2b5\ub2c8\ub2e4. \uadf8\ub9cc\ud07c <strong>\ud074\ub77c\ud2f1\uc2a4<\/strong> \ub294 \uc774\ub7ec\ud55c \uc0ac\uc774\ud2b8\uc5d0\uc11c \uc2dc\ud589\ud558\ub294 \ucf58\ud150\uce20\ub098 \uac1c\uc778\uc815\ubcf4 \ubcf4\ud638\uc815\ucc45\uc5d0 \ub300\ud574 \ucc45\uc784\uc744 \uc9c0\uc9c0 \uc54a\uc2b5\ub2c8\ub2e4. \uc678\ubd80 \uc6f9\uc0ac\uc774\ud2b8\uc5d0 \uc811\uc18d\ud560 \ub54c \uac01 \uc6f9\uc0ac\uc774\ud2b8\uc758 \uc774\uc6a9\uc57d\uad00\uacfc \uc815\ucc45\uc744 \uac80\ud1a0\ud558\ub294 \uac83\uc774 \uc88b\uc2b5\ub2c8\ub2e4.<\/p>\n\n\n\n<h3 class=\"wp-block-heading\">4. <strong>\ucf58\ud150\uce20 \ubcc0\uacbd<\/strong><\/h3>\n\n\n\n<p>\uadf8\ub9cc\ud07c <strong>\ud074\ub77c\ud2f1\uc2a4<\/strong> \ub294 \uc0ac\uc804 \ud1b5\uc9c0 \uc5c6\uc774 \uc6f9\uc0ac\uc774\ud2b8 \ucf58\ud150\uce20\ub97c \uc218\uc815, \uc0ad\uc81c \ub610\ub294 \uc815\ubcf4\ub97c \ucd94\uac00\ud560 \uad8c\ub9ac\ub97c \ubcf4\uc720\ud569\ub2c8\ub2e4. \uc0ac\uc6a9\uc790\ub294 \uc815\uae30\uc801\uc73c\ub85c \uc774 \uacf5\uc9c0\ub97c \ub2e4\uc2dc \ubc29\ubb38\ud558\uc5ec \uc5c5\ub370\uc774\ud2b8 \ub0b4\uc6a9\uc744 \ud655\uc778\ud558\ub294 \uac83\uc774 \uc88b\uc2b5\ub2c8\ub2e4.<\/p>\n\n\n\n<h3 class=\"wp-block-heading\">5. <strong>\uc624\uc6a9<\/strong><\/h3>\n\n\n\n<p>\uc6f9\uc0ac\uc774\ud2b8\uc758 \uc870\uc791, \ubcf4\uc548 \uce68\ud574 \ub610\ub294 \uc624\uc6a9 \uc2dc\ub3c4 <strong>\ud074\ub77c\ud2f1\uc2a4<\/strong> \ud574\ub2f9 \ubc95\ub960\uc5d0 \ub530\ub77c \ucc98\ub9ac\ub418\uba70, \uc774\uc5d0 \ub530\ub77c \ubbfc\uc0ac \ub610\ub294 \ud615\uc0ac\uc0c1\uc758 \uc81c\uc7ac\ub97c \ubc1b\uc744 \uc218 \uc788\uc2b5\ub2c8\ub2e4.<\/p>\n\n\n\n<h3 class=\"wp-block-heading\">6. <strong>\ubb38\uc758\ud558\uae30<\/strong><\/h3>\n\n\n\n<p>\ubcf8 \ubc95\uc801 \uace0\uc9c0\uc5d0 \ub300\ud574 \uc9c8\ubb38\uc774\ub098 \uc6b0\ub824 \uc0ac\ud56d\uc774 \uc788\ub294 \uacbd\uc6b0 \uc774\uba54\uc77c\uc744 \ud1b5\ud574 \ubb38\uc758\ud574 \uc8fc\uc2ed\uc2dc\uc624. <a>suporte@klatix.com<\/a>.<\/p>\n\n\n\n<p>\ubcf8 \ubc95\uc801 \uace0\uc9c0\ub294 2024\ub144 10\uc6d4 23\uc77c\uc5d0 \ub9c8\uc9c0\ub9c9\uc73c\ub85c \uc5c5\ub370\uc774\ud2b8\ub418\uc5c8\uc2b5\ub2c8\ub2e4. \uc0ac\uc774\ud2b8\ub97c \uacc4\uc18d \uc0ac\uc6a9\ud558\uba74 \uc704\uc5d0 \uc5b8\uae09\ub41c \uc57d\uad00\uc5d0 \ub3d9\uc758\ud558\ub294 \uac83\uc73c\ub85c \uac04\uc8fc\ub429\ub2c8\ub2e4.<\/p>","protected":false},"excerpt":{"rendered":"<p>O conte\u00fado disponibilizado no site Klatix (www.klatix.com) \u00e9 de car\u00e1ter informativo e educativo, n\u00e3o devendo ser utilizado como substituto para aconselhamento profissional. Ao acessar ou utilizar nosso site, voc\u00ea concorda com os termos abaixo. 1. Isen\u00e7\u00e3o de Responsabilidade A Klatix se esfor\u00e7a para fornecer informa\u00e7\u00f5es precisas e atualizadas, mas n\u00e3o garante que os conte\u00fados sejam [&hellip;]<\/p>\n","protected":false},"author":1,"featured_media":0,"parent":0,"menu_order":0,"comment_status":"closed","ping_status":"closed","template":"","meta":{"footnotes":""},"class_list":["post-480","page","type-page","status-publish"],"_links":{"self":[{"href":"https:\/\/klatix.com\/ko\/wp-json\/wp\/v2\/pages\/480","targetHints":{"allow":["GET"]}}],"collection":[{"href":"https:\/\/klatix.com\/ko\/wp-json\/wp\/v2\/pages"}],"about":[{"href":"https:\/\/klatix.com\/ko\/wp-json\/wp\/v2\/types\/page"}],"author":[{"embeddable":true,"href":"https:\/\/klatix.com\/ko\/wp-json\/wp\/v2\/users\/1"}],"replies":[{"embeddable":true,"href":"https:\/\/klatix.com\/ko\/wp-json\/wp\/v2\/comments?post=480"}],"version-history":[{"count":1,"href":"https:\/\/klatix.com\/ko\/wp-json\/wp\/v2\/pages\/480\/revisions"}],"predecessor-version":[{"id":481,"href":"https:\/\/klatix.com\/ko\/wp-json\/wp\/v2\/pages\/480\/revisions\/481"}],"wp:attachment":[{"href":"https:\/\/klatix.com\/ko\/wp-json\/wp\/v2\/media?parent=480"}],"curies":[{"name":"wp","href":"https:\/\/api.w.org\/{rel}","templated":true}]}}