{"id":480,"date":"2024-10-24T06:04:51","date_gmt":"2024-10-24T06:04:51","guid":{"rendered":"https:\/\/klatix.com\/?page_id=480"},"modified":"2024-10-24T06:04:52","modified_gmt":"2024-10-24T06:04:52","slug":"%e6%b3%95%e7%9a%84%e9%80%9a%e7%9f%a5","status":"publish","type":"page","link":"https:\/\/klatix.com\/ja\/aviso-legal\/","title":{"rendered":"\u6cd5\u7684\u901a\u77e5"},"content":{"rendered":"<p>\u30a6\u30a7\u30d6\u30b5\u30a4\u30c8\u3067\u5229\u7528\u3067\u304d\u308b\u30b3\u30f3\u30c6\u30f3\u30c4 <strong>\u30af\u30e9\u30c6\u30a3\u30c3\u30af\u30b9<\/strong> (<a href=\"https:\/\/klatix.com\/ja\/\">www.klatix.com<\/a>) \u306f\u6709\u76ca\u304b\u3064\u6559\u80b2\u7684\u306a\u6027\u8cea\u306e\u3082\u306e\u3067\u3042\u308a\u3001\u5c02\u9580\u7684\u306a\u30a2\u30c9\u30d0\u30a4\u30b9\u306e\u4ee3\u308f\u308a\u3068\u3057\u3066\u4f7f\u7528\u3059\u3079\u304d\u3067\u306f\u3042\u308a\u307e\u305b\u3093\u3002\u5f53\u793e\u306e Web \u30b5\u30a4\u30c8\u306b\u30a2\u30af\u30bb\u30b9\u307e\u305f\u306f\u4f7f\u7528\u3059\u308b\u3068\u3001\u4ee5\u4e0b\u306e\u6761\u4ef6\u306b\u540c\u610f\u3057\u305f\u3082\u306e\u3068\u307f\u306a\u3055\u308c\u307e\u3059\u3002<\/p>\n\n\n\n<h3 class=\"wp-block-heading\">1. <strong>\u514d\u8cac\u4e8b\u9805<\/strong><\/h3>\n\n\n\n<p>\u30b6 <strong>\u30af\u30e9\u30c6\u30a3\u30c3\u30af\u30b9<\/strong> \u306f\u3001\u6b63\u78ba\u304b\u3064\u6700\u65b0\u306e\u60c5\u5831\u3092\u63d0\u4f9b\u3059\u308b\u3088\u3046\u52aa\u3081\u307e\u3059\u304c\u3001\u5185\u5bb9\u306b\u8aa4\u308a\u304c\u306a\u3044\u3053\u3068\u3084\u5b8c\u5168\u3067\u3042\u308b\u3053\u3068\u3092\u4fdd\u8a3c\u3059\u308b\u3082\u306e\u3067\u306f\u3042\u308a\u307e\u305b\u3093\u3002\u30a6\u30a7\u30d6\u30b5\u30a4\u30c8\u306b\u542b\u307e\u308c\u308b\u60c5\u5831\u306e\u4f7f\u7528\u306f\u3001\u304a\u5ba2\u69d8\u3054\u81ea\u8eab\u306e\u8cac\u4efb\u3067\u884c\u3063\u3066\u304f\u3060\u3055\u3044\u3002\u5f53\u793e\u306f\u3001\u63d0\u4f9b\u3055\u308c\u305f\u60c5\u5831\u306e\u4f7f\u7528\u307e\u305f\u306f\u89e3\u91c8\u304b\u3089\u751f\u3058\u308b\u3044\u304b\u306a\u308b\u640d\u5bb3\u307e\u305f\u306f\u640d\u5931\u306b\u3064\u3044\u3066\u3082\u8cac\u4efb\u3092\u8ca0\u3044\u307e\u305b\u3093\u3002<\/p>\n\n\n\n<h3 class=\"wp-block-heading\">2. <strong>\u77e5\u7684\u8ca1\u7523<\/strong><\/h3>\n\n\n\n<p>\u306b\u5b58\u5728\u3059\u308b\u3059\u3079\u3066\u306e\u30b3\u30f3\u30c6\u30f3\u30c4 <strong>\u30af\u30e9\u30c6\u30a3\u30c3\u30af\u30b9<\/strong>\u30c6\u30ad\u30b9\u30c8\u3001\u753b\u50cf\u3001\u30b0\u30e9\u30d5\u30a3\u30c3\u30af\u3001\u30ed\u30b4\u3001\u305d\u306e\u4ed6\u306e\u7d20\u6750\u3092\u542b\u3080\u30b3\u30f3\u30c6\u30f3\u30c4\u306f\u8457\u4f5c\u6a29\u3067\u4fdd\u8b77\u3055\u308c\u3066\u304a\u308a\u3001Web \u30b5\u30a4\u30c8\u307e\u305f\u306f\u305d\u306e\u30e9\u30a4\u30bb\u30f3\u30b5\u30fc\u306b\u5c5e\u3057\u307e\u3059\u3002\u4e8b\u524d\u306e\u66f8\u9762\u306b\u3088\u308b\u8a31\u53ef\u306a\u3057\u306b\u3053\u306e\u30b3\u30f3\u30c6\u30f3\u30c4\u3092\u60aa\u7528\u3059\u308b\u3053\u3068\u306f\u56fa\u304f\u7981\u3058\u3089\u308c\u3066\u3044\u307e\u3059\u3002<\/p>\n\n\n\n<h3 class=\"wp-block-heading\">3. <strong>\u5916\u90e8\u30ea\u30f3\u30af<\/strong><\/h3>\n\n\n\n<p>\u5f53\u793e\u306e\u30a6\u30a7\u30d6\u30b5\u30a4\u30c8\u306b\u306f\u3001\u7b2c\u4e09\u8005\u306e\u30a6\u30a7\u30d6\u30b5\u30a4\u30c8\u3078\u306e\u30ea\u30f3\u30af\u304c\u542b\u307e\u308c\u3066\u3044\u308b\u5834\u5408\u304c\u3042\u308a\u307e\u3059\u3002\u30b6 <strong>\u30af\u30e9\u30c6\u30a3\u30c3\u30af\u30b9<\/strong> \u306f\u3001\u3053\u308c\u3089\u306e\u30b5\u30a4\u30c8\u3067\u5b9f\u65bd\u3055\u308c\u308b\u30b3\u30f3\u30c6\u30f3\u30c4\u307e\u305f\u306f\u30d7\u30e9\u30a4\u30d0\u30b7\u30fc \u30dd\u30ea\u30b7\u30fc\u306b\u5bfe\u3057\u3066\u8cac\u4efb\u3092\u8ca0\u3044\u307e\u305b\u3093\u3002\u5916\u90e8 Web \u30b5\u30a4\u30c8\u306b\u30a2\u30af\u30bb\u30b9\u3059\u308b\u3068\u304d\u306f\u3001\u5404 Web \u30b5\u30a4\u30c8\u306e\u898f\u7d04\u3068\u30dd\u30ea\u30b7\u30fc\u3092\u78ba\u8a8d\u3059\u308b\u3053\u3068\u3092\u304a\u52e7\u3081\u3057\u307e\u3059\u3002<\/p>\n\n\n\n<h3 class=\"wp-block-heading\">4. <strong>\u30b3\u30f3\u30c6\u30f3\u30c4\u306e\u5909\u66f4<\/strong><\/h3>\n\n\n\n<p>\u30b6 <strong>\u30af\u30e9\u30c6\u30a3\u30c3\u30af\u30b9<\/strong> \u5f53\u793e\u306f\u3001\u4e88\u544a\u306a\u304f\u30a6\u30a7\u30d6\u30b5\u30a4\u30c8\u306e\u30b3\u30f3\u30c6\u30f3\u30c4\u3092\u5909\u66f4\u3001\u524a\u9664\u3001\u307e\u305f\u306f\u60c5\u5831\u3092\u8ffd\u52a0\u3059\u308b\u6a29\u5229\u3092\u7559\u4fdd\u3057\u307e\u3059\u3002\u30e6\u30fc\u30b6\u30fc\u306b\u306f\u3001\u5b9a\u671f\u7684\u306b\u3053\u306e\u901a\u77e5\u306b\u30a2\u30af\u30bb\u30b9\u3057\u3066\u66f4\u65b0\u5185\u5bb9\u3092\u628a\u63e1\u3059\u308b\u3053\u3068\u3092\u304a\u52e7\u3081\u3057\u307e\u3059\u3002<\/p>\n\n\n\n<h3 class=\"wp-block-heading\">5. <strong>\u60aa\u7528<\/strong><\/h3>\n\n\n\n<p>\u30a6\u30a7\u30d6\u30b5\u30a4\u30c8\u306e\u64cd\u4f5c\u3001\u30bb\u30ad\u30e5\u30ea\u30c6\u30a3\u4fb5\u5bb3\u3001\u307e\u305f\u306f\u60aa\u7528\u306e\u8a66\u307f <strong>\u30af\u30e9\u30c6\u30a3\u30c3\u30af\u30b9<\/strong> \u9069\u7528\u3055\u308c\u308b\u6cd5\u5f8b\u306b\u5f93\u3063\u3066\u6271\u308f\u308c\u3001\u305d\u306e\u7d50\u679c\u3001\u6c11\u4e8b\u307e\u305f\u306f\u5211\u4e8b\u4e0a\u306e\u5236\u88c1\u304c\u79d1\u3055\u308c\u308b\u53ef\u80fd\u6027\u304c\u3042\u308a\u307e\u3059\u3002<\/p>\n\n\n\n<h3 class=\"wp-block-heading\">6. <strong>\u304a\u554f\u3044\u5408\u308f\u305b<\/strong><\/h3>\n\n\n\n<p>\u3053\u306e\u6cd5\u7684\u901a\u77e5\u306b\u95a2\u3057\u3066\u3054\u8cea\u554f\u3084\u61f8\u5ff5\u304c\u3042\u308b\u5834\u5408\u306f\u3001\u96fb\u5b50\u30e1\u30fc\u30eb\u3067\u304a\u554f\u3044\u5408\u308f\u305b\u304f\u3060\u3055\u3044\u3002 <a>suporte@klatix.com<\/a>.<\/p>\n\n\n\n<p>\u3053\u306e\u6cd5\u7684\u901a\u77e5\u306e\u6700\u7d42\u66f4\u65b0\u65e5\u306f 2024 \u5e74 10 \u6708 23 \u65e5\u3067\u3059\u3002\u30b5\u30a4\u30c8\u306e\u4f7f\u7528\u3092\u7d9a\u3051\u308b\u3068\u3001\u4e0a\u8a18\u306e\u6761\u4ef6\u306b\u540c\u610f\u3057\u305f\u3053\u3068\u306b\u306a\u308a\u307e\u3059\u3002<\/p>","protected":false},"excerpt":{"rendered":"<p>O conte\u00fado disponibilizado no site Klatix (www.klatix.com) \u00e9 de car\u00e1ter informativo e educativo, n\u00e3o devendo ser utilizado como substituto para aconselhamento profissional. Ao acessar ou utilizar nosso site, voc\u00ea concorda com os termos abaixo. 1. Isen\u00e7\u00e3o de Responsabilidade A Klatix se esfor\u00e7a para fornecer informa\u00e7\u00f5es precisas e atualizadas, mas n\u00e3o garante que os conte\u00fados sejam isentos de erros ou completos. O uso das informa\u00e7\u00f5es contidas no site \u00e9 de sua responsabilidade. N\u00e3o nos responsabilizamos por quaisquer danos ou preju\u00edzos decorrentes da utiliza\u00e7\u00e3o ou interpreta\u00e7\u00e3o das informa\u00e7\u00f5es disponibilizadas. 2. Propriedade Intelectual Todo o conte\u00fado presente em Klatix, incluindo textos, imagens, gr\u00e1ficos, logotipos e demais materiais, \u00e9 protegido por direitos autorais e [&hellip;]<\/p>\n","protected":false},"author":1,"featured_media":0,"parent":0,"menu_order":0,"comment_status":"closed","ping_status":"closed","template":"","meta":{"footnotes":""},"class_list":["post-480","page","type-page","status-publish"],"_links":{"self":[{"href":"https:\/\/klatix.com\/ja\/wp-json\/wp\/v2\/pages\/480","targetHints":{"allow":["GET"]}}],"collection":[{"href":"https:\/\/klatix.com\/ja\/wp-json\/wp\/v2\/pages"}],"about":[{"href":"https:\/\/klatix.com\/ja\/wp-json\/wp\/v2\/types\/page"}],"author":[{"embeddable":true,"href":"https:\/\/klatix.com\/ja\/wp-json\/wp\/v2\/users\/1"}],"replies":[{"embeddable":true,"href":"https:\/\/klatix.com\/ja\/wp-json\/wp\/v2\/comments?post=480"}],"version-history":[{"count":1,"href":"https:\/\/klatix.com\/ja\/wp-json\/wp\/v2\/pages\/480\/revisions"}],"predecessor-version":[{"id":481,"href":"https:\/\/klatix.com\/ja\/wp-json\/wp\/v2\/pages\/480\/revisions\/481"}],"wp:attachment":[{"href":"https:\/\/klatix.com\/ja\/wp-json\/wp\/v2\/media?parent=480"}],"curies":[{"name":"wp","href":"https:\/\/api.w.org\/{rel}","templated":true}]}}