{"id":456,"date":"2024-10-21T04:56:27","date_gmt":"2024-10-21T04:56:27","guid":{"rendered":"https:\/\/klatix.com\/?page_id=456"},"modified":"2024-10-21T04:56:28","modified_gmt":"2024-10-21T04:56:28","slug":"%e5%8c%bb%e7%99%82%e5%85%8d%e8%b2%ac%e4%ba%8b%e9%a0%85","status":"publish","type":"page","link":"https:\/\/klatix.com\/ja\/declaracao-de-isencao-de-responsabilidade-medica\/","title":{"rendered":"\u533b\u7642\u4e0a\u306e\u514d\u8cac\u4e8b\u9805"},"content":{"rendered":"<p>\u3053\u306e\u30b3\u30f3\u30c6\u30f3\u30c4\u306f\u60c5\u5831\u63d0\u4f9b\u306e\u307f\u3092\u76ee\u7684\u3068\u3057\u3066\u3044\u307e\u3059\u3002\u5c02\u9580\u7684\u306a\u533b\u5b66\u7684\u30a2\u30c9\u30d0\u30a4\u30b9\u3001\u8a3a\u65ad\u3001\u6cbb\u7642\u306e\u4ee3\u66ff\u3068\u3057\u3066\u4f7f\u7528\u3057\u306a\u3044\u3067\u304f\u3060\u3055\u3044\u3002\u5065\u5eb7\u72b6\u614b\u3084\u533b\u7642\u6a5f\u5668\u3084\u30a2\u30d7\u30ea\u30b1\u30fc\u30b7\u30e7\u30f3\u306e\u4f7f\u7528\u306b\u95a2\u3059\u308b\u8cea\u554f\u304c\u3042\u308b\u5834\u5408\u306f\u3001\u533b\u5e2b\u307e\u305f\u306f\u305d\u306e\u4ed6\u306e\u8cc7\u683c\u306e\u3042\u308b\u533b\u7642\u5c02\u9580\u5bb6\u306b\u76f8\u8ac7\u3057\u3066\u304f\u3060\u3055\u3044\u3002<\/p>\n\n\n\n<p><strong>\u8cac\u4efb\u306e\u5236\u9650<\/strong><\/p>\n\n\n\n<p>\u8840\u7cd6\u5024\u30e2\u30cb\u30bf\u30ea\u30f3\u30b0 \u30a2\u30d7\u30ea\u306b\u3088\u3063\u3066\u63d0\u4f9b\u3055\u308c\u308b\u7d50\u679c\u306f\u7570\u306a\u308b\u5834\u5408\u304c\u3042\u308a\u307e\u3059\u3002\u5f53\u793e\u306f\u3001\u4e0a\u8a18\u306e\u30a2\u30d7\u30ea\u30b1\u30fc\u30b7\u30e7\u30f3\u306b\u3088\u3063\u3066\u63d0\u4f9b\u3055\u308c\u308b\u60c5\u5831\u306e\u8aa4\u7528\u307e\u305f\u306f\u8aa4\u3063\u305f\u89e3\u91c8\u304b\u3089\u751f\u3058\u308b\u3044\u304b\u306a\u308b\u640d\u5bb3\u307e\u305f\u306f\u7d50\u679c\u306b\u3064\u3044\u3066\u3082\u8cac\u4efb\u3092\u8ca0\u3044\u307e\u305b\u3093\u3002<\/p>\n\n\n\n<p><strong>\u5065\u5eb7\u3068\u5b89\u5168\u306e\u5ba3\u8a00<\/strong><\/p>\n\n\n\n<p>\u30a2\u30d7\u30ea\u306e\u88fd\u9020\u5143\u304c\u63d0\u4f9b\u3059\u308b\u3059\u3079\u3066\u306e\u6307\u793a\u306b\u5f93\u3044\u3001\u30a2\u30d7\u30ea\u3092\u901a\u3058\u3066\u5f97\u3089\u308c\u305f\u7d50\u679c\u306b\u57fa\u3065\u3044\u3066\u6cbb\u7642\u3084\u98df\u4e8b\u3092\u8abf\u6574\u3059\u308b\u524d\u306b\u533b\u5e2b\u306b\u76f8\u8ac7\u3057\u3066\u304f\u3060\u3055\u3044\u3002<\/p>\n\n\n\n<p><strong>\u5e74\u9f62\u5236\u9650<\/strong><\/p>\n\n\n\n<p>\u4e00\u90e8\u306e\u8840\u7cd6\u5024\u76e3\u8996\u30a2\u30d7\u30ea\u306f 18 \u6b73\u4ee5\u4e0a\u306b\u306e\u307f\u9069\u3057\u3066\u3044\u308b\u5834\u5408\u304c\u3042\u308a\u307e\u3059\u3002\u5404\u30a2\u30d7\u30ea\u30b1\u30fc\u30b7\u30e7\u30f3\u306e\u5229\u7528\u898f\u7d04\u3092\u3054\u78ba\u8a8d\u304f\u3060\u3055\u3044\u3002<\/p>\n\n\n\n<p><\/p>","protected":false},"excerpt":{"rendered":"<p>Este conte\u00fado \u00e9 apenas para fins informativos. N\u00e3o deve ser utilizado como substituto de aconselhamento m\u00e9dico profissional, diagn\u00f3stico ou tratamento. Consulte um m\u00e9dico ou outro profissional de sa\u00fade qualificado para qualquer d\u00favida sobre sua condi\u00e7\u00e3o de sa\u00fade ou sobre o uso de dispositivos ou aplicativos m\u00e9dicos. Limita\u00e7\u00e3o de Responsabilidade Os resultados fornecidos pelos aplicativos de monitoramento de glicose podem variar. A empresa n\u00e3o se responsabiliza por qualquer dano ou consequ\u00eancia decorrente do uso indevido ou da interpreta\u00e7\u00e3o incorreta das informa\u00e7\u00f5es fornecidas pelos aplicativos mencionados. Declara\u00e7\u00e3o de Sa\u00fade e Seguran\u00e7a Certifique-se de seguir todas as instru\u00e7\u00f5es fornecidas pelo fabricante do aplicativo e consulte seu m\u00e9dico antes de fazer qualquer ajuste em [&hellip;]<\/p>\n","protected":false},"author":1,"featured_media":0,"parent":0,"menu_order":0,"comment_status":"closed","ping_status":"closed","template":"","meta":{"footnotes":""},"class_list":["post-456","page","type-page","status-publish"],"_links":{"self":[{"href":"https:\/\/klatix.com\/ja\/wp-json\/wp\/v2\/pages\/456","targetHints":{"allow":["GET"]}}],"collection":[{"href":"https:\/\/klatix.com\/ja\/wp-json\/wp\/v2\/pages"}],"about":[{"href":"https:\/\/klatix.com\/ja\/wp-json\/wp\/v2\/types\/page"}],"author":[{"embeddable":true,"href":"https:\/\/klatix.com\/ja\/wp-json\/wp\/v2\/users\/1"}],"replies":[{"embeddable":true,"href":"https:\/\/klatix.com\/ja\/wp-json\/wp\/v2\/comments?post=456"}],"version-history":[{"count":1,"href":"https:\/\/klatix.com\/ja\/wp-json\/wp\/v2\/pages\/456\/revisions"}],"predecessor-version":[{"id":457,"href":"https:\/\/klatix.com\/ja\/wp-json\/wp\/v2\/pages\/456\/revisions\/457"}],"wp:attachment":[{"href":"https:\/\/klatix.com\/ja\/wp-json\/wp\/v2\/media?parent=456"}],"curies":[{"name":"wp","href":"https:\/\/api.w.org\/{rel}","templated":true}]}}