{"id":74,"date":"2024-05-31T15:12:31","date_gmt":"2024-05-31T15:12:31","guid":{"rendered":"https:\/\/klatix.com\/?page_id=74"},"modified":"2024-08-03T01:28:07","modified_gmt":"2024-08-03T01:28:07","slug":"politiche-sulla-privacy","status":"publish","type":"page","link":"https:\/\/klatix.com\/it\/politicas-de-privacidade\/","title":{"rendered":"Politiche sulla privacy"},"content":{"rendered":"<h1 class=\"wp-block-heading\"><\/h1>\n\n\n\n<p>Benvenuto a\u00a0<strong>Klatix<\/strong>. Questa informativa sulla privacy descrive come raccogliamo, utilizziamo e condividiamo le informazioni su di te quando accedi o utilizzi il nostro sito web.<\/p>\n\n\n\n<ol class=\"wp-block-list\">\n<li>Informazioni che raccogliamo Informazioni personali: raccogliamo informazioni personali che fornisci volontariamente, come nome, email e altre informazioni di contatto quando ti iscrivi per ricevere aggiornamenti o comunichi con noi. Dati di utilizzo: raccogliamo automaticamente informazioni su come accedi e utilizzi il Sito, inclusi tipo di dispositivo, browser web, pagine visitate, clic, modelli di utilizzo e altre informazioni di utilizzo. Cookie e tecnologie di tracciamento: utilizziamo cookie e tecnologie di tracciamento per personalizzare la tua esperienza e raccogliere dati sulla tua interazione con il sito web e sugli annunci pubblicitari visualizzati.<\/li>\n\n\n\n<li>Utilizzo delle informazioni Utilizziamo le tue informazioni per:<\/li>\n<\/ol>\n\n\n\n<p>Fornire, mantenere e migliorare il nostro sito Web e i nostri servizi. Comunicare con te, rispondere alle tue domande e richieste. Visualizza annunci personalizzati ed esegui analisi dei dati.<\/p>\n\n\n\n<ol start=\"3\" class=\"wp-block-list\">\n<li>Condivisione delle informazioni Potremmo condividere le tue informazioni con terze parti nelle seguenti circostanze:<\/li>\n<\/ol>\n\n\n\n<p>Fornitori di servizi: condividiamo informazioni con fornitori che ci aiutano a gestire il sito, come hosting web e analisi dei dati. Google Ad Exchange: come richiesto per pubblicare annunci tramite Google Ad Exchange. Conformit\u00e0 legale: quando necessario per conformarsi alla legge o rispondere a procedimenti legali.<\/p>\n\n\n\n<ol start=\"4\" class=\"wp-block-list\">\n<li>Google AdSense In conformit\u00e0 con i termini di Google AdSense, tieni presente che Google, in qualit\u00e0 di fornitore di terze parti, utilizza i cookie per pubblicare annunci sul nostro sito web. L&#039;utilizzo del cookie DART da parte di Google consente di pubblicare annunci per i nostri utenti in base alle visite precedenti al nostro sito e ad altri siti su Internet. Gli utenti possono disattivare l&#039;utilizzo del cookie DART visitando l&#039;Informativa sulla privacy della rete di contenuti e pubblicit\u00e0 di Google.<\/li>\n\n\n\n<li>Modifiche all&#039;Informativa sulla Privacy Potremmo aggiornare la nostra Informativa sulla Privacy di tanto in tanto. Ti informeremo di eventuali modifiche pubblicando la nuova Informativa sulla privacy in questa pagina.<\/li>\n\n\n\n<li>Contatto Se avete domande sulla presente Informativa sulla privacy, contattateci.<\/li>\n<\/ol>","protected":false},"excerpt":{"rendered":"<p>Bem-vindo ao\u00a0Klatix. Esta pol\u00edtica de privacidade descreve como coletamos, usamos e compartilhamos informa\u00e7\u00f5es sobre voc\u00ea quando acessa ou usa nosso site. Fornecer, manter e melhorar nosso site e servi\u00e7os. Comunicar-nos com voc\u00ea, responder suas perguntas e solicita\u00e7\u00f5es. Exibir an\u00fancios personalizados e realizar an\u00e1lises de dados. Fornecedores de Servi\u00e7os: Compartilhamos informa\u00e7\u00f5es com fornecedores que nos ajudam [&hellip;]<\/p>\n","protected":false},"author":1,"featured_media":0,"parent":0,"menu_order":0,"comment_status":"closed","ping_status":"closed","template":"","meta":{"footnotes":""},"class_list":["post-74","page","type-page","status-publish"],"_links":{"self":[{"href":"https:\/\/klatix.com\/it\/wp-json\/wp\/v2\/pages\/74","targetHints":{"allow":["GET"]}}],"collection":[{"href":"https:\/\/klatix.com\/it\/wp-json\/wp\/v2\/pages"}],"about":[{"href":"https:\/\/klatix.com\/it\/wp-json\/wp\/v2\/types\/page"}],"author":[{"embeddable":true,"href":"https:\/\/klatix.com\/it\/wp-json\/wp\/v2\/users\/1"}],"replies":[{"embeddable":true,"href":"https:\/\/klatix.com\/it\/wp-json\/wp\/v2\/comments?post=74"}],"version-history":[{"count":3,"href":"https:\/\/klatix.com\/it\/wp-json\/wp\/v2\/pages\/74\/revisions"}],"predecessor-version":[{"id":304,"href":"https:\/\/klatix.com\/it\/wp-json\/wp\/v2\/pages\/74\/revisions\/304"}],"wp:attachment":[{"href":"https:\/\/klatix.com\/it\/wp-json\/wp\/v2\/media?parent=74"}],"curies":[{"name":"wp","href":"https:\/\/api.w.org\/{rel}","templated":true}]}}