{"id":72,"date":"2024-05-31T15:12:16","date_gmt":"2024-05-31T15:12:16","guid":{"rendered":"https:\/\/klatix.com\/?page_id=72"},"modified":"2025-03-20T04:13:20","modified_gmt":"2025-03-20T04:13:20","slug":"termini-di-utilizzo","status":"publish","type":"page","link":"https:\/\/klatix.com\/it\/termos-de-uso\/","title":{"rendered":"Termini di utilizzo"},"content":{"rendered":"<p>Se continui a navigare e utilizzare questo sito Web, accetti di rispettare e di essere vincolato dai seguenti termini e condizioni d&#039;uso, che insieme alla nostra politica sulla privacy regolano il rapporto di Klatix con te.<\/p>\n\n\n\n<p>Se non sei d&#039;accordo con qualsiasi parte di questi termini e condizioni, non utilizzare il nostro sito web.<\/p>\n\n\n\n<p>L&#039;utilizzo di questo sito web \u00e8 soggetto ai seguenti termini di utilizzo:<\/p>\n\n\n\n<p>Il contenuto delle pagine di questo sito Web \u00e8 solo per tua informazione generale e per il tuo utilizzo. E &#039;soggetto a modifiche senza preavviso. N\u00e9 noi n\u00e9 terze parti forniamo alcuna garanzia circa l&#039;accuratezza, la tempestivit\u00e0, le prestazioni, la completezza o l&#039;idoneit\u00e0 delle informazioni e dei materiali trovati o offerti su questo sito Web per qualsiasi scopo particolare. L&#039;utilizzo di qualsiasi informazione o materiale presente su questo sito Web \u00e8 interamente a proprio rischio, per il quale non saremo responsabili. Di tanto in tanto questo sito web pu\u00f2 includere anche collegamenti ad altri siti web. Questi collegamenti vengono forniti per comodit\u00e0 dell&#039;utente per fornire ulteriori informazioni. Non abbiamo alcuna responsabilit\u00e0 per il contenuto dei siti Web collegati.<\/p>","protected":false},"excerpt":{"rendered":"<p>Se voc\u00ea continuar navegando e usando este site, concorda em cumprir e ficar vinculado aos seguintes termos e condi\u00e7\u00f5es de uso, que, juntamente com nossa pol\u00edtica de privacidade, regem o relacionamento do Klatix com voc\u00ea. Se voc\u00ea discordar de qualquer parte destes termos e condi\u00e7\u00f5es, n\u00e3o use nosso site. O uso deste site est\u00e1 sujeito [&hellip;]<\/p>\n","protected":false},"author":1,"featured_media":0,"parent":0,"menu_order":0,"comment_status":"closed","ping_status":"closed","template":"","meta":{"footnotes":""},"class_list":["post-72","page","type-page","status-publish"],"_links":{"self":[{"href":"https:\/\/klatix.com\/it\/wp-json\/wp\/v2\/pages\/72","targetHints":{"allow":["GET"]}}],"collection":[{"href":"https:\/\/klatix.com\/it\/wp-json\/wp\/v2\/pages"}],"about":[{"href":"https:\/\/klatix.com\/it\/wp-json\/wp\/v2\/types\/page"}],"author":[{"embeddable":true,"href":"https:\/\/klatix.com\/it\/wp-json\/wp\/v2\/users\/1"}],"replies":[{"embeddable":true,"href":"https:\/\/klatix.com\/it\/wp-json\/wp\/v2\/comments?post=72"}],"version-history":[{"count":2,"href":"https:\/\/klatix.com\/it\/wp-json\/wp\/v2\/pages\/72\/revisions"}],"predecessor-version":[{"id":305,"href":"https:\/\/klatix.com\/it\/wp-json\/wp\/v2\/pages\/72\/revisions\/305"}],"wp:attachment":[{"href":"https:\/\/klatix.com\/it\/wp-json\/wp\/v2\/media?parent=72"}],"curies":[{"name":"wp","href":"https:\/\/api.w.org\/{rel}","templated":true}]}}