{"id":480,"date":"2024-10-24T06:04:51","date_gmt":"2024-10-24T06:04:51","guid":{"rendered":"https:\/\/klatix.com\/?page_id=480"},"modified":"2024-10-24T06:04:52","modified_gmt":"2024-10-24T06:04:52","slug":"avviso-legale","status":"publish","type":"page","link":"https:\/\/klatix.com\/it\/aviso-legal\/","title":{"rendered":"Avviso legale"},"content":{"rendered":"<p>I contenuti disponibili sul sito web <strong>Klatix<\/strong> (<a href=\"https:\/\/klatix.com\/it\/\">www.klatix.com<\/a>) ha carattere informativo ed educativo e non deve essere utilizzato come sostituto della consulenza professionale. Accedendo o utilizzando il nostro sito Web, accetti i termini seguenti.<\/p>\n\n\n\n<h3 class=\"wp-block-heading\">1. <strong>Disclaimer<\/strong><\/h3>\n\n\n\n<p>IL <strong>Klatix<\/strong> si impegna a fornire informazioni accurate e aggiornate, ma non garantisce che i contenuti siano privi di errori o completi. L&#039;utilizzo delle informazioni contenute nel sito web \u00e8 a tuo rischio e pericolo. Non siamo responsabili per eventuali danni o perdite derivanti dall&#039;uso o dall&#039;interpretazione delle informazioni fornite.<\/p>\n\n\n\n<h3 class=\"wp-block-heading\">2. <strong>Propriet\u00e0 intellettuale<\/strong><\/h3>\n\n\n\n<p>Tutti i contenuti presenti in <strong>Klatix<\/strong>, inclusi testi, immagini, grafica, loghi e altri materiali, \u00e8 protetto da copyright e appartiene al sito web o ai suoi concessori di licenza. L&#039;uso improprio di questo contenuto senza previa autorizzazione scritta \u00e8 severamente vietato.<\/p>\n\n\n\n<h3 class=\"wp-block-heading\">3. <strong>Collegamenti esterni<\/strong><\/h3>\n\n\n\n<p>Il nostro sito web pu\u00f2 contenere collegamenti a siti web di terzi. IL <strong>Klatix<\/strong> non \u00e8 responsabile del contenuto o della politica sulla privacy praticata da questi siti. Ti consigliamo quando accedi a siti Web esterni di rivedere i termini e le politiche di ciascun sito Web.<\/p>\n\n\n\n<h3 class=\"wp-block-heading\">4. <strong>Modifiche al contenuto<\/strong><\/h3>\n\n\n\n<p>IL <strong>Klatix<\/strong> si riserva il diritto di modificare, cancellare o aggiungere informazioni al contenuto del sito senza preavviso. Incoraggiamo gli utenti a rivedere regolarmente questo avviso per essere a conoscenza di eventuali aggiornamenti.<\/p>\n\n\n\n<h3 class=\"wp-block-heading\">5. <strong>Uso improprio<\/strong><\/h3>\n\n\n\n<p>Qualsiasi tentativo di manipolazione, violazione della sicurezza o uso improprio del sito web <strong>Klatix<\/strong> saranno trattati in conformit\u00e0 con le leggi applicabili, il che potrebbe comportare sanzioni civili o penali.<\/p>\n\n\n\n<h3 class=\"wp-block-heading\">6. <strong>Contattaci<\/strong><\/h3>\n\n\n\n<p>In caso di domande o dubbi sulla presente Nota legale, contattaci tramite e-mail: <a>suporte@klatix.com<\/a>.<\/p>\n\n\n\n<p>Il presente Avviso legale \u00e8 stato aggiornato l&#039;ultima volta il 23\/10\/2024. Continuando a utilizzare il sito Web, accetti i termini sopra menzionati.<\/p>","protected":false},"excerpt":{"rendered":"<p>O conte\u00fado disponibilizado no site Klatix (www.klatix.com) \u00e9 de car\u00e1ter informativo e educativo, n\u00e3o devendo ser utilizado como substituto para aconselhamento profissional. Ao acessar ou utilizar nosso site, voc\u00ea concorda com os termos abaixo. 1. Isen\u00e7\u00e3o de Responsabilidade A Klatix se esfor\u00e7a para fornecer informa\u00e7\u00f5es precisas e atualizadas, mas n\u00e3o garante que os conte\u00fados sejam [&hellip;]<\/p>\n","protected":false},"author":1,"featured_media":0,"parent":0,"menu_order":0,"comment_status":"closed","ping_status":"closed","template":"","meta":{"footnotes":""},"class_list":["post-480","page","type-page","status-publish"],"_links":{"self":[{"href":"https:\/\/klatix.com\/it\/wp-json\/wp\/v2\/pages\/480","targetHints":{"allow":["GET"]}}],"collection":[{"href":"https:\/\/klatix.com\/it\/wp-json\/wp\/v2\/pages"}],"about":[{"href":"https:\/\/klatix.com\/it\/wp-json\/wp\/v2\/types\/page"}],"author":[{"embeddable":true,"href":"https:\/\/klatix.com\/it\/wp-json\/wp\/v2\/users\/1"}],"replies":[{"embeddable":true,"href":"https:\/\/klatix.com\/it\/wp-json\/wp\/v2\/comments?post=480"}],"version-history":[{"count":1,"href":"https:\/\/klatix.com\/it\/wp-json\/wp\/v2\/pages\/480\/revisions"}],"predecessor-version":[{"id":481,"href":"https:\/\/klatix.com\/it\/wp-json\/wp\/v2\/pages\/480\/revisions\/481"}],"wp:attachment":[{"href":"https:\/\/klatix.com\/it\/wp-json\/wp\/v2\/media?parent=480"}],"curies":[{"name":"wp","href":"https:\/\/api.w.org\/{rel}","templated":true}]}}