{"id":456,"date":"2024-10-21T04:56:27","date_gmt":"2024-10-21T04:56:27","guid":{"rendered":"https:\/\/klatix.com\/?page_id=456"},"modified":"2024-10-21T04:56:28","modified_gmt":"2024-10-21T04:56:28","slug":"dichiarazione-di-esenzione-dalla-responsabilita-medica","status":"publish","type":"page","link":"https:\/\/klatix.com\/it\/declaracao-de-isencao-de-responsabilidade-medica\/","title":{"rendered":"Dichiarazione di non responsabilit\u00e0 medica"},"content":{"rendered":"<p>Questo contenuto \u00e8 solo a scopo informativo. Non deve essere utilizzato in sostituzione di consulenza, diagnosi o trattamento medico professionale. Consultare un medico o un altro operatore sanitario qualificato per qualsiasi domanda relativa alle proprie condizioni di salute o all&#039;uso di dispositivi o applicazioni mediche.<\/p>\n\n\n\n<p><strong>Limitazione di responsabilit\u00e0<\/strong><\/p>\n\n\n\n<p>I risultati forniti dalle app di monitoraggio del glucosio possono variare. La societ\u00e0 non \u00e8 responsabile per eventuali danni o conseguenze derivanti da un uso improprio o da un&#039;errata interpretazione delle informazioni fornite dalle applicazioni citate.<\/p>\n\n\n\n<p><strong>Dichiarazione di salute e sicurezza<\/strong><\/p>\n\n\n\n<p>Assicurati di seguire tutte le istruzioni fornite dal produttore dell&#039;app e consulta il tuo medico prima di apportare modifiche al trattamento o alla dieta in base ai risultati ottenuti tramite l&#039;app.<\/p>\n\n\n\n<p><strong>Limite di et\u00e0<\/strong><\/p>\n\n\n\n<p>Alcune app per il monitoraggio del glucosio potrebbero essere adatte solo a chi ha pi\u00f9 di 18 anni. Controlla i termini di utilizzo per ciascuna applicazione.<\/p>\n\n\n\n<p><\/p>","protected":false},"excerpt":{"rendered":"<p>Este conte\u00fado \u00e9 apenas para fins informativos. N\u00e3o deve ser utilizado como substituto de aconselhamento m\u00e9dico profissional, diagn\u00f3stico ou tratamento. Consulte um m\u00e9dico ou outro profissional de sa\u00fade qualificado para qualquer d\u00favida sobre sua condi\u00e7\u00e3o de sa\u00fade ou sobre o uso de dispositivos ou aplicativos m\u00e9dicos. Limita\u00e7\u00e3o de Responsabilidade Os resultados fornecidos pelos aplicativos de [&hellip;]<\/p>\n","protected":false},"author":1,"featured_media":0,"parent":0,"menu_order":0,"comment_status":"closed","ping_status":"closed","template":"","meta":{"footnotes":""},"class_list":["post-456","page","type-page","status-publish"],"_links":{"self":[{"href":"https:\/\/klatix.com\/it\/wp-json\/wp\/v2\/pages\/456","targetHints":{"allow":["GET"]}}],"collection":[{"href":"https:\/\/klatix.com\/it\/wp-json\/wp\/v2\/pages"}],"about":[{"href":"https:\/\/klatix.com\/it\/wp-json\/wp\/v2\/types\/page"}],"author":[{"embeddable":true,"href":"https:\/\/klatix.com\/it\/wp-json\/wp\/v2\/users\/1"}],"replies":[{"embeddable":true,"href":"https:\/\/klatix.com\/it\/wp-json\/wp\/v2\/comments?post=456"}],"version-history":[{"count":1,"href":"https:\/\/klatix.com\/it\/wp-json\/wp\/v2\/pages\/456\/revisions"}],"predecessor-version":[{"id":457,"href":"https:\/\/klatix.com\/it\/wp-json\/wp\/v2\/pages\/456\/revisions\/457"}],"wp:attachment":[{"href":"https:\/\/klatix.com\/it\/wp-json\/wp\/v2\/media?parent=456"}],"curies":[{"name":"wp","href":"https:\/\/api.w.org\/{rel}","templated":true}]}}