{"id":480,"date":"2024-10-24T06:04:51","date_gmt":"2024-10-24T06:04:51","guid":{"rendered":"https:\/\/klatix.com\/?page_id=480"},"modified":"2024-10-24T06:04:52","modified_gmt":"2024-10-24T06:04:52","slug":"pemberitahuan-hukum","status":"publish","type":"page","link":"https:\/\/klatix.com\/id\/aviso-legal\/","title":{"rendered":"Pemberitahuan Hukum"},"content":{"rendered":"<p>Konten yang tersedia di situs web <strong>Klatix<\/strong> (<a href=\"https:\/\/klatix.com\/id\/\">www.klatix.com<\/a>) bersifat informatif dan mendidik dan tidak boleh digunakan sebagai pengganti nasihat profesional. Dengan mengakses atau menggunakan situs kami, Anda menyetujui ketentuan di bawah ini.<\/p>\n\n\n\n<h3 class=\"wp-block-heading\">1. <strong>Penafian<\/strong><\/h3>\n\n\n\n<p>A <strong>Klatix<\/strong> berupaya memberikan informasi yang akurat dan terkini, namun tidak menjamin bahwa isinya bebas dari kesalahan atau lengkap. Penggunaan Anda atas informasi yang terkandung di situs web adalah risiko Anda sendiri. Kami tidak bertanggung jawab atas segala kerusakan atau kerugian yang timbul dari penggunaan atau interpretasi informasi yang diberikan.<\/p>\n\n\n\n<h3 class=\"wp-block-heading\">2. <strong>Kekayaan Intelektual<\/strong><\/h3>\n\n\n\n<p>Semua konten ada di <strong>Klatix<\/strong>, termasuk teks, gambar, grafik, logo, dan materi lainnya, dilindungi oleh hak cipta dan menjadi milik situs web atau pemberi lisensinya. Penyalahgunaan konten ini tanpa izin tertulis sebelumnya sangat dilarang.<\/p>\n\n\n\n<h3 class=\"wp-block-heading\">3. <strong>Tautan Eksternal<\/strong><\/h3>\n\n\n\n<p>Situs web kami mungkin berisi tautan ke situs web pihak ketiga. ITU <strong>Klatix<\/strong> tidak bertanggung jawab atas konten atau kebijakan privasi yang diterapkan oleh situs-situs ini. Sebaiknya saat mengakses situs web eksternal, Anda meninjau kembali syarat dan kebijakan masing-masing situs web.<\/p>\n\n\n\n<h3 class=\"wp-block-heading\">4. <strong>Perubahan Konten<\/strong><\/h3>\n\n\n\n<p>A <strong>Klatix<\/strong> berhak mengubah, menghapus, atau menambahkan informasi ke konten situs web tanpa pemberitahuan sebelumnya. Kami mendorong pengguna untuk meninjau kembali pemberitahuan ini secara rutin untuk mengetahui pembaruan apa pun.<\/p>\n\n\n\n<h3 class=\"wp-block-heading\">5. <strong>Penyalahgunaan<\/strong><\/h3>\n\n\n\n<p>Segala upaya manipulasi, pelanggaran keamanan, atau penyalahgunaan situs web <strong>Klatix<\/strong> akan diperlakukan sesuai dengan peraturan perundang-undangan yang berlaku, yang dapat mengakibatkan sanksi perdata atau pidana.<\/p>\n\n\n\n<h3 class=\"wp-block-heading\">6. <strong>Hubungi kami<\/strong><\/h3>\n\n\n\n<p>Jika Anda memiliki pertanyaan atau kekhawatiran tentang Pemberitahuan Hukum ini, silakan hubungi kami melalui email: <a>suporte@klatix.com<\/a>.<\/p>\n\n\n\n<p>Pemberitahuan Hukum ini terakhir diperbarui pada 23\/10\/2024. Dengan terus menggunakan situs ini, Anda menyetujui persyaratan yang disebutkan di atas.<\/p>","protected":false},"excerpt":{"rendered":"<p>O conte\u00fado disponibilizado no site Klatix (www.klatix.com) \u00e9 de car\u00e1ter informativo e educativo, n\u00e3o devendo ser utilizado como substituto para aconselhamento profissional. Ao acessar ou utilizar nosso site, voc\u00ea concorda com os termos abaixo. 1. Isen\u00e7\u00e3o de Responsabilidade A Klatix se esfor\u00e7a para fornecer informa\u00e7\u00f5es precisas e atualizadas, mas n\u00e3o garante que os conte\u00fados sejam [&hellip;]<\/p>\n","protected":false},"author":1,"featured_media":0,"parent":0,"menu_order":0,"comment_status":"closed","ping_status":"closed","template":"","meta":{"footnotes":""},"class_list":["post-480","page","type-page","status-publish"],"_links":{"self":[{"href":"https:\/\/klatix.com\/id\/wp-json\/wp\/v2\/pages\/480","targetHints":{"allow":["GET"]}}],"collection":[{"href":"https:\/\/klatix.com\/id\/wp-json\/wp\/v2\/pages"}],"about":[{"href":"https:\/\/klatix.com\/id\/wp-json\/wp\/v2\/types\/page"}],"author":[{"embeddable":true,"href":"https:\/\/klatix.com\/id\/wp-json\/wp\/v2\/users\/1"}],"replies":[{"embeddable":true,"href":"https:\/\/klatix.com\/id\/wp-json\/wp\/v2\/comments?post=480"}],"version-history":[{"count":1,"href":"https:\/\/klatix.com\/id\/wp-json\/wp\/v2\/pages\/480\/revisions"}],"predecessor-version":[{"id":481,"href":"https:\/\/klatix.com\/id\/wp-json\/wp\/v2\/pages\/480\/revisions\/481"}],"wp:attachment":[{"href":"https:\/\/klatix.com\/id\/wp-json\/wp\/v2\/media?parent=480"}],"curies":[{"name":"wp","href":"https:\/\/api.w.org\/{rel}","templated":true}]}}