{"id":456,"date":"2024-10-21T04:56:27","date_gmt":"2024-10-21T04:56:27","guid":{"rendered":"https:\/\/klatix.com\/?page_id=456"},"modified":"2024-10-21T04:56:28","modified_gmt":"2024-10-21T04:56:28","slug":"penafian-medis","status":"publish","type":"page","link":"https:\/\/klatix.com\/id\/declaracao-de-isencao-de-responsabilidade-medica\/","title":{"rendered":"Penafian Medis"},"content":{"rendered":"<p>Konten ini hanya untuk tujuan informasi. Ini tidak boleh digunakan sebagai pengganti nasihat, diagnosis, atau perawatan medis profesional. Konsultasikan dengan dokter atau ahli kesehatan berkualifikasi lainnya jika ada pertanyaan yang Anda miliki mengenai kondisi kesehatan Anda atau penggunaan perangkat atau aplikasi medis.<\/p>\n\n\n\n<p><strong>Batasan Tanggung Jawab<\/strong><\/p>\n\n\n\n<p>Hasil yang diberikan oleh aplikasi pemantauan glukosa mungkin berbeda. Perusahaan tidak bertanggung jawab atas segala kerusakan atau akibat yang timbul dari penyalahgunaan atau kesalahan penafsiran informasi yang diberikan oleh aplikasi tersebut.<\/p>\n\n\n\n<p><strong>Deklarasi Kesehatan dan Keselamatan<\/strong><\/p>\n\n\n\n<p>Pastikan untuk mengikuti semua petunjuk yang diberikan oleh produsen aplikasi dan konsultasikan dengan dokter Anda sebelum melakukan penyesuaian apa pun pada perawatan atau diet Anda berdasarkan hasil yang diperoleh melalui aplikasi.<\/p>\n\n\n\n<p><strong>Batasan usia<\/strong><\/p>\n\n\n\n<p>Beberapa aplikasi pemantauan glukosa mungkin hanya cocok untuk mereka yang berusia di atas 18 tahun. Periksa ketentuan penggunaan untuk setiap aplikasi.<\/p>\n\n\n\n<p><\/p>","protected":false},"excerpt":{"rendered":"<p>Este conte\u00fado \u00e9 apenas para fins informativos. N\u00e3o deve ser utilizado como substituto de aconselhamento m\u00e9dico profissional, diagn\u00f3stico ou tratamento. Consulte um m\u00e9dico ou outro profissional de sa\u00fade qualificado para qualquer d\u00favida sobre sua condi\u00e7\u00e3o de sa\u00fade ou sobre o uso de dispositivos ou aplicativos m\u00e9dicos. Limita\u00e7\u00e3o de Responsabilidade Os resultados fornecidos pelos aplicativos de [&hellip;]<\/p>\n","protected":false},"author":1,"featured_media":0,"parent":0,"menu_order":0,"comment_status":"closed","ping_status":"closed","template":"","meta":{"footnotes":""},"class_list":["post-456","page","type-page","status-publish"],"_links":{"self":[{"href":"https:\/\/klatix.com\/id\/wp-json\/wp\/v2\/pages\/456","targetHints":{"allow":["GET"]}}],"collection":[{"href":"https:\/\/klatix.com\/id\/wp-json\/wp\/v2\/pages"}],"about":[{"href":"https:\/\/klatix.com\/id\/wp-json\/wp\/v2\/types\/page"}],"author":[{"embeddable":true,"href":"https:\/\/klatix.com\/id\/wp-json\/wp\/v2\/users\/1"}],"replies":[{"embeddable":true,"href":"https:\/\/klatix.com\/id\/wp-json\/wp\/v2\/comments?post=456"}],"version-history":[{"count":1,"href":"https:\/\/klatix.com\/id\/wp-json\/wp\/v2\/pages\/456\/revisions"}],"predecessor-version":[{"id":457,"href":"https:\/\/klatix.com\/id\/wp-json\/wp\/v2\/pages\/456\/revisions\/457"}],"wp:attachment":[{"href":"https:\/\/klatix.com\/id\/wp-json\/wp\/v2\/media?parent=456"}],"curies":[{"name":"wp","href":"https:\/\/api.w.org\/{rel}","templated":true}]}}