{"id":456,"date":"2024-10-21T04:56:27","date_gmt":"2024-10-21T04:56:27","guid":{"rendered":"https:\/\/klatix.com\/?page_id=456"},"modified":"2024-10-21T04:56:28","modified_gmt":"2024-10-21T04:56:28","slug":"orvosi-felelossegkizaras","status":"publish","type":"page","link":"https:\/\/klatix.com\/hu\/declaracao-de-isencao-de-responsabilidade-medica\/","title":{"rendered":"Orvosi felel\u0151ss\u00e9g kiz\u00e1r\u00e1sa"},"content":{"rendered":"<p>Ez a tartalom csak t\u00e1j\u00e9koztat\u00f3 jelleg\u0171. Nem haszn\u00e1lhat\u00f3 professzion\u00e1lis orvosi tan\u00e1csad\u00e1s, diagn\u00f3zis vagy kezel\u00e9s helyettes\u00edt\u00e9s\u00e9re. Forduljon orvoshoz vagy m\u00e1s k\u00e9pzett eg\u00e9szs\u00e9g\u00fcgyi szakemberhez, ha b\u00e1rmilyen k\u00e9rd\u00e9se van az eg\u00e9szs\u00e9gi \u00e1llapot\u00e1val vagy az orvosi eszk\u00f6z\u00f6k vagy alkalmaz\u00e1sok haszn\u00e1lat\u00e1val kapcsolatban.<\/p>\n\n\n\n<p><strong>A felel\u0151ss\u00e9g korl\u00e1toz\u00e1sa<\/strong><\/p>\n\n\n\n<p>A gl\u00fck\u00f3zfigyel\u0151 alkalmaz\u00e1sok \u00e1ltal biztos\u00edtott eredm\u00e9nyek elt\u00e9r\u0151ek lehetnek. A c\u00e9g nem v\u00e1llal felel\u0151ss\u00e9get az eml\u00edtett alkalmaz\u00e1sokban k\u00f6z\u00f6lt inform\u00e1ci\u00f3k helytelen haszn\u00e1lat\u00e1b\u00f3l vagy helytelen \u00e9rtelmez\u00e9s\u00e9b\u0151l ered\u0151 k\u00e1rok\u00e9rt vagy k\u00f6vetkezm\u00e9nyek\u00e9rt.<\/p>\n\n\n\n<p><strong>Eg\u00e9szs\u00e9g\u00fcgyi \u00e9s Biztons\u00e1gi Nyilatkozat<\/strong><\/p>\n\n\n\n<p>\u00dcgyeljen arra, hogy k\u00f6vesse az alkalmaz\u00e1s gy\u00e1rt\u00f3ja \u00e1ltal megadott \u00f6sszes utas\u00edt\u00e1st, \u00e9s konzult\u00e1ljon orvos\u00e1val, miel\u0151tt az alkalmaz\u00e1son kereszt\u00fcl el\u00e9rt eredm\u00e9nyek alapj\u00e1n b\u00e1rmilyen m\u00f3dos\u00edt\u00e1st v\u00e9gezne a kezel\u00e9sben vagy az \u00e9trendben.<\/p>\n\n\n\n<p><strong>Korhat\u00e1r<\/strong><\/p>\n\n\n\n<p>El\u0151fordulhat, hogy egyes gl\u00fck\u00f3zfigyel\u0151 alkalmaz\u00e1sok csak 18 \u00e9ven fel\u00fcliek sz\u00e1m\u00e1ra alkalmasak. Ellen\u0151rizze az egyes alkalmaz\u00e1sok haszn\u00e1lati felt\u00e9teleit.<\/p>\n\n\n\n<p><\/p>","protected":false},"excerpt":{"rendered":"<p>Este conte\u00fado \u00e9 apenas para fins informativos. N\u00e3o deve ser utilizado como substituto de aconselhamento m\u00e9dico profissional, diagn\u00f3stico ou tratamento. Consulte um m\u00e9dico ou outro profissional de sa\u00fade qualificado para qualquer d\u00favida sobre sua condi\u00e7\u00e3o de sa\u00fade ou sobre o uso de dispositivos ou aplicativos m\u00e9dicos. Limita\u00e7\u00e3o de Responsabilidade Os resultados fornecidos pelos aplicativos de [&hellip;]<\/p>\n","protected":false},"author":1,"featured_media":0,"parent":0,"menu_order":0,"comment_status":"closed","ping_status":"closed","template":"","meta":{"footnotes":""},"class_list":["post-456","page","type-page","status-publish"],"_links":{"self":[{"href":"https:\/\/klatix.com\/hu\/wp-json\/wp\/v2\/pages\/456","targetHints":{"allow":["GET"]}}],"collection":[{"href":"https:\/\/klatix.com\/hu\/wp-json\/wp\/v2\/pages"}],"about":[{"href":"https:\/\/klatix.com\/hu\/wp-json\/wp\/v2\/types\/page"}],"author":[{"embeddable":true,"href":"https:\/\/klatix.com\/hu\/wp-json\/wp\/v2\/users\/1"}],"replies":[{"embeddable":true,"href":"https:\/\/klatix.com\/hu\/wp-json\/wp\/v2\/comments?post=456"}],"version-history":[{"count":1,"href":"https:\/\/klatix.com\/hu\/wp-json\/wp\/v2\/pages\/456\/revisions"}],"predecessor-version":[{"id":457,"href":"https:\/\/klatix.com\/hu\/wp-json\/wp\/v2\/pages\/456\/revisions\/457"}],"wp:attachment":[{"href":"https:\/\/klatix.com\/hu\/wp-json\/wp\/v2\/media?parent=456"}],"curies":[{"name":"wp","href":"https:\/\/api.w.org\/{rel}","templated":true}]}}