{"id":480,"date":"2024-10-24T06:04:51","date_gmt":"2024-10-24T06:04:51","guid":{"rendered":"https:\/\/klatix.com\/?page_id=480"},"modified":"2024-10-24T06:04:52","modified_gmt":"2024-10-24T06:04:52","slug":"pravna-obavijest","status":"publish","type":"page","link":"https:\/\/klatix.com\/hr\/aviso-legal\/","title":{"rendered":"Pravna obavijest"},"content":{"rendered":"<p>Sadr\u017eaj dostupan na web stranici <strong>Klatix<\/strong> (<a href=\"https:\/\/klatix.com\/hr\/\">www.klatix.com<\/a>) informativnog je i obrazovnog karaktera i ne smije se koristiti kao zamjena za profesionalni savjet. Pristupom ili kori\u0161tenjem na\u0161e web stranice, sla\u017eete se s dolje navedenim uvjetima.<\/p>\n\n\n\n<h3 class=\"wp-block-heading\">1. <strong>Odricanje<\/strong><\/h3>\n\n\n\n<p>THE <strong>Klatix<\/strong> nastoji pru\u017eiti to\u010dne i a\u017eurne informacije, ali ne jam\u010di da je sadr\u017eaj bez pogre\u0161aka ili potpun. Va\u0161e kori\u0161tenje informacija sadr\u017eanih na web stranici je na vlastitu odgovornost. Nismo odgovorni za bilo kakvu \u0161tetu ili gubitke nastale kori\u0161tenjem ili tuma\u010denjem dostavljenih informacija.<\/p>\n\n\n\n<h3 class=\"wp-block-heading\">2. <strong>Intelektualno vlasni\u0161tvo<\/strong><\/h3>\n\n\n\n<p>Sav sadr\u017eaj prisutan u <strong>Klatix<\/strong>, uklju\u010duju\u0107i tekstove, slike, grafike, logotipe i druge materijale, za\u0161ti\u0107en je autorskim pravom i pripada web stranici ili njezinim davateljima licence. Zlouporaba ovog sadr\u017eaja bez prethodnog pismenog odobrenja strogo je zabranjena.<\/p>\n\n\n\n<h3 class=\"wp-block-heading\">3. <strong>Vanjske veze<\/strong><\/h3>\n\n\n\n<p>Na\u0161a web stranica mo\u017ee sadr\u017eavati poveznice na web stranice tre\u0107ih strana. THE <strong>Klatix<\/strong> nije odgovoran za sadr\u017eaj ili politiku privatnosti koja se primjenjuje na ovim stranicama. Preporu\u010dujemo da prilikom pristupa vanjskim web stranicama pregledate uvjete i pravila svake web stranice.<\/p>\n\n\n\n<h3 class=\"wp-block-heading\">4. <strong>Promjene sadr\u017eaja<\/strong><\/h3>\n\n\n\n<p>THE <strong>Klatix<\/strong> zadr\u017eava pravo izmjene, brisanja ili dodavanja informacija sadr\u017eaju web stranice bez prethodne najave. Poti\u010demo korisnike da redovito provjeravaju ovu obavijest kako bi bili svjesni svih a\u017euriranja.<\/p>\n\n\n\n<h3 class=\"wp-block-heading\">5. <strong>Zlouporaba<\/strong><\/h3>\n\n\n\n<p>Svaki poku\u0161aj manipulacije, sigurnosne povrede ili zlouporabe web stranice <strong>Klatix<\/strong> postupat \u0107e se u skladu s primjenjivim zakonima, \u0161to mo\u017ee rezultirati gra\u0111anskim ili kaznenim sankcijama.<\/p>\n\n\n\n<h3 class=\"wp-block-heading\">6. <strong>Kontaktirajte nas<\/strong><\/h3>\n\n\n\n<p>Ako imate pitanja ili nedoumica u vezi ove Pravne obavijesti, kontaktirajte nas putem e-po\u0161te: <a>suporte@klatix.com<\/a>.<\/p>\n\n\n\n<p>Ova pravna obavijest zadnji put je a\u017eurirana 23.10.2024. Daljnjim kori\u0161tenjem stranice pristajete na gore navedene uvjete.<\/p>","protected":false},"excerpt":{"rendered":"<p>O conte\u00fado disponibilizado no site Klatix (www.klatix.com) \u00e9 de car\u00e1ter informativo e educativo, n\u00e3o devendo ser utilizado como substituto para aconselhamento profissional. Ao acessar ou utilizar nosso site, voc\u00ea concorda com os termos abaixo. 1. Isen\u00e7\u00e3o de Responsabilidade A Klatix se esfor\u00e7a para fornecer informa\u00e7\u00f5es precisas e atualizadas, mas n\u00e3o garante que os conte\u00fados sejam [&hellip;]<\/p>\n","protected":false},"author":1,"featured_media":0,"parent":0,"menu_order":0,"comment_status":"closed","ping_status":"closed","template":"","meta":{"footnotes":""},"class_list":["post-480","page","type-page","status-publish"],"_links":{"self":[{"href":"https:\/\/klatix.com\/hr\/wp-json\/wp\/v2\/pages\/480","targetHints":{"allow":["GET"]}}],"collection":[{"href":"https:\/\/klatix.com\/hr\/wp-json\/wp\/v2\/pages"}],"about":[{"href":"https:\/\/klatix.com\/hr\/wp-json\/wp\/v2\/types\/page"}],"author":[{"embeddable":true,"href":"https:\/\/klatix.com\/hr\/wp-json\/wp\/v2\/users\/1"}],"replies":[{"embeddable":true,"href":"https:\/\/klatix.com\/hr\/wp-json\/wp\/v2\/comments?post=480"}],"version-history":[{"count":1,"href":"https:\/\/klatix.com\/hr\/wp-json\/wp\/v2\/pages\/480\/revisions"}],"predecessor-version":[{"id":481,"href":"https:\/\/klatix.com\/hr\/wp-json\/wp\/v2\/pages\/480\/revisions\/481"}],"wp:attachment":[{"href":"https:\/\/klatix.com\/hr\/wp-json\/wp\/v2\/media?parent=480"}],"curies":[{"name":"wp","href":"https:\/\/api.w.org\/{rel}","templated":true}]}}