{"id":456,"date":"2024-10-21T04:56:27","date_gmt":"2024-10-21T04:56:27","guid":{"rendered":"https:\/\/klatix.com\/?page_id=456"},"modified":"2024-10-21T04:56:28","modified_gmt":"2024-10-21T04:56:28","slug":"medicinsko-odricanje-od-odgovornosti","status":"publish","type":"page","link":"https:\/\/klatix.com\/hr\/declaracao-de-isencao-de-responsabilidade-medica\/","title":{"rendered":"Medicinsko odricanje od odgovornosti"},"content":{"rendered":"<p>Ovaj sadr\u017eaj je samo u informativne svrhe. Ne smije se koristiti kao zamjena za profesionalni medicinski savjet, dijagnozu ili lije\u010denje. Posavjetujte se s lije\u010dnikom ili drugim kvalificiranim zdravstvenim radnikom ako imate pitanja u vezi s va\u0161im zdravstvenim stanjem ili upotrebom medicinskih ure\u0111aja ili aplikacija.<\/p>\n\n\n\n<p><strong>Ograni\u010denje odgovornosti<\/strong><\/p>\n\n\n\n<p>Rezultati koje pru\u017eaju aplikacije za pra\u0107enje glukoze mogu se razlikovati. Tvrtka nije odgovorna za bilo kakvu \u0161tetu ili posljedice proiza\u0161le iz zlouporabe ili neto\u010dnog tuma\u010denja informacija koje navedene aplikacije daju.<\/p>\n\n\n\n<p><strong>Izjava o zdravlju i sigurnosti<\/strong><\/p>\n\n\n\n<p>Obavezno slijedite sve upute proizvo\u0111a\u010da aplikacije i posavjetujte se s lije\u010dnikom prije bilo kakvih prilagodbi va\u0161eg lije\u010denja ili prehrane na temelju rezultata dobivenih putem aplikacije.<\/p>\n\n\n\n<p><strong>Dobna granica<\/strong><\/p>\n\n\n\n<p>Neke aplikacije za pra\u0107enje glukoze mogu biti prikladne samo za osobe starije od 18 godina. Provjerite uvjete kori\u0161tenja za svaku aplikaciju.<\/p>\n\n\n\n<p><\/p>","protected":false},"excerpt":{"rendered":"<p>Este conte\u00fado \u00e9 apenas para fins informativos. N\u00e3o deve ser utilizado como substituto de aconselhamento m\u00e9dico profissional, diagn\u00f3stico ou tratamento. Consulte um m\u00e9dico ou outro profissional de sa\u00fade qualificado para qualquer d\u00favida sobre sua condi\u00e7\u00e3o de sa\u00fade ou sobre o uso de dispositivos ou aplicativos m\u00e9dicos. Limita\u00e7\u00e3o de Responsabilidade Os resultados fornecidos pelos aplicativos de [&hellip;]<\/p>\n","protected":false},"author":1,"featured_media":0,"parent":0,"menu_order":0,"comment_status":"closed","ping_status":"closed","template":"","meta":{"footnotes":""},"class_list":["post-456","page","type-page","status-publish"],"_links":{"self":[{"href":"https:\/\/klatix.com\/hr\/wp-json\/wp\/v2\/pages\/456","targetHints":{"allow":["GET"]}}],"collection":[{"href":"https:\/\/klatix.com\/hr\/wp-json\/wp\/v2\/pages"}],"about":[{"href":"https:\/\/klatix.com\/hr\/wp-json\/wp\/v2\/types\/page"}],"author":[{"embeddable":true,"href":"https:\/\/klatix.com\/hr\/wp-json\/wp\/v2\/users\/1"}],"replies":[{"embeddable":true,"href":"https:\/\/klatix.com\/hr\/wp-json\/wp\/v2\/comments?post=456"}],"version-history":[{"count":1,"href":"https:\/\/klatix.com\/hr\/wp-json\/wp\/v2\/pages\/456\/revisions"}],"predecessor-version":[{"id":457,"href":"https:\/\/klatix.com\/hr\/wp-json\/wp\/v2\/pages\/456\/revisions\/457"}],"wp:attachment":[{"href":"https:\/\/klatix.com\/hr\/wp-json\/wp\/v2\/media?parent=456"}],"curies":[{"name":"wp","href":"https:\/\/api.w.org\/{rel}","templated":true}]}}