{"id":74,"date":"2024-05-31T15:12:31","date_gmt":"2024-05-31T15:12:31","guid":{"rendered":"https:\/\/klatix.com\/?page_id=74"},"modified":"2024-08-03T01:28:07","modified_gmt":"2024-08-03T01:28:07","slug":"%e0%a4%97%e0%a5%8b%e0%a4%aa%e0%a4%a8%e0%a5%80%e0%a4%af%e0%a4%a4%e0%a4%be-%e0%a4%aa%e0%a4%be%e0%a4%b2%e0%a4%bf%e0%a4%b8%e0%a5%80","status":"publish","type":"page","link":"https:\/\/klatix.com\/hi\/politicas-de-privacidade\/","title":{"rendered":"\u0917\u094b\u092a\u0928\u0940\u092f\u0924\u093e \u092a\u093e\u0932\u093f\u0938\u0940"},"content":{"rendered":"<h1 class=\"wp-block-heading\"><\/h1>\n\n\n\n<p>\u0906\u092a\u0915\u093e \u0938\u094d\u0935\u093e\u0917\u0924 \u0939\u0948\u00a0<strong>\u0915\u094d\u0932\u0948\u091f\u093f\u0915\u094d\u0938<\/strong>. \u092f\u0939 \u0917\u094b\u092a\u0928\u0940\u092f\u0924\u093e \u0928\u0940\u0924\u093f \u092c\u0924\u093e\u0924\u0940 \u0939\u0948 \u0915\u093f \u091c\u092c \u0906\u092a \u0939\u092e\u093e\u0930\u0940 \u0935\u0947\u092c\u0938\u093e\u0907\u091f \u0924\u0915 \u092a\u0939\u0941\u0902\u091a\u0924\u0947 \u0939\u0948\u0902 \u092f\u093e \u0909\u0938\u0915\u093e \u0909\u092a\u092f\u094b\u0917 \u0915\u0930\u0924\u0947 \u0939\u0948\u0902 \u0924\u094b \u0939\u092e \u0906\u092a\u0915\u0947 \u092c\u093e\u0930\u0947 \u092e\u0947\u0902 \u091c\u093e\u0928\u0915\u093e\u0930\u0940 \u0915\u0948\u0938\u0947 \u090f\u0915\u0924\u094d\u0930, \u0909\u092a\u092f\u094b\u0917 \u0914\u0930 \u0938\u093e\u091d\u093e \u0915\u0930\u0924\u0947 \u0939\u0948\u0902\u0964<\/p>\n\n\n\n<ol class=\"wp-block-list\">\n<li>\u091c\u093e\u0928\u0915\u093e\u0930\u0940 \u0939\u092e \u0935\u094d\u092f\u0915\u094d\u0924\u093f\u0917\u0924 \u091c\u093e\u0928\u0915\u093e\u0930\u0940 \u090f\u0915\u0924\u094d\u0930 \u0915\u0930\u0924\u0947 \u0939\u0948\u0902: \u0939\u092e \u0935\u094d\u092f\u0915\u094d\u0924\u093f\u0917\u0924 \u091c\u093e\u0928\u0915\u093e\u0930\u0940 \u090f\u0915\u0924\u094d\u0930 \u0915\u0930\u0924\u0947 \u0939\u0948\u0902 \u091c\u094b \u0906\u092a \u0938\u094d\u0935\u0947\u091a\u094d\u091b\u093e \u0938\u0947 \u092a\u094d\u0930\u0926\u093e\u0928 \u0915\u0930\u0924\u0947 \u0939\u0948\u0902, \u091c\u0948\u0938\u0947 \u0915\u093f \u0906\u092a\u0915\u093e \u0928\u093e\u092e, \u0908\u092e\u0947\u0932 \u0914\u0930 \u0905\u0928\u094d\u092f \u0938\u0902\u092a\u0930\u094d\u0915 \u091c\u093e\u0928\u0915\u093e\u0930\u0940 \u091c\u092c \u0906\u092a \u0905\u092a\u0921\u0947\u091f \u0915\u0947 \u0932\u093f\u090f \u0938\u093e\u0907\u0928 \u0905\u092a \u0915\u0930\u0924\u0947 \u0939\u0948\u0902 \u092f\u093e \u0939\u092e\u093e\u0930\u0947 \u0938\u093e\u0925 \u0938\u0902\u0935\u093e\u0926 \u0915\u0930\u0924\u0947 \u0939\u0948\u0902\u0964 \u0909\u092a\u092f\u094b\u0917 \u0921\u0947\u091f\u093e: \u0939\u092e \u0938\u094d\u0935\u091a\u093e\u0932\u093f\u0924 \u0930\u0942\u092a \u0938\u0947 \u0907\u0938 \u092c\u093e\u0930\u0947 \u092e\u0947\u0902 \u091c\u093e\u0928\u0915\u093e\u0930\u0940 \u090f\u0915\u0924\u094d\u0930 \u0915\u0930\u0924\u0947 \u0939\u0948\u0902 \u0915\u093f \u0906\u092a \u0938\u093e\u0907\u091f \u0924\u0915 \u0915\u0948\u0938\u0947 \u092a\u0939\u0941\u0902\u091a\u0924\u0947 \u0939\u0948\u0902 \u0914\u0930 \u0907\u0938\u0915\u093e \u0909\u092a\u092f\u094b\u0917 \u0915\u0948\u0938\u0947 \u0915\u0930\u0924\u0947 \u0939\u0948\u0902, \u091c\u093f\u0938\u092e\u0947\u0902 \u0921\u093f\u0935\u093e\u0907\u0938 \u092a\u094d\u0930\u0915\u093e\u0930, \u0935\u0947\u092c \u092c\u094d\u0930\u093e\u0909\u091c\u093c\u0930, \u0926\u0947\u0916\u0947 \u0917\u090f \u092a\u0947\u091c, \u0915\u094d\u0932\u093f\u0915, \u0909\u092a\u092f\u094b\u0917 \u092a\u0948\u091f\u0930\u094d\u0928 \u0914\u0930 \u0905\u0928\u094d\u092f \u0909\u092a\u092f\u094b\u0917 \u091c\u093e\u0928\u0915\u093e\u0930\u0940 \u0936\u093e\u092e\u093f\u0932 \u0939\u0948\u0964 \u0915\u0941\u0915\u0940\u091c\u093c \u0914\u0930 \u091f\u094d\u0930\u0948\u0915\u093f\u0902\u0917 \u0924\u0915\u0928\u0940\u0915\u0947\u0902: \u0939\u092e \u0906\u092a\u0915\u0947 \u0905\u0928\u0941\u092d\u0935 \u0915\u094b \u0928\u093f\u091c\u0940\u0915\u0943\u0924 \u0915\u0930\u0928\u0947 \u0914\u0930 \u0935\u0947\u092c\u0938\u093e\u0907\u091f \u0914\u0930 \u092a\u094d\u0930\u0926\u0930\u094d\u0936\u093f\u0924 \u0935\u093f\u091c\u094d\u091e\u093e\u092a\u0928\u094b\u0902 \u0915\u0947 \u0938\u093e\u0925 \u0906\u092a\u0915\u0940 \u092c\u093e\u0924\u091a\u0940\u0924 \u0915\u0947 \u092c\u093e\u0930\u0947 \u092e\u0947\u0902 \u0921\u0947\u091f\u093e \u090f\u0915\u0924\u094d\u0930 \u0915\u0930\u0928\u0947 \u0915\u0947 \u0932\u093f\u090f \u0915\u0941\u0915\u0940\u091c\u093c \u0914\u0930 \u091f\u094d\u0930\u0948\u0915\u093f\u0902\u0917 \u0924\u0915\u0928\u0940\u0915\u094b\u0902 \u0915\u093e \u0909\u092a\u092f\u094b\u0917 \u0915\u0930\u0924\u0947 \u0939\u0948\u0902\u0964<\/li>\n\n\n\n<li>\u091c\u093e\u0928\u0915\u093e\u0930\u0940 \u0915\u093e \u0909\u092a\u092f\u094b\u0917 \u0939\u092e \u0906\u092a\u0915\u0940 \u091c\u093e\u0928\u0915\u093e\u0930\u0940 \u0915\u093e \u0909\u092a\u092f\u094b\u0917 \u0928\u093f\u092e\u094d\u0928 \u0915\u0947 \u0932\u093f\u090f \u0915\u0930\u0924\u0947 \u0939\u0948\u0902:<\/li>\n<\/ol>\n\n\n\n<p>\u0939\u092e\u093e\u0930\u0940 \u0935\u0947\u092c\u0938\u093e\u0907\u091f \u0914\u0930 \u0938\u0947\u0935\u093e\u090f\u0901 \u092a\u094d\u0930\u0926\u093e\u0928 \u0915\u0930\u0947\u0902, \u092c\u0928\u093e\u090f \u0930\u0916\u0947\u0902 \u0914\u0930 \u0938\u0941\u0927\u093e\u0930\u0947\u0902\u0964 \u0906\u092a\u0938\u0947 \u0938\u0902\u0935\u093e\u0926 \u0915\u0930\u0947\u0902, \u0906\u092a\u0915\u0947 \u092a\u094d\u0930\u0936\u094d\u0928\u094b\u0902 \u0914\u0930 \u0905\u0928\u0941\u0930\u094b\u0927\u094b\u0902 \u0915\u093e \u0909\u0924\u094d\u0924\u0930 \u0926\u0947\u0902\u0964 \u0935\u0948\u092f\u0915\u094d\u0924\u093f\u0915\u0943\u0924 \u0935\u093f\u091c\u094d\u091e\u093e\u092a\u0928 \u092a\u094d\u0930\u0926\u0930\u094d\u0936\u093f\u0924 \u0915\u0930\u0947\u0902 \u0914\u0930 \u0921\u0947\u091f\u093e \u0935\u093f\u0936\u094d\u0932\u0947\u0937\u0923 \u0915\u0930\u0947\u0902\u0964<\/p>\n\n\n\n<ol start=\"3\" class=\"wp-block-list\">\n<li>\u0938\u0942\u091a\u0928\u093e \u0938\u093e\u091d\u093e \u0915\u0930\u0928\u093e \u0939\u092e \u0928\u093f\u092e\u094d\u0928\u0932\u093f\u0916\u093f\u0924 \u092a\u0930\u093f\u0938\u094d\u0925\u093f\u0924\u093f\u092f\u094b\u0902 \u092e\u0947\u0902 \u0906\u092a\u0915\u0940 \u091c\u093e\u0928\u0915\u093e\u0930\u0940 \u0924\u0940\u0938\u0930\u0947 \u092a\u0915\u094d\u0937 \u0915\u0947 \u0938\u093e\u0925 \u0938\u093e\u091d\u093e \u0915\u0930 \u0938\u0915\u0924\u0947 \u0939\u0948\u0902:<\/li>\n<\/ol>\n\n\n\n<p>\u0938\u0947\u0935\u093e \u092a\u094d\u0930\u0926\u093e\u0924\u093e: \u0939\u092e \u0935\u093f\u0915\u094d\u0930\u0947\u0924\u093e\u0913\u0902 \u0915\u0947 \u0938\u093e\u0925 \u091c\u093e\u0928\u0915\u093e\u0930\u0940 \u0938\u093e\u091d\u093e \u0915\u0930\u0924\u0947 \u0939\u0948\u0902 \u091c\u094b \u0939\u092e\u0947\u0902 \u0938\u093e\u0907\u091f \u0938\u0902\u091a\u093e\u0932\u093f\u0924 \u0915\u0930\u0928\u0947 \u092e\u0947\u0902 \u092e\u0926\u0926 \u0915\u0930\u0924\u0947 \u0939\u0948\u0902, \u091c\u0948\u0938\u0947 \u0935\u0947\u092c \u0939\u094b\u0938\u094d\u091f\u093f\u0902\u0917 \u0914\u0930 \u0921\u0947\u091f\u093e \u0935\u093f\u0936\u094d\u0932\u0947\u0937\u0923\u0964 \u0917\u0942\u0917\u0932 \u0910\u0921 \u090f\u0915\u094d\u0938\u091a\u0947\u0902\u091c: \u0917\u0942\u0917\u0932 \u0910\u0921 \u090f\u0915\u094d\u0938\u091a\u0947\u0902\u091c \u0915\u0947 \u092e\u093e\u0927\u094d\u092f\u092e \u0938\u0947 \u0935\u093f\u091c\u094d\u091e\u093e\u092a\u0928 \u092a\u0947\u0936 \u0915\u0930\u0928\u0947 \u0915\u0947 \u0932\u093f\u090f \u0906\u0935\u0936\u094d\u092f\u0915 \u0939\u0948\u0964 \u0915\u093e\u0928\u0942\u0928\u0940 \u0905\u0928\u0941\u092a\u093e\u0932\u0928: \u091c\u092c \u0915\u093e\u0928\u0942\u0928 \u0915\u093e \u0905\u0928\u0941\u092a\u093e\u0932\u0928 \u0915\u0930\u0928\u093e \u092f\u093e \u0915\u093e\u0928\u0942\u0928\u0940 \u092a\u094d\u0930\u0915\u094d\u0930\u093f\u092f\u093e \u0915\u093e \u091c\u0935\u093e\u092c \u0926\u0947\u0928\u093e \u0906\u0935\u0936\u094d\u092f\u0915 \u0939\u094b\u0964<\/p>\n\n\n\n<ol start=\"4\" class=\"wp-block-list\">\n<li>Google AdSense Google AdSense \u0936\u0930\u094d\u0924\u094b\u0902 \u0915\u0947 \u0905\u0928\u0941\u0938\u093e\u0930, \u0915\u0943\u092a\u092f\u093e \u0927\u094d\u092f\u093e\u0928 \u0930\u0916\u0947\u0902 \u0915\u093f Google, \u090f\u0915 \u0924\u0943\u0924\u0940\u092f-\u092a\u0915\u094d\u0937 \u0935\u093f\u0915\u094d\u0930\u0947\u0924\u093e \u0915\u0947 \u0930\u0942\u092a \u092e\u0947\u0902, \u0939\u092e\u093e\u0930\u0940 \u0935\u0947\u092c\u0938\u093e\u0907\u091f \u092a\u0930 \u0935\u093f\u091c\u094d\u091e\u093e\u092a\u0928 \u0926\u093f\u0916\u093e\u0928\u0947 \u0915\u0947 \u0932\u093f\u090f \u0915\u0941\u0915\u0940\u091c\u093c \u0915\u093e \u0909\u092a\u092f\u094b\u0917 \u0915\u0930\u0924\u093e \u0939\u0948\u0964 Google \u0926\u094d\u0935\u093e\u0930\u093e DART \u0915\u0941\u0915\u0940 \u0915\u093e \u0909\u092a\u092f\u094b\u0917 \u0909\u0938\u0947 \u0939\u092e\u093e\u0930\u0940 \u0938\u093e\u0907\u091f \u0914\u0930 \u0907\u0902\u091f\u0930\u0928\u0947\u091f \u092a\u0930 \u0905\u0928\u094d\u092f \u0938\u093e\u0907\u091f\u094b\u0902 \u0915\u0940 \u092a\u093f\u091b\u0932\u0940 \u092f\u093e\u0924\u094d\u0930\u093e\u0913\u0902 \u0915\u0947 \u0906\u0927\u093e\u0930 \u092a\u0930 \u0939\u092e\u093e\u0930\u0947 \u0909\u092a\u092f\u094b\u0917\u0915\u0930\u094d\u0924\u093e\u0913\u0902 \u0915\u094b \u0935\u093f\u091c\u094d\u091e\u093e\u092a\u0928 \u092a\u094d\u0930\u0926\u093e\u0928 \u0915\u0930\u0928\u0947 \u092e\u0947\u0902 \u0938\u0915\u094d\u0937\u092e \u092c\u0928\u093e\u0924\u093e \u0939\u0948\u0964 \u0909\u092a\u092f\u094b\u0917\u0915\u0930\u094d\u0924\u093e Google \u0935\u093f\u091c\u094d\u091e\u093e\u092a\u0928 \u0914\u0930 \u0938\u093e\u092e\u0917\u094d\u0930\u0940 \u0928\u0947\u091f\u0935\u0930\u094d\u0915 \u0917\u094b\u092a\u0928\u0940\u092f\u0924\u093e \u0928\u0940\u0924\u093f \u092a\u0930 \u091c\u093e\u0915\u0930 DART \u0915\u0941\u0915\u0940 \u0915\u0947 \u0909\u092a\u092f\u094b\u0917 \u0938\u0947 \u092c\u093e\u0939\u0930 \u0928\u093f\u0915\u0932 \u0938\u0915\u0924\u0947 \u0939\u0948\u0902\u0964<\/li>\n\n\n\n<li>\u0917\u094b\u092a\u0928\u0940\u092f\u0924\u093e \u0928\u0940\u0924\u093f \u092e\u0947\u0902 \u092a\u0930\u093f\u0935\u0930\u094d\u0924\u0928 \u0939\u092e \u0938\u092e\u092f-\u0938\u092e\u092f \u092a\u0930 \u0905\u092a\u0928\u0940 \u0917\u094b\u092a\u0928\u0940\u092f\u0924\u093e \u0928\u0940\u0924\u093f \u0915\u094b \u0905\u0926\u094d\u092f\u0924\u0928 \u0915\u0930 \u0938\u0915\u0924\u0947 \u0939\u0948\u0902\u0964 \u0939\u092e \u0907\u0938 \u092a\u0943\u0937\u094d\u0920 \u092a\u0930 \u0928\u0908 \u0917\u094b\u092a\u0928\u0940\u092f\u0924\u093e \u0928\u0940\u0924\u093f \u092a\u094b\u0938\u094d\u091f \u0915\u0930\u0915\u0947 \u0906\u092a\u0915\u094b \u0915\u093f\u0938\u0940 \u092d\u0940 \u092c\u0926\u0932\u093e\u0935 \u0915\u0947 \u092c\u093e\u0930\u0947 \u092e\u0947\u0902 \u0938\u0942\u091a\u093f\u0924 \u0915\u0930\u0947\u0902\u0917\u0947\u0964<\/li>\n\n\n\n<li>\u0938\u0902\u092a\u0930\u094d\u0915 \u0915\u0930\u0947\u0902 \u092f\u0926\u093f \u0907\u0938 \u0917\u094b\u092a\u0928\u0940\u092f\u0924\u093e \u0928\u0940\u0924\u093f \u0915\u0947 \u092c\u093e\u0930\u0947 \u092e\u0947\u0902 \u0906\u092a\u0915\u0947 \u0915\u094b\u0908 \u092a\u094d\u0930\u0936\u094d\u0928 \u0939\u0948\u0902, \u0924\u094b \u0915\u0943\u092a\u092f\u093e \u0939\u092e\u0938\u0947 \u0938\u0902\u092a\u0930\u094d\u0915 \u0915\u0930\u0947\u0902\u0964<\/li>\n<\/ol>","protected":false},"excerpt":{"rendered":"<p>Bem-vindo ao\u00a0Klatix. Esta pol\u00edtica de privacidade descreve como coletamos, usamos e compartilhamos informa\u00e7\u00f5es sobre voc\u00ea quando acessa ou usa nosso site. Fornecer, manter e melhorar nosso site e servi\u00e7os. Comunicar-nos com voc\u00ea, responder suas perguntas e solicita\u00e7\u00f5es. Exibir an\u00fancios personalizados e realizar an\u00e1lises de dados. Fornecedores de Servi\u00e7os: Compartilhamos informa\u00e7\u00f5es com fornecedores que nos ajudam [&hellip;]<\/p>\n","protected":false},"author":1,"featured_media":0,"parent":0,"menu_order":0,"comment_status":"closed","ping_status":"closed","template":"","meta":{"footnotes":""},"class_list":["post-74","page","type-page","status-publish"],"_links":{"self":[{"href":"https:\/\/klatix.com\/hi\/wp-json\/wp\/v2\/pages\/74","targetHints":{"allow":["GET"]}}],"collection":[{"href":"https:\/\/klatix.com\/hi\/wp-json\/wp\/v2\/pages"}],"about":[{"href":"https:\/\/klatix.com\/hi\/wp-json\/wp\/v2\/types\/page"}],"author":[{"embeddable":true,"href":"https:\/\/klatix.com\/hi\/wp-json\/wp\/v2\/users\/1"}],"replies":[{"embeddable":true,"href":"https:\/\/klatix.com\/hi\/wp-json\/wp\/v2\/comments?post=74"}],"version-history":[{"count":3,"href":"https:\/\/klatix.com\/hi\/wp-json\/wp\/v2\/pages\/74\/revisions"}],"predecessor-version":[{"id":304,"href":"https:\/\/klatix.com\/hi\/wp-json\/wp\/v2\/pages\/74\/revisions\/304"}],"wp:attachment":[{"href":"https:\/\/klatix.com\/hi\/wp-json\/wp\/v2\/media?parent=74"}],"curies":[{"name":"wp","href":"https:\/\/api.w.org\/{rel}","templated":true}]}}