{"id":74,"date":"2024-05-31T15:12:31","date_gmt":"2024-05-31T15:12:31","guid":{"rendered":"https:\/\/klatix.com\/?page_id=74"},"modified":"2024-08-03T01:28:07","modified_gmt":"2024-08-03T01:28:07","slug":"%d7%9e%d7%93%d7%99%d7%a0%d7%99%d7%95%d7%aa-%d7%94%d7%a4%d7%a8%d7%98%d7%99%d7%95%d7%aa","status":"publish","type":"page","link":"https:\/\/klatix.com\/he\/politicas-de-privacidade\/","title":{"rendered":"\u05de\u05d3\u05d9\u05e0\u05d9\u05d5\u05ea \u05e4\u05e8\u05d8\u05d9\u05d5\u05ea"},"content":{"rendered":"<h1 class=\"wp-block-heading\"><\/h1>\n\n\n\n<p>\u05d1\u05e8\u05d5\u05db\u05d9\u05dd \u05d4\u05d1\u05d0\u05d9\u05dd \u05dc\u00a0<strong>\u05e7\u05dc\u05d8\u05d9\u05e7\u05e1<\/strong>. \u05de\u05d3\u05d9\u05e0\u05d9\u05d5\u05ea \u05e4\u05e8\u05d8\u05d9\u05d5\u05ea \u05d6\u05d5 \u05de\u05ea\u05d0\u05e8\u05ea \u05db\u05d9\u05e6\u05d3 \u05d0\u05e0\u05d5 \u05d0\u05d5\u05e1\u05e4\u05d9\u05dd, \u05de\u05e9\u05ea\u05de\u05e9\u05d9\u05dd \u05d5\u05de\u05e9\u05ea\u05e4\u05d9\u05dd \u05de\u05d9\u05d3\u05e2 \u05d0\u05d5\u05d3\u05d5\u05ea\u05d9\u05da \u05db\u05d0\u05e9\u05e8 \u05d0\u05ea\u05d4 \u05e0\u05d9\u05d2\u05e9 \u05d0\u05d5 \u05de\u05e9\u05ea\u05de\u05e9 \u05d1\u05d0\u05ea\u05e8 \u05d4\u05d0\u05d9\u05e0\u05d8\u05e8\u05e0\u05d8 \u05e9\u05dc\u05e0\u05d5.<\/p>\n\n\n\n<ol class=\"wp-block-list\">\n<li>\u05de\u05d9\u05d3\u05e2 \u05e9\u05d0\u05e0\u05d5 \u05d0\u05d5\u05e1\u05e4\u05d9\u05dd \u05de\u05d9\u05d3\u05e2 \u05d0\u05d9\u05e9\u05d9: \u05d0\u05e0\u05d5 \u05d0\u05d5\u05e1\u05e4\u05d9\u05dd \u05de\u05d9\u05d3\u05e2 \u05d0\u05d9\u05e9\u05d9 \u05e9\u05d0\u05ea\u05d4 \u05de\u05e1\u05e4\u05e7 \u05de\u05e8\u05e6\u05d5\u05e0\u05da, \u05db\u05d2\u05d5\u05df \u05e9\u05de\u05da, \u05d3\u05d5\u05d0&quot;\u05dc \u05d5\u05e4\u05e8\u05d8\u05d9 \u05d0\u05d9\u05e9 \u05e7\u05e9\u05e8 \u05d0\u05d7\u05e8\u05d9\u05dd \u05db\u05d0\u05e9\u05e8 \u05d0\u05ea\u05d4 \u05e0\u05e8\u05e9\u05dd \u05dc\u05e7\u05d1\u05dc\u05ea \u05e2\u05d3\u05db\u05d5\u05e0\u05d9\u05dd \u05d0\u05d5 \u05de\u05ea\u05e7\u05e9\u05e8 \u05d0\u05d9\u05ea\u05e0\u05d5. \u05e0\u05ea\u05d5\u05e0\u05d9 \u05e9\u05d9\u05de\u05d5\u05e9: \u05d0\u05e0\u05d5 \u05d0\u05d5\u05e1\u05e4\u05d9\u05dd \u05d1\u05d0\u05d5\u05e4\u05df \u05d0\u05d5\u05d8\u05d5\u05de\u05d8\u05d9 \u05de\u05d9\u05d3\u05e2 \u05e2\u05dc \u05d4\u05d0\u05d5\u05e4\u05df \u05e9\u05d1\u05d5 \u05d0\u05ea\u05d4 \u05e0\u05d9\u05d2\u05e9 \u05dc\u05d0\u05ea\u05e8 \u05d5\u05de\u05e9\u05ea\u05de\u05e9 \u05d1\u05d5, \u05dc\u05e8\u05d1\u05d5\u05ea \u05e1\u05d5\u05d2 \u05de\u05db\u05e9\u05d9\u05e8, \u05d3\u05e4\u05d3\u05e4\u05df \u05d0\u05d9\u05e0\u05d8\u05e8\u05e0\u05d8, \u05d3\u05e4\u05d9\u05dd \u05e9\u05d1\u05d9\u05e7\u05e8\u05d5 \u05d1\u05d4\u05dd, \u05e7\u05dc\u05d9\u05e7\u05d9\u05dd, \u05d3\u05e4\u05d5\u05e1\u05d9 \u05e9\u05d9\u05de\u05d5\u05e9 \u05d5\u05de\u05d9\u05d3\u05e2 \u05e9\u05d9\u05de\u05d5\u05e9 \u05d0\u05d7\u05e8. \u05e2\u05d5\u05d2\u05d9\u05d5\u05ea \u05d5\u05d8\u05db\u05e0\u05d5\u05dc\u05d5\u05d2\u05d9\u05d5\u05ea \u05de\u05e2\u05e7\u05d1: \u05d0\u05e0\u05d5 \u05de\u05e9\u05ea\u05de\u05e9\u05d9\u05dd \u05d1\u05e2\u05d5\u05d2\u05d9\u05d5\u05ea \u05d5\u05d1\u05d8\u05db\u05e0\u05d5\u05dc\u05d5\u05d2\u05d9\u05d5\u05ea \u05de\u05e2\u05e7\u05d1 \u05db\u05d3\u05d9 \u05dc\u05d4\u05ea\u05d0\u05d9\u05dd \u05d0\u05d9\u05e9\u05d9\u05ea \u05d0\u05ea \u05d4\u05d7\u05d5\u05d5\u05d9\u05d4 \u05e9\u05dc\u05da \u05d5\u05dc\u05d0\u05e1\u05d5\u05e3 \u05e0\u05ea\u05d5\u05e0\u05d9\u05dd \u05e2\u05dc \u05d4\u05d0\u05d9\u05e0\u05d8\u05e8\u05d0\u05e7\u05e6\u05d9\u05d4 \u05e9\u05dc\u05da \u05e2\u05dd \u05d4\u05d0\u05ea\u05e8 \u05d5\u05d4\u05e4\u05e8\u05e1\u05d5\u05de\u05d5\u05ea \u05d4\u05de\u05d5\u05e6\u05d2\u05d5\u05ea.<\/li>\n\n\n\n<li>\u05e9\u05d9\u05de\u05d5\u05e9 \u05d1\u05de\u05d9\u05d3\u05e2 \u05d0\u05e0\u05d5 \u05de\u05e9\u05ea\u05de\u05e9\u05d9\u05dd \u05d1\u05de\u05d9\u05d3\u05e2 \u05e9\u05dc\u05da \u05db\u05d3\u05d9:<\/li>\n<\/ol>\n\n\n\n<p>\u05dc\u05e1\u05e4\u05e7, \u05dc\u05ea\u05d7\u05d6\u05e7 \u05d5\u05dc\u05e9\u05e4\u05e8 \u05d0\u05ea \u05d4\u05d0\u05ea\u05e8 \u05d5\u05d4\u05e9\u05d9\u05e8\u05d5\u05ea\u05d9\u05dd \u05e9\u05dc\u05e0\u05d5. \u05dc\u05ea\u05e7\u05e9\u05e8 \u05d0\u05d9\u05ea\u05da, \u05dc\u05d4\u05d2\u05d9\u05d1 \u05dc\u05e9\u05d0\u05dc\u05d5\u05ea \u05d5\u05d1\u05e7\u05e9\u05d5\u05ea \u05e9\u05dc\u05da. \u05d4\u05e6\u05d2 \u05de\u05d5\u05d3\u05e2\u05d5\u05ea \u05de\u05d5\u05ea\u05d0\u05de\u05d5\u05ea \u05d0\u05d9\u05e9\u05d9\u05ea \u05d5\u05d1\u05e6\u05e2 \u05e0\u05d9\u05ea\u05d5\u05d7 \u05e0\u05ea\u05d5\u05e0\u05d9\u05dd.<\/p>\n\n\n\n<ol start=\"3\" class=\"wp-block-list\">\n<li>\u05e9\u05d9\u05ea\u05d5\u05e3 \u05de\u05d9\u05d3\u05e2 \u05d0\u05e0\u05d5 \u05e2\u05e9\u05d5\u05d9\u05d9\u05dd \u05dc\u05d7\u05dc\u05d5\u05e7 \u05d0\u05ea \u05d4\u05de\u05d9\u05d3\u05e2 \u05e9\u05dc\u05da \u05e2\u05dd \u05e6\u05d3\u05d3\u05d9\u05dd \u05e9\u05dc\u05d9\u05e9\u05d9\u05d9\u05dd \u05d1\u05e0\u05e1\u05d9\u05d1\u05d5\u05ea \u05d4\u05d1\u05d0\u05d5\u05ea:<\/li>\n<\/ol>\n\n\n\n<p>\u05e1\u05e4\u05e7\u05d9 \u05e9\u05d9\u05e8\u05d5\u05ea: \u05d0\u05e0\u05d5 \u05d7\u05d5\u05dc\u05e7\u05d9\u05dd \u05de\u05d9\u05d3\u05e2 \u05e2\u05dd \u05e1\u05e4\u05e7\u05d9\u05dd \u05e9\u05e2\u05d5\u05d6\u05e8\u05d9\u05dd \u05dc\u05e0\u05d5 \u05dc\u05ea\u05e4\u05e2\u05dc \u05d0\u05ea \u05d4\u05d0\u05ea\u05e8, \u05db\u05d2\u05d5\u05df \u05d0\u05d7\u05e1\u05d5\u05df \u05d0\u05ea\u05e8\u05d9\u05dd \u05d5\u05e0\u05d9\u05ea\u05d5\u05d7 \u05e0\u05ea\u05d5\u05e0\u05d9\u05dd. Google Ad Exchange: \u05db\u05e0\u05d3\u05e8\u05e9 \u05db\u05d3\u05d9 \u05dc\u05d4\u05e6\u05d9\u05d2 \u05de\u05d5\u05d3\u05e2\u05d5\u05ea \u05d3\u05e8\u05da Google Ad Exchange. \u05e6\u05d9\u05d5\u05ea \u05dc\u05d7\u05d5\u05e7: \u05d1\u05e2\u05ea \u05d4\u05e6\u05d5\u05e8\u05da \u05db\u05d3\u05d9 \u05dc\u05e6\u05d9\u05d9\u05ea \u05dc\u05d7\u05d5\u05e7 \u05d0\u05d5 \u05dc\u05d4\u05d2\u05d9\u05d1 \u05dc\u05d4\u05dc\u05d9\u05da \u05de\u05e9\u05e4\u05d8\u05d9.<\/p>\n\n\n\n<ol start=\"4\" class=\"wp-block-list\">\n<li>Google AdSense \u05d1\u05d4\u05ea\u05d0\u05dd \u05dc\u05ea\u05e0\u05d0\u05d9\u05dd \u05e9\u05dc Google AdSense, \u05d0\u05e0\u05d0 \u05e9\u05d9\u05dd \u05dc\u05d1 \u05e9-Google, \u05db\u05e1\u05e4\u05e7 \u05e6\u05d3 \u05e9\u05dc\u05d9\u05e9\u05d9, \u05de\u05e9\u05ea\u05de\u05e9\u05ea \u05d1\u05e7\u05d5\u05d1\u05e6\u05d9 Cookie \u05db\u05d3\u05d9 \u05dc\u05d4\u05e6\u05d9\u05d2 \u05de\u05d5\u05d3\u05e2\u05d5\u05ea \u05d1\u05d0\u05ea\u05e8 \u05d4\u05d0\u05d9\u05e0\u05d8\u05e8\u05e0\u05d8 \u05e9\u05dc\u05e0\u05d5. \u05d4\u05e9\u05d9\u05de\u05d5\u05e9 \u05e9\u05dc Google \u05d1\u05e7\u05d5\u05d1\u05e5 cookie \u05e9\u05dc DART \u05de\u05d0\u05e4\u05e9\u05e8 \u05dc\u05d4 \u05dc\u05d4\u05e6\u05d9\u05d2 \u05de\u05d5\u05d3\u05e2\u05d5\u05ea \u05dc\u05de\u05e9\u05ea\u05de\u05e9\u05d9\u05dd \u05e9\u05dc\u05e0\u05d5 \u05e2\u05dc \u05e1\u05de\u05da \u05d1\u05d9\u05e7\u05d5\u05e8\u05d9\u05dd \u05e7\u05d5\u05d3\u05de\u05d9\u05dd \u05d1\u05d0\u05ea\u05e8 \u05e9\u05dc\u05e0\u05d5 \u05d5\u05d1\u05d0\u05ea\u05e8\u05d9\u05dd \u05d0\u05d7\u05e8\u05d9\u05dd \u05d1\u05d0\u05d9\u05e0\u05d8\u05e8\u05e0\u05d8. \u05de\u05e9\u05ea\u05de\u05e9\u05d9\u05dd \u05d9\u05db\u05d5\u05dc\u05d9\u05dd \u05dc\u05d1\u05d8\u05dc \u05d0\u05ea \u05d4\u05e1\u05db\u05de\u05ea\u05dd \u05dc\u05e9\u05d9\u05de\u05d5\u05e9 \u05d1\u05e7\u05d5\u05d1\u05e5 cookie \u05e9\u05dc DART \u05e2\u05dc \u05d9\u05d3\u05d9 \u05d1\u05d9\u05e7\u05d5\u05e8 \u05d1\u05de\u05d3\u05d9\u05e0\u05d9\u05d5\u05ea \u05d4\u05e4\u05e8\u05d8\u05d9\u05d5\u05ea \u05e9\u05dc \u05e8\u05e9\u05ea \u05d4\u05ea\u05d5\u05db\u05df \u05d5\u05d4\u05e4\u05e8\u05e1\u05d5\u05dd \u05e9\u05dc Google.<\/li>\n\n\n\n<li>\u05e9\u05d9\u05e0\u05d5\u05d9\u05d9\u05dd \u05d1\u05de\u05d3\u05d9\u05e0\u05d9\u05d5\u05ea \u05d4\u05e4\u05e8\u05d8\u05d9\u05d5\u05ea \u05d0\u05e0\u05d5 \u05e2\u05e9\u05d5\u05d9\u05d9\u05dd \u05dc\u05e2\u05d3\u05db\u05df \u05d0\u05ea \u05de\u05d3\u05d9\u05e0\u05d9\u05d5\u05ea \u05d4\u05e4\u05e8\u05d8\u05d9\u05d5\u05ea \u05e9\u05dc\u05e0\u05d5 \u05de\u05e2\u05ea \u05dc\u05e2\u05ea. \u05d0\u05e0\u05d5 \u05e0\u05d5\u05d3\u05d9\u05e2 \u05dc\u05da \u05e2\u05dc \u05db\u05dc \u05e9\u05d9\u05e0\u05d5\u05d9 \u05e2\u05dc \u05d9\u05d3\u05d9 \u05e4\u05e8\u05e1\u05d5\u05dd \u05de\u05d3\u05d9\u05e0\u05d9\u05d5\u05ea \u05d4\u05e4\u05e8\u05d8\u05d9\u05d5\u05ea \u05d4\u05d7\u05d3\u05e9\u05d4 \u05d1\u05d3\u05e3 \u05d6\u05d4.<\/li>\n\n\n\n<li>\u05e6\u05d5\u05e8 \u05e7\u05e9\u05e8 \u05d0\u05dd \u05d9\u05e9 \u05dc\u05da \u05e9\u05d0\u05dc\u05d5\u05ea \u05dc\u05d2\u05d1\u05d9 \u05de\u05d3\u05d9\u05e0\u05d9\u05d5\u05ea \u05e4\u05e8\u05d8\u05d9\u05d5\u05ea \u05d6\u05d5, \u05d0\u05e0\u05d0 \u05e6\u05d5\u05e8 \u05d0\u05d9\u05ea\u05e0\u05d5 \u05e7\u05e9\u05e8.<\/li>\n<\/ol>","protected":false},"excerpt":{"rendered":"<p>Bem-vindo ao\u00a0Klatix. Esta pol\u00edtica de privacidade descreve como coletamos, usamos e compartilhamos informa\u00e7\u00f5es sobre voc\u00ea quando acessa ou usa nosso site. Fornecer, manter e melhorar nosso site e servi\u00e7os. Comunicar-nos com voc\u00ea, responder suas perguntas e solicita\u00e7\u00f5es. Exibir an\u00fancios personalizados e realizar an\u00e1lises de dados. Fornecedores de Servi\u00e7os: Compartilhamos informa\u00e7\u00f5es com fornecedores que nos ajudam [&hellip;]<\/p>\n","protected":false},"author":1,"featured_media":0,"parent":0,"menu_order":0,"comment_status":"closed","ping_status":"closed","template":"","meta":{"footnotes":""},"class_list":["post-74","page","type-page","status-publish"],"_links":{"self":[{"href":"https:\/\/klatix.com\/he\/wp-json\/wp\/v2\/pages\/74","targetHints":{"allow":["GET"]}}],"collection":[{"href":"https:\/\/klatix.com\/he\/wp-json\/wp\/v2\/pages"}],"about":[{"href":"https:\/\/klatix.com\/he\/wp-json\/wp\/v2\/types\/page"}],"author":[{"embeddable":true,"href":"https:\/\/klatix.com\/he\/wp-json\/wp\/v2\/users\/1"}],"replies":[{"embeddable":true,"href":"https:\/\/klatix.com\/he\/wp-json\/wp\/v2\/comments?post=74"}],"version-history":[{"count":3,"href":"https:\/\/klatix.com\/he\/wp-json\/wp\/v2\/pages\/74\/revisions"}],"predecessor-version":[{"id":304,"href":"https:\/\/klatix.com\/he\/wp-json\/wp\/v2\/pages\/74\/revisions\/304"}],"wp:attachment":[{"href":"https:\/\/klatix.com\/he\/wp-json\/wp\/v2\/media?parent=74"}],"curies":[{"name":"wp","href":"https:\/\/api.w.org\/{rel}","templated":true}]}}