{"id":480,"date":"2024-10-24T06:04:51","date_gmt":"2024-10-24T06:04:51","guid":{"rendered":"https:\/\/klatix.com\/?page_id=480"},"modified":"2024-10-24T06:04:52","modified_gmt":"2024-10-24T06:04:52","slug":"%d7%94%d7%95%d7%93%d7%a2%d7%94-%d7%9e%d7%a9%d7%a4%d7%98%d7%99%d7%aa","status":"publish","type":"page","link":"https:\/\/klatix.com\/he\/aviso-legal\/","title":{"rendered":"\u05d4\u05d5\u05d3\u05e2\u05d4 \u05de\u05e9\u05e4\u05d8\u05d9\u05ea"},"content":{"rendered":"<p>\u05d4\u05ea\u05d5\u05db\u05df \u05d4\u05d6\u05de\u05d9\u05df \u05d1\u05d0\u05ea\u05e8 <strong>\u05e7\u05dc\u05d8\u05d9\u05e7\u05e1<\/strong> (<a href=\"https:\/\/klatix.com\/he\/\">www.klatix.com<\/a>) \u05d4\u05d5\u05d0 \u05d0\u05d9\u05e0\u05e4\u05d5\u05e8\u05de\u05d8\u05d9\u05d1\u05d9 \u05d5\u05d7\u05d9\u05e0\u05d5\u05db\u05d9 \u05d1\u05d0\u05d5\u05e4\u05d9\u05d5 \u05d5\u05d0\u05d9\u05df \u05dc\u05d4\u05e9\u05ea\u05de\u05e9 \u05d1\u05d5 \u05db\u05ea\u05d7\u05dc\u05d9\u05e3 \u05dc\u05d9\u05d9\u05e2\u05d5\u05e5 \u05de\u05e7\u05e6\u05d5\u05e2\u05d9. \u05e2\u05dc \u05d9\u05d3\u05d9 \u05d2\u05d9\u05e9\u05d4 \u05d0\u05d5 \u05e9\u05d9\u05de\u05d5\u05e9 \u05d1\u05d0\u05ea\u05e8 \u05e9\u05dc\u05e0\u05d5, \u05d0\u05ea\u05d4 \u05de\u05e1\u05db\u05d9\u05dd \u05dc\u05ea\u05e0\u05d0\u05d9\u05dd \u05e9\u05dc\u05d4\u05dc\u05df.<\/p>\n\n\n\n<h3 class=\"wp-block-heading\">1. <strong>\u05db\u05ea\u05d1 \u05d5\u05d9\u05ea\u05d5\u05e8<\/strong><\/h3>\n\n\n\n<p>THE <strong>\u05e7\u05dc\u05d8\u05d9\u05e7\u05e1<\/strong> \u05e9\u05d5\u05d0\u05e4\u05ea \u05dc\u05e1\u05e4\u05e7 \u05de\u05d9\u05d3\u05e2 \u05de\u05d3\u05d5\u05d9\u05e7 \u05d5\u05e2\u05d3\u05db\u05e0\u05d9, \u05d0\u05da \u05d0\u05d9\u05e0\u05d4 \u05de\u05ea\u05d7\u05d9\u05d9\u05d1\u05ea \u05db\u05d9 \u05d4\u05ea\u05db\u05e0\u05d9\u05dd \u05e0\u05e7\u05d9\u05d9\u05dd \u05de\u05d8\u05e2\u05d5\u05d9\u05d5\u05ea \u05d0\u05d5 \u05de\u05dc\u05d0\u05d9\u05dd. \u05d4\u05e9\u05d9\u05de\u05d5\u05e9 \u05e9\u05dc\u05da \u05d1\u05de\u05d9\u05d3\u05e2 \u05d4\u05db\u05dc\u05d5\u05dc \u05d1\u05d0\u05ea\u05e8 \u05d4\u05d5\u05d0 \u05e2\u05dc \u05d0\u05d7\u05e8\u05d9\u05d5\u05ea\u05da \u05d1\u05dc\u05d1\u05d3. \u05d0\u05d9\u05e0\u05e0\u05d5 \u05d0\u05d7\u05e8\u05d0\u05d9\u05dd \u05dc\u05db\u05dc \u05e0\u05d6\u05e7 \u05d0\u05d5 \u05d4\u05e4\u05e1\u05d3\u05d9\u05dd \u05d4\u05e0\u05d5\u05d1\u05e2\u05d9\u05dd \u05de\u05d4\u05e9\u05d9\u05de\u05d5\u05e9 \u05d0\u05d5 \u05d4\u05e4\u05e8\u05e9\u05e0\u05d5\u05ea \u05e9\u05dc \u05d4\u05de\u05d9\u05d3\u05e2 \u05e9\u05e1\u05d5\u05e4\u05e7.<\/p>\n\n\n\n<h3 class=\"wp-block-heading\">2. <strong>\u05e7\u05e0\u05d9\u05d9\u05df \u05e8\u05d5\u05d7\u05e0\u05d9<\/strong><\/h3>\n\n\n\n<p>\u05db\u05dc \u05d4\u05ea\u05d5\u05db\u05df \u05d4\u05e7\u05d9\u05d9\u05dd \u05d1 <strong>\u05e7\u05dc\u05d8\u05d9\u05e7\u05e1<\/strong>, \u05dc\u05e8\u05d1\u05d5\u05ea \u05d8\u05e7\u05e1\u05d8\u05d9\u05dd, \u05ea\u05de\u05d5\u05e0\u05d5\u05ea, \u05d2\u05e8\u05e4\u05d9\u05e7\u05d4, \u05dc\u05d5\u05d2\u05d5 \u05d5\u05d7\u05d5\u05de\u05e8\u05d9\u05dd \u05d0\u05d7\u05e8\u05d9\u05dd, \u05de\u05d5\u05d2\u05df \u05d1\u05d6\u05db\u05d5\u05d9\u05d5\u05ea \u05d9\u05d5\u05e6\u05e8\u05d9\u05dd \u05d5\u05e9\u05d9\u05d9\u05da \u05dc\u05d0\u05ea\u05e8 \u05d0\u05d5 \u05dc\u05e0\u05d5\u05ea\u05e0\u05d9 \u05d4\u05e8\u05d9\u05e9\u05d9\u05d5\u05e0\u05d5\u05ea \u05e9\u05dc\u05d5. \u05d4\u05e9\u05d9\u05de\u05d5\u05e9 \u05dc\u05e8\u05e2\u05d4 \u05d1\u05ea\u05d5\u05db\u05df \u05d6\u05d4 \u05dc\u05dc\u05d0 \u05d0\u05d9\u05e9\u05d5\u05e8 \u05de\u05e8\u05d0\u05e9 \u05d1\u05db\u05ea\u05d1 \u05d0\u05e1\u05d5\u05e8 \u05d1\u05d4\u05d7\u05dc\u05d8.<\/p>\n\n\n\n<h3 class=\"wp-block-heading\">3. <strong>\u05e7\u05d9\u05e9\u05d5\u05e8\u05d9\u05dd \u05d7\u05d9\u05e6\u05d5\u05e0\u05d9\u05d9\u05dd<\/strong><\/h3>\n\n\n\n<p>\u05d4\u05d0\u05ea\u05e8 \u05e9\u05dc\u05e0\u05d5 \u05e2\u05e9\u05d5\u05d9 \u05dc\u05d4\u05db\u05d9\u05dc \u05e7\u05d9\u05e9\u05d5\u05e8\u05d9\u05dd \u05dc\u05d0\u05ea\u05e8\u05d9 \u05e6\u05d3 \u05e9\u05dc\u05d9\u05e9\u05d9. THE <strong>\u05e7\u05dc\u05d8\u05d9\u05e7\u05e1<\/strong> \u05d0\u05d9\u05e0\u05d4 \u05d0\u05d7\u05e8\u05d0\u05d9\u05ea \u05dc\u05ea\u05d5\u05db\u05df \u05d0\u05d5 \u05dc\u05de\u05d3\u05d9\u05e0\u05d9\u05d5\u05ea \u05d4\u05e4\u05e8\u05d8\u05d9\u05d5\u05ea \u05d4\u05e0\u05d4\u05d5\u05d2\u05d4 \u05d1\u05d0\u05ea\u05e8\u05d9\u05dd \u05d0\u05dc\u05d4. \u05d0\u05e0\u05d5 \u05de\u05de\u05dc\u05d9\u05e6\u05d9\u05dd \u05d1\u05e2\u05ea \u05d2\u05d9\u05e9\u05d4 \u05dc\u05d0\u05ea\u05e8\u05d9\u05dd \u05d7\u05d9\u05e6\u05d5\u05e0\u05d9\u05d9\u05dd, \u05dc\u05e2\u05d9\u05d9\u05df \u05d1\u05ea\u05e0\u05d0\u05d9\u05dd \u05d5\u05d4\u05de\u05d3\u05d9\u05e0\u05d9\u05d5\u05ea \u05e9\u05dc \u05db\u05dc \u05d0\u05ea\u05e8.<\/p>\n\n\n\n<h3 class=\"wp-block-heading\">4. <strong>\u05e9\u05d9\u05e0\u05d5\u05d9\u05d9\u05dd \u05d1\u05ea\u05d5\u05db\u05df<\/strong><\/h3>\n\n\n\n<p>THE <strong>\u05e7\u05dc\u05d8\u05d9\u05e7\u05e1<\/strong> \u05e9\u05d5\u05de\u05e8\u05ea \u05dc\u05e2\u05e6\u05de\u05d4 \u05d0\u05ea \u05d4\u05d6\u05db\u05d5\u05ea \u05dc\u05e9\u05e0\u05d5\u05ea, \u05dc\u05de\u05d7\u05d5\u05e7 \u05d0\u05d5 \u05dc\u05d4\u05d5\u05e1\u05d9\u05e3 \u05de\u05d9\u05d3\u05e2 \u05dc\u05ea\u05d5\u05db\u05df \u05d4\u05d0\u05ea\u05e8 \u05dc\u05dc\u05d0 \u05d4\u05d5\u05d3\u05e2\u05d4 \u05de\u05d5\u05e7\u05d3\u05de\u05ea. \u05d0\u05e0\u05d5 \u05de\u05de\u05dc\u05d9\u05e6\u05d9\u05dd \u05dc\u05de\u05e9\u05ea\u05de\u05e9\u05d9\u05dd \u05dc\u05e2\u05d9\u05d9\u05df \u05de\u05d7\u05d3\u05e9 \u05d1\u05d4\u05d5\u05d3\u05e2\u05d4 \u05d6\u05d5 \u05d1\u05d0\u05d5\u05e4\u05df \u05e7\u05d1\u05d5\u05e2 \u05db\u05d3\u05d9 \u05dc\u05d4\u05d9\u05d5\u05ea \u05de\u05d5\u05d3\u05e2\u05d9\u05dd \u05dc\u05e2\u05d3\u05db\u05d5\u05e0\u05d9\u05dd \u05db\u05dc\u05e9\u05d4\u05dd.<\/p>\n\n\n\n<h3 class=\"wp-block-heading\">5. <strong>\u05e9\u05d9\u05de\u05d5\u05e9 \u05dc\u05e8\u05e2\u05d4<\/strong><\/h3>\n\n\n\n<p>\u05db\u05dc \u05e0\u05d9\u05e1\u05d9\u05d5\u05df \u05de\u05e0\u05d9\u05e4\u05d5\u05dc\u05e6\u05d9\u05d4, \u05d4\u05e4\u05e8\u05ea \u05d0\u05d1\u05d8\u05d7\u05d4 \u05d0\u05d5 \u05e9\u05d9\u05de\u05d5\u05e9 \u05dc\u05e8\u05e2\u05d4 \u05d1\u05d0\u05ea\u05e8 <strong>\u05e7\u05dc\u05d8\u05d9\u05e7\u05e1<\/strong> \u05d9\u05d8\u05d5\u05e4\u05dc \u05d1\u05d4\u05ea\u05d0\u05dd \u05dc\u05d7\u05d5\u05e7\u05d9\u05dd \u05d4\u05d7\u05dc\u05d9\u05dd, \u05de\u05d4 \u05e9\u05e2\u05dc\u05d5\u05dc \u05dc\u05d2\u05e8\u05d5\u05dd \u05dc\u05e1\u05e0\u05e7\u05e6\u05d9\u05d5\u05ea \u05d0\u05d6\u05e8\u05d7\u05d9\u05d5\u05ea \u05d0\u05d5 \u05e4\u05dc\u05d9\u05dc\u05d9\u05d5\u05ea.<\/p>\n\n\n\n<h3 class=\"wp-block-heading\">6. <strong>\u05e6\u05d5\u05e8 \u05d0\u05d9\u05ea\u05e0\u05d5 \u05e7\u05e9\u05e8<\/strong><\/h3>\n\n\n\n<p>\u05d0\u05dd \u05d9\u05e9 \u05dc\u05da \u05e9\u05d0\u05dc\u05d5\u05ea \u05d0\u05d5 \u05d7\u05e9\u05e9\u05d5\u05ea \u05dc\u05d2\u05d1\u05d9 \u05d4\u05d5\u05d3\u05e2\u05d4 \u05de\u05e9\u05e4\u05d8\u05d9\u05ea \u05d6\u05d5, \u05d0\u05e0\u05d0 \u05e6\u05d5\u05e8 \u05d0\u05d9\u05ea\u05e0\u05d5 \u05e7\u05e9\u05e8 \u05d1\u05d3\u05d5\u05d0&quot;\u05dc: <a>suporte@klatix.com<\/a>.<\/p>\n\n\n\n<p>\u05d4\u05d5\u05d3\u05e2\u05d4 \u05de\u05e9\u05e4\u05d8\u05d9\u05ea \u05d6\u05d5 \u05e2\u05d5\u05d3\u05db\u05e0\u05d4 \u05dc\u05d0\u05d7\u05e8\u05d5\u05e0\u05d4 \u05d1-23\/10\/2024. \u05e2\u05dc \u05d9\u05d3\u05d9 \u05d4\u05de\u05e9\u05da \u05d4\u05e9\u05d9\u05de\u05d5\u05e9 \u05d1\u05d0\u05ea\u05e8, \u05d0\u05ea\u05d4 \u05de\u05e1\u05db\u05d9\u05dd \u05dc\u05ea\u05e0\u05d0\u05d9\u05dd \u05e9\u05d4\u05d5\u05d6\u05db\u05e8\u05d5 \u05dc\u05e2\u05d9\u05dc.<\/p>","protected":false},"excerpt":{"rendered":"<p>O conte\u00fado disponibilizado no site Klatix (www.klatix.com) \u00e9 de car\u00e1ter informativo e educativo, n\u00e3o devendo ser utilizado como substituto para aconselhamento profissional. Ao acessar ou utilizar nosso site, voc\u00ea concorda com os termos abaixo. 1. Isen\u00e7\u00e3o de Responsabilidade A Klatix se esfor\u00e7a para fornecer informa\u00e7\u00f5es precisas e atualizadas, mas n\u00e3o garante que os conte\u00fados sejam [&hellip;]<\/p>\n","protected":false},"author":1,"featured_media":0,"parent":0,"menu_order":0,"comment_status":"closed","ping_status":"closed","template":"","meta":{"footnotes":""},"class_list":["post-480","page","type-page","status-publish"],"_links":{"self":[{"href":"https:\/\/klatix.com\/he\/wp-json\/wp\/v2\/pages\/480","targetHints":{"allow":["GET"]}}],"collection":[{"href":"https:\/\/klatix.com\/he\/wp-json\/wp\/v2\/pages"}],"about":[{"href":"https:\/\/klatix.com\/he\/wp-json\/wp\/v2\/types\/page"}],"author":[{"embeddable":true,"href":"https:\/\/klatix.com\/he\/wp-json\/wp\/v2\/users\/1"}],"replies":[{"embeddable":true,"href":"https:\/\/klatix.com\/he\/wp-json\/wp\/v2\/comments?post=480"}],"version-history":[{"count":1,"href":"https:\/\/klatix.com\/he\/wp-json\/wp\/v2\/pages\/480\/revisions"}],"predecessor-version":[{"id":481,"href":"https:\/\/klatix.com\/he\/wp-json\/wp\/v2\/pages\/480\/revisions\/481"}],"wp:attachment":[{"href":"https:\/\/klatix.com\/he\/wp-json\/wp\/v2\/media?parent=480"}],"curies":[{"name":"wp","href":"https:\/\/api.w.org\/{rel}","templated":true}]}}