{"id":456,"date":"2024-10-21T04:56:27","date_gmt":"2024-10-21T04:56:27","guid":{"rendered":"https:\/\/klatix.com\/?page_id=456"},"modified":"2024-10-21T04:56:28","modified_gmt":"2024-10-21T04:56:28","slug":"%d7%9b%d7%aa%d7%91-%d7%95%d7%99%d7%aa%d7%95%d7%a8-%d7%a8%d7%a4%d7%95%d7%90%d7%99","status":"publish","type":"page","link":"https:\/\/klatix.com\/he\/declaracao-de-isencao-de-responsabilidade-medica\/","title":{"rendered":"\u05db\u05ea\u05d1 \u05d5\u05d9\u05ea\u05d5\u05e8 \u05e8\u05e4\u05d5\u05d0\u05d9"},"content":{"rendered":"<p>\u05ea\u05d5\u05db\u05df \u05d6\u05d4 \u05de\u05d9\u05d5\u05e2\u05d3 \u05dc\u05de\u05d8\u05e8\u05d5\u05ea \u05de\u05d9\u05d3\u05e2 \u05d1\u05dc\u05d1\u05d3. \u05d0\u05d9\u05df \u05dc\u05d4\u05e9\u05ea\u05de\u05e9 \u05d1\u05d5 \u05db\u05ea\u05d7\u05dc\u05d9\u05e3 \u05dc\u05d9\u05d9\u05e2\u05d5\u05e5 \u05e8\u05e4\u05d5\u05d0\u05d9, \u05d0\u05d1\u05d7\u05d5\u05df \u05d0\u05d5 \u05d8\u05d9\u05e4\u05d5\u05dc \u05de\u05e7\u05e6\u05d5\u05e2\u05d9. \u05d4\u05ea\u05d9\u05d9\u05e2\u05e5 \u05e2\u05dd \u05e8\u05d5\u05e4\u05d0 \u05d0\u05d5 \u05d0\u05d9\u05e9 \u05de\u05e7\u05e6\u05d5\u05e2 \u05de\u05d5\u05e1\u05de\u05da \u05d0\u05d7\u05e8 \u05d1\u05db\u05dc \u05e9\u05d0\u05dc\u05d4 \u05e9\u05d9\u05e9 \u05dc\u05da \u05dc\u05d2\u05d1\u05d9 \u05de\u05e6\u05d1\u05da \u05d4\u05d1\u05e8\u05d9\u05d0\u05d5\u05ea\u05d9 \u05d0\u05d5 \u05d4\u05e9\u05d9\u05de\u05d5\u05e9 \u05d1\u05de\u05db\u05e9\u05d9\u05e8\u05d9\u05dd \u05d0\u05d5 \u05d9\u05d9\u05e9\u05d5\u05de\u05d9\u05dd \u05e8\u05e4\u05d5\u05d0\u05d9\u05d9\u05dd.<\/p>\n\n\n\n<p><strong>\u05d4\u05d2\u05d1\u05dc\u05ea \u05d0\u05d7\u05e8\u05d9\u05d5\u05ea<\/strong><\/p>\n\n\n\n<p>\u05d4\u05ea\u05d5\u05e6\u05d0\u05d5\u05ea \u05d4\u05de\u05e1\u05d5\u05e4\u05e7\u05d5\u05ea \u05e2\u05dc \u05d9\u05d3\u05d9 \u05d0\u05e4\u05dc\u05d9\u05e7\u05e6\u05d9\u05d5\u05ea \u05dc\u05e0\u05d9\u05d8\u05d5\u05e8 \u05d2\u05dc\u05d5\u05e7\u05d5\u05d6 \u05e2\u05e9\u05d5\u05d9\u05d5\u05ea \u05dc\u05d4\u05e9\u05ea\u05e0\u05d5\u05ea. \u05d4\u05d7\u05d1\u05e8\u05d4 \u05d0\u05d9\u05e0\u05d4 \u05d0\u05d7\u05e8\u05d0\u05d9\u05ea \u05dc\u05db\u05dc \u05e0\u05d6\u05e7 \u05d0\u05d5 \u05ea\u05d5\u05e6\u05d0\u05d4 \u05d4\u05e0\u05d5\u05d1\u05e2\u05ea \u05de\u05e9\u05d9\u05de\u05d5\u05e9 \u05dc\u05e8\u05e2\u05d4 \u05d0\u05d5 \u05e4\u05e8\u05e9\u05e0\u05d5\u05ea \u05e9\u05d2\u05d5\u05d9\u05d4 \u05e9\u05dc \u05d4\u05de\u05d9\u05d3\u05e2 \u05d4\u05e0\u05de\u05e1\u05e8 \u05e2\u05dc \u05d9\u05d3\u05d9 \u05d4\u05d0\u05e4\u05dc\u05d9\u05e7\u05e6\u05d9\u05d5\u05ea \u05d4\u05e0\u05d6\u05db\u05e8\u05d5\u05ea.<\/p>\n\n\n\n<p><strong>\u05d4\u05e6\u05d4\u05e8\u05ea \u05d1\u05e8\u05d9\u05d0\u05d5\u05ea \u05d5\u05d1\u05d8\u05d9\u05d7\u05d5\u05ea<\/strong><\/p>\n\n\n\n<p>\u05d4\u05e7\u05e4\u05d3 \u05dc\u05e2\u05e7\u05d5\u05d1 \u05d0\u05d7\u05e8 \u05db\u05dc \u05d4\u05d4\u05d5\u05e8\u05d0\u05d5\u05ea \u05e9\u05e1\u05d5\u05e4\u05e7\u05d5 \u05e2\u05dc \u05d9\u05d3\u05d9 \u05d9\u05e6\u05e8\u05df \u05d4\u05d0\u05e4\u05dc\u05d9\u05e7\u05e6\u05d9\u05d4 \u05d5\u05dc\u05d4\u05ea\u05d9\u05d9\u05e2\u05e5 \u05e2\u05dd \u05d4\u05e8\u05d5\u05e4\u05d0 \u05e9\u05dc\u05da \u05dc\u05e4\u05e0\u05d9 \u05d1\u05d9\u05e6\u05d5\u05e2 \u05d4\u05ea\u05d0\u05de\u05d5\u05ea \u05db\u05dc\u05e9\u05d4\u05df \u05dc\u05d8\u05d9\u05e4\u05d5\u05dc \u05d0\u05d5 \u05dc\u05ea\u05d6\u05d5\u05e0\u05d4 \u05e9\u05dc\u05da \u05d1\u05d4\u05ea\u05d1\u05e1\u05e1 \u05e2\u05dc \u05d4\u05ea\u05d5\u05e6\u05d0\u05d5\u05ea \u05e9\u05d4\u05d5\u05e9\u05d2\u05d5 \u05d1\u05d0\u05de\u05e6\u05e2\u05d5\u05ea \u05d4\u05d0\u05e4\u05dc\u05d9\u05e7\u05e6\u05d9\u05d4.<\/p>\n\n\n\n<p><strong>\u05d4\u05d2\u05d1\u05dc\u05ea \u05d2\u05d9\u05dc<\/strong><\/p>\n\n\n\n<p>\u05d0\u05e4\u05dc\u05d9\u05e7\u05e6\u05d9\u05d5\u05ea \u05de\u05e1\u05d5\u05d9\u05de\u05d5\u05ea \u05dc\u05e0\u05d9\u05d8\u05d5\u05e8 \u05d2\u05dc\u05d5\u05e7\u05d5\u05d6 \u05e2\u05e9\u05d5\u05d9\u05d5\u05ea \u05dc\u05d4\u05ea\u05d0\u05d9\u05dd \u05e8\u05e7 \u05dc\u05d0\u05e0\u05e9\u05d9\u05dd \u05de\u05e2\u05dc \u05d2\u05d9\u05dc 18. \u05d1\u05d3\u05d5\u05e7 \u05d0\u05ea \u05ea\u05e0\u05d0\u05d9 \u05d4\u05e9\u05d9\u05de\u05d5\u05e9 \u05e2\u05d1\u05d5\u05e8 \u05db\u05dc \u05d0\u05e4\u05dc\u05d9\u05e7\u05e6\u05d9\u05d4.<\/p>\n\n\n\n<p><\/p>","protected":false},"excerpt":{"rendered":"<p>Este conte\u00fado \u00e9 apenas para fins informativos. N\u00e3o deve ser utilizado como substituto de aconselhamento m\u00e9dico profissional, diagn\u00f3stico ou tratamento. Consulte um m\u00e9dico ou outro profissional de sa\u00fade qualificado para qualquer d\u00favida sobre sua condi\u00e7\u00e3o de sa\u00fade ou sobre o uso de dispositivos ou aplicativos m\u00e9dicos. Limita\u00e7\u00e3o de Responsabilidade Os resultados fornecidos pelos aplicativos de [&hellip;]<\/p>\n","protected":false},"author":1,"featured_media":0,"parent":0,"menu_order":0,"comment_status":"closed","ping_status":"closed","template":"","meta":{"footnotes":""},"class_list":["post-456","page","type-page","status-publish"],"_links":{"self":[{"href":"https:\/\/klatix.com\/he\/wp-json\/wp\/v2\/pages\/456","targetHints":{"allow":["GET"]}}],"collection":[{"href":"https:\/\/klatix.com\/he\/wp-json\/wp\/v2\/pages"}],"about":[{"href":"https:\/\/klatix.com\/he\/wp-json\/wp\/v2\/types\/page"}],"author":[{"embeddable":true,"href":"https:\/\/klatix.com\/he\/wp-json\/wp\/v2\/users\/1"}],"replies":[{"embeddable":true,"href":"https:\/\/klatix.com\/he\/wp-json\/wp\/v2\/comments?post=456"}],"version-history":[{"count":1,"href":"https:\/\/klatix.com\/he\/wp-json\/wp\/v2\/pages\/456\/revisions"}],"predecessor-version":[{"id":457,"href":"https:\/\/klatix.com\/he\/wp-json\/wp\/v2\/pages\/456\/revisions\/457"}],"wp:attachment":[{"href":"https:\/\/klatix.com\/he\/wp-json\/wp\/v2\/media?parent=456"}],"curies":[{"name":"wp","href":"https:\/\/api.w.org\/{rel}","templated":true}]}}