{"id":456,"date":"2024-10-21T04:56:27","date_gmt":"2024-10-21T04:56:27","guid":{"rendered":"https:\/\/klatix.com\/?page_id=456"},"modified":"2024-10-21T04:56:28","modified_gmt":"2024-10-21T04:56:28","slug":"avis-de-non-responsabilite-medicale","status":"publish","type":"page","link":"https:\/\/klatix.com\/fr_eu\/declaracao-de-isencao-de-responsabilidade-medica\/","title":{"rendered":"Avis de non-responsabilit\u00e9 m\u00e9dicale"},"content":{"rendered":"<p>Ce contenu est \u00e0 titre informatif uniquement. Il ne doit pas \u00eatre utilis\u00e9 comme substitut \u00e0 un avis m\u00e9dical professionnel, \u00e0 un diagnostic ou \u00e0 un traitement. Consultez un m\u00e9decin ou un autre professionnel de la sant\u00e9 qualifi\u00e9 pour toute question que vous pourriez avoir concernant votre \u00e9tat de sant\u00e9 ou l&#039;utilisation de dispositifs ou d&#039;applications m\u00e9dicaux.<\/p>\n\n\n\n<p><strong>Limitation de responsabilit\u00e9<\/strong><\/p>\n\n\n\n<p>Les r\u00e9sultats fournis par les applications de surveillance de la glyc\u00e9mie peuvent varier. La soci\u00e9t\u00e9 n&#039;est pas responsable de tout dommage ou cons\u00e9quence r\u00e9sultant d&#039;une mauvaise utilisation ou d&#039;une interpr\u00e9tation incorrecte des informations fournies par les applications mentionn\u00e9es.<\/p>\n\n\n\n<p><strong>D\u00e9claration de sant\u00e9 et de s\u00e9curit\u00e9<\/strong><\/p>\n\n\n\n<p>Assurez-vous de suivre toutes les instructions fournies par le fabricant de l&#039;application et consultez votre m\u00e9decin avant d&#039;apporter des modifications \u00e0 votre traitement ou \u00e0 votre r\u00e9gime alimentaire en fonction des r\u00e9sultats obtenus via l&#039;application.<\/p>\n\n\n\n<p><strong>Limite d&#039;\u00e2ge<\/strong><\/p>\n\n\n\n<p>Certaines applications de surveillance de la glyc\u00e9mie peuvent ne convenir qu&#039;aux personnes de plus de 18 ans. V\u00e9rifiez les conditions d&#039;utilisation de chaque application.<\/p>\n\n\n\n<p><\/p>","protected":false},"excerpt":{"rendered":"<p>Este conte\u00fado \u00e9 apenas para fins informativos. N\u00e3o deve ser utilizado como substituto de aconselhamento m\u00e9dico profissional, diagn\u00f3stico ou tratamento. Consulte um m\u00e9dico ou outro profissional de sa\u00fade qualificado para qualquer d\u00favida sobre sua condi\u00e7\u00e3o de sa\u00fade ou sobre o uso de dispositivos ou aplicativos m\u00e9dicos. Limita\u00e7\u00e3o de Responsabilidade Os resultados fornecidos pelos aplicativos de [&hellip;]<\/p>\n","protected":false},"author":1,"featured_media":0,"parent":0,"menu_order":0,"comment_status":"closed","ping_status":"closed","template":"","meta":{"footnotes":""},"class_list":["post-456","page","type-page","status-publish"],"_links":{"self":[{"href":"https:\/\/klatix.com\/fr_eu\/wp-json\/wp\/v2\/pages\/456","targetHints":{"allow":["GET"]}}],"collection":[{"href":"https:\/\/klatix.com\/fr_eu\/wp-json\/wp\/v2\/pages"}],"about":[{"href":"https:\/\/klatix.com\/fr_eu\/wp-json\/wp\/v2\/types\/page"}],"author":[{"embeddable":true,"href":"https:\/\/klatix.com\/fr_eu\/wp-json\/wp\/v2\/users\/1"}],"replies":[{"embeddable":true,"href":"https:\/\/klatix.com\/fr_eu\/wp-json\/wp\/v2\/comments?post=456"}],"version-history":[{"count":1,"href":"https:\/\/klatix.com\/fr_eu\/wp-json\/wp\/v2\/pages\/456\/revisions"}],"predecessor-version":[{"id":457,"href":"https:\/\/klatix.com\/fr_eu\/wp-json\/wp\/v2\/pages\/456\/revisions\/457"}],"wp:attachment":[{"href":"https:\/\/klatix.com\/fr_eu\/wp-json\/wp\/v2\/media?parent=456"}],"curies":[{"name":"wp","href":"https:\/\/api.w.org\/{rel}","templated":true}]}}