{"id":480,"date":"2024-10-24T06:04:51","date_gmt":"2024-10-24T06:04:51","guid":{"rendered":"https:\/\/klatix.com\/?page_id=480"},"modified":"2024-10-24T06:04:52","modified_gmt":"2024-10-24T06:04:52","slug":"mentions-legales","status":"publish","type":"page","link":"https:\/\/klatix.com\/fr\/aviso-legal\/","title":{"rendered":"Mentions l\u00e9gales"},"content":{"rendered":"<p>Le contenu disponible sur le site <strong>Klatix<\/strong> (<a href=\"https:\/\/klatix.com\/fr\/\">www.klatix.com<\/a>) est de nature informative et \u00e9ducative et ne doit pas \u00eatre utilis\u00e9 comme substitut aux conseils d\u2019un professionnel. En acc\u00e9dant ou en utilisant notre site Web, vous acceptez les conditions ci-dessous.<\/p>\n\n\n\n<h3 class=\"wp-block-heading\">1. <strong>Clause de non-responsabilit\u00e9<\/strong><\/h3>\n\n\n\n<p>LE <strong>Klatix<\/strong> s&#039;efforce de fournir des informations exactes et \u00e0 jour, mais ne garantit pas que le contenu soit exempt d&#039;erreurs ou complet. Votre utilisation des informations contenues sur le site Web est \u00e0 vos propres risques. Nous ne sommes pas responsables de tout dommage ou perte r\u00e9sultant de l&#039;utilisation ou de l&#039;interpr\u00e9tation des informations fournies.<\/p>\n\n\n\n<h3 class=\"wp-block-heading\">2. <strong>Propri\u00e9t\u00e9 intellectuelle<\/strong><\/h3>\n\n\n\n<p>Tout le contenu pr\u00e9sent dans <strong>Klatix<\/strong>, y compris les textes, images, graphiques, logos et autres \u00e9l\u00e9ments, est prot\u00e9g\u00e9 par le droit d&#039;auteur et appartient au site Web ou \u00e0 ses conc\u00e9dants de licence. L&#039;utilisation abusive de ce contenu sans autorisation \u00e9crite pr\u00e9alable est strictement interdite.<\/p>\n\n\n\n<h3 class=\"wp-block-heading\">3. <strong>Liens externes<\/strong><\/h3>\n\n\n\n<p>Notre site Web peut contenir des liens vers des sites Web de tiers. LE <strong>Klatix<\/strong> n&#039;est pas responsable du contenu ou de la politique de confidentialit\u00e9 pratiqu\u00e9e par ces sites. Nous vous recommandons de consulter les conditions et politiques de chaque site Web externe lorsque vous acc\u00e9dez \u00e0 des sites Web externes.<\/p>\n\n\n\n<h3 class=\"wp-block-heading\">4. <strong>Modifications du contenu<\/strong><\/h3>\n\n\n\n<p>LE <strong>Klatix<\/strong> se r\u00e9serve le droit de modifier, supprimer ou ajouter des informations au contenu du site sans pr\u00e9avis. Nous encourageons les utilisateurs \u00e0 consulter r\u00e9guli\u00e8rement cet avis pour \u00eatre inform\u00e9s de toute mise \u00e0 jour.<\/p>\n\n\n\n<h3 class=\"wp-block-heading\">5. <strong>Abuser<\/strong><\/h3>\n\n\n\n<p>Toute tentative de manipulation, faille de s\u00e9curit\u00e9 ou mauvaise utilisation du site Internet <strong>Klatix<\/strong> sera trait\u00e9 conform\u00e9ment aux lois applicables, ce qui peut entra\u00eener des sanctions civiles ou p\u00e9nales.<\/p>\n\n\n\n<h3 class=\"wp-block-heading\">6. <strong>Contactez-nous<\/strong><\/h3>\n\n\n\n<p>Si vous avez des questions ou des pr\u00e9occupations concernant cet avis juridique, veuillez nous contacter par e-mail\u00a0: <a>suporte@klatix.com<\/a>.<\/p>\n\n\n\n<p>Ces mentions l\u00e9gales ont \u00e9t\u00e9 mises \u00e0 jour pour la derni\u00e8re fois le 23\/10\/2024. En continuant \u00e0 utiliser le site, vous acceptez les conditions mentionn\u00e9es ci-dessus.<\/p>","protected":false},"excerpt":{"rendered":"<p>O conte\u00fado disponibilizado no site Klatix (www.klatix.com) \u00e9 de car\u00e1ter informativo e educativo, n\u00e3o devendo ser utilizado como substituto para aconselhamento profissional. Ao acessar ou utilizar nosso site, voc\u00ea concorda com os termos abaixo. 1. Isen\u00e7\u00e3o de Responsabilidade A Klatix se esfor\u00e7a para fornecer informa\u00e7\u00f5es precisas e atualizadas, mas n\u00e3o garante que os conte\u00fados sejam [&hellip;]<\/p>\n","protected":false},"author":1,"featured_media":0,"parent":0,"menu_order":0,"comment_status":"closed","ping_status":"closed","template":"","meta":{"footnotes":""},"class_list":["post-480","page","type-page","status-publish"],"_links":{"self":[{"href":"https:\/\/klatix.com\/fr\/wp-json\/wp\/v2\/pages\/480","targetHints":{"allow":["GET"]}}],"collection":[{"href":"https:\/\/klatix.com\/fr\/wp-json\/wp\/v2\/pages"}],"about":[{"href":"https:\/\/klatix.com\/fr\/wp-json\/wp\/v2\/types\/page"}],"author":[{"embeddable":true,"href":"https:\/\/klatix.com\/fr\/wp-json\/wp\/v2\/users\/1"}],"replies":[{"embeddable":true,"href":"https:\/\/klatix.com\/fr\/wp-json\/wp\/v2\/comments?post=480"}],"version-history":[{"count":1,"href":"https:\/\/klatix.com\/fr\/wp-json\/wp\/v2\/pages\/480\/revisions"}],"predecessor-version":[{"id":481,"href":"https:\/\/klatix.com\/fr\/wp-json\/wp\/v2\/pages\/480\/revisions\/481"}],"wp:attachment":[{"href":"https:\/\/klatix.com\/fr\/wp-json\/wp\/v2\/media?parent=480"}],"curies":[{"name":"wp","href":"https:\/\/api.w.org\/{rel}","templated":true}]}}