{"id":456,"date":"2024-10-21T04:56:27","date_gmt":"2024-10-21T04:56:27","guid":{"rendered":"https:\/\/klatix.com\/?page_id=456"},"modified":"2024-10-21T04:56:28","modified_gmt":"2024-10-21T04:56:28","slug":"descargo-de-responsabilidad-medica","status":"publish","type":"page","link":"https:\/\/klatix.com\/es_us\/declaracao-de-isencao-de-responsabilidade-medica\/","title":{"rendered":"Descargo de responsabilidad m\u00e9dica"},"content":{"rendered":"<p>Este contenido es s\u00f3lo para fines informativos. No debe utilizarse como sustituto del consejo, diagn\u00f3stico o tratamiento m\u00e9dico profesional. Consulte a un m\u00e9dico u otro profesional de la salud calificado si tiene alguna pregunta sobre su estado de salud o el uso de dispositivos o aplicaciones m\u00e9dicas.<\/p>\n\n\n\n<p><strong>Limitaci\u00f3n de responsabilidad<\/strong><\/p>\n\n\n\n<p>Los resultados proporcionados por las aplicaciones de control de glucosa pueden variar. La empresa no se hace responsable de ning\u00fan da\u00f1o o consecuencia resultante del mal uso o interpretaci\u00f3n incorrecta de la informaci\u00f3n proporcionada por las aplicaciones mencionadas.<\/p>\n\n\n\n<p><strong>Declaraci\u00f3n de salud y seguridad<\/strong><\/p>\n\n\n\n<p>Aseg\u00farese de seguir todas las instrucciones proporcionadas por el fabricante de la aplicaci\u00f3n y consulte a su m\u00e9dico antes de realizar cualquier ajuste en su tratamiento o dieta en funci\u00f3n de los resultados obtenidos a trav\u00e9s de la aplicaci\u00f3n.<\/p>\n\n\n\n<p><strong>L\u00edmite de edad<\/strong><\/p>\n\n\n\n<p>Es posible que algunas aplicaciones de control de glucosa solo sean adecuadas para mayores de 18 a\u00f1os. Consulta las condiciones de uso de cada aplicaci\u00f3n.<\/p>\n\n\n\n<p><\/p>","protected":false},"excerpt":{"rendered":"<p>Este conte\u00fado \u00e9 apenas para fins informativos. N\u00e3o deve ser utilizado como substituto de aconselhamento m\u00e9dico profissional, diagn\u00f3stico ou tratamento. Consulte um m\u00e9dico ou outro profissional de sa\u00fade qualificado para qualquer d\u00favida sobre sua condi\u00e7\u00e3o de sa\u00fade ou sobre o uso de dispositivos ou aplicativos m\u00e9dicos. Limita\u00e7\u00e3o de Responsabilidade Os resultados fornecidos pelos aplicativos de [&hellip;]<\/p>\n","protected":false},"author":1,"featured_media":0,"parent":0,"menu_order":0,"comment_status":"closed","ping_status":"closed","template":"","meta":{"footnotes":""},"class_list":["post-456","page","type-page","status-publish"],"_links":{"self":[{"href":"https:\/\/klatix.com\/es_us\/wp-json\/wp\/v2\/pages\/456","targetHints":{"allow":["GET"]}}],"collection":[{"href":"https:\/\/klatix.com\/es_us\/wp-json\/wp\/v2\/pages"}],"about":[{"href":"https:\/\/klatix.com\/es_us\/wp-json\/wp\/v2\/types\/page"}],"author":[{"embeddable":true,"href":"https:\/\/klatix.com\/es_us\/wp-json\/wp\/v2\/users\/1"}],"replies":[{"embeddable":true,"href":"https:\/\/klatix.com\/es_us\/wp-json\/wp\/v2\/comments?post=456"}],"version-history":[{"count":1,"href":"https:\/\/klatix.com\/es_us\/wp-json\/wp\/v2\/pages\/456\/revisions"}],"predecessor-version":[{"id":457,"href":"https:\/\/klatix.com\/es_us\/wp-json\/wp\/v2\/pages\/456\/revisions\/457"}],"wp:attachment":[{"href":"https:\/\/klatix.com\/es_us\/wp-json\/wp\/v2\/media?parent=456"}],"curies":[{"name":"wp","href":"https:\/\/api.w.org\/{rel}","templated":true}]}}